{"id":11,"date":"2017-01-21T15:06:07","date_gmt":"2017-01-21T15:06:07","guid":{"rendered":"http:\/\/nowa.promistech.pl\/?page_id=11"},"modified":"2025-02-06T11:24:11","modified_gmt":"2025-02-06T11:24:11","slug":"kontakt","status":"publish","type":"page","link":"https:\/\/www.promistech.pl\/?page_id=11","title":{"rendered":"Kontakt"},"content":{"rendered":"\n<h3 class=\"wp-block-heading has-text-align-center\"><span style=\"text-decoration: underline;\">SIEDZIBA FIRMY<\/span><\/h3>\n\n\n\n<div class=\"wp-block-group\"><div class=\"wp-block-group__inner-container is-layout-constrained wp-block-group-is-layout-constrained\">\n<p class=\"has-text-align-center has-medium-font-size\"><strong>PROMIS-TECH Sp. z o.o.<\/strong><br>ul. Danuty Siedzik\u00f3wny 14<br>51-214 Wroc\u0142aw<\/p>\n\n\n\n<p class=\"has-text-align-center\">+48 71 344 70 78<\/p>\n\n\n\n<p class=\"has-text-align-center\"><a href=\"mailto:biuro@promistech.pl\">biuro@promistech.pl<\/a><\/p>\n<\/div><\/div>\n\n\n\n<hr class=\"wp-block-separator aligncenter has-alpha-channel-opacity\"\/>\n\n\n\n<p class=\"has-text-align-center\"><strong>PREZES FIRMY<\/strong><\/p>\n\n\n\n<p class=\"has-text-align-center\">dr in\u017c. Ryszard Parosa<\/p>\n\n\n\n<p class=\"has-text-align-center\"><em>+48 506 089 181<br><em><a href=\"mailto:ryszard.parosa@promistech.pl\">ryszard.parosa@promistech.pl<\/a><\/em><\/em><\/p>\n\n\n\n<hr class=\"wp-block-separator has-alpha-channel-opacity\"\/>\n\n\n\n<div class=\"wp-block-columns is-layout-flex wp-container-core-columns-is-layout-9d6595d7 wp-block-columns-is-layout-flex\">\n<div class=\"wp-block-column is-layout-flow wp-block-column-is-layout-flow\">\n<div class=\"wp-block-group\"><div class=\"wp-block-group__inner-container is-layout-constrained wp-block-group-is-layout-constrained\">\n<p class=\"has-text-align-center\"><strong>BIURO<\/strong><\/p>\n\n\n\n<p class=\"has-text-align-center\">Agnieszka Marciniuk<\/p>\n\n\n\n<p class=\"has-text-align-center\">+48 798 301 410<\/p>\n\n\n\n<p class=\"has-text-align-center\"><a href=\"mailto:biuro@promistech.pl\">biuro@promistech.pl<\/a><\/p>\n<\/div><\/div>\n\n\n\n<hr class=\"wp-block-separator has-alpha-channel-opacity\"\/>\n\n\n\n<p class=\"has-text-align-center\"><strong>DZIA\u0141 TECHNICZNY<br>I SERWIS<\/strong><\/p>\n\n\n\n<p class=\"has-text-align-center\">Pawe\u0142 Rabajczyk<\/p>\n\n\n\n<p class=\"has-text-align-center\">+48 722 317 633<\/p>\n\n\n\n<p class=\"has-text-align-center\"><a href=\"mailto:pawel.rabajczyk@promistech.pl\">pawel.rabajczyk@promistech.pl<\/a><\/p>\n<\/div>\n\n\n\n<div class=\"wp-block-column is-layout-flow wp-block-column-is-layout-flow\">\n<p class=\"has-text-align-center\"><strong>OFERTOWANIE<\/strong><\/p>\n\n\n\n<p class=\"has-text-align-center\">mgr in\u017c. Rafa\u0142 Muraszkowski<\/p>\n\n\n\n<p class=\"has-text-align-center\">+48 609 568 115<\/p>\n\n\n\n<p class=\"has-text-align-center\"><a href=\"mailto:rafal.muraszkowski@promistech.pl\">rafal.muraszkowski@promistech.pl<\/a><\/p>\n\n\n\n<hr class=\"wp-block-separator has-alpha-channel-opacity\"\/>\n\n\n\n<p class=\"has-text-align-center\"><strong>TECHNOLOGIE SUSZARNICZE, CHEMICZNE<br>I OPTYMALIZACJA PROCES\u00d3W<\/strong><\/p>\n\n\n\n<p class=\"has-text-align-center\">dr&nbsp;in\u017c.&nbsp;Joanna Majerska<\/p>\n\n\n\n<p class=\"has-text-align-center\">+48 538 375 778<\/p>\n\n\n\n<p class=\"has-text-align-center\"><a href=\"mailto:joanna.majerska@promistech.pl\">joanna.majerska@promistech.pl<\/a><\/p>\n<\/div>\n<\/div>\n\n\n\n<hr class=\"wp-block-separator has-alpha-channel-opacity\"\/>\n\n\n\n<p><\/p>\n","protected":false},"excerpt":{"rendered":"<p>SIEDZIBA FIRMY PROMIS-TECH Sp. z o.o.ul. Danuty Siedzik\u00f3wny 1451-214 Wroc\u0142aw +48 71 344 70 78 biuro@promistech.pl PREZES FIRMY dr in\u017c. Ryszard Parosa +48 506 089 181ryszard.parosa@promistech.pl BIURO Agnieszka Marciniuk +48 798 301 410 biuro@promistech.pl DZIA\u0141 TECHNICZNYI SERWIS Pawe\u0142 Rabajczyk +48 722 317 633 pawel.rabajczyk@promistech.pl OFERTOWANIE mgr in\u017c. Rafa\u0142 Muraszkowski +48 609 568 115 rafal.muraszkowski@promistech.pl TECHNOLOGIE SUSZARNICZE, CHEMICZNEI OPTYMALIZACJA PROCES\u00d3W dr&nbsp;in\u017c.&nbsp;Joanna &hellip; <\/p>\n","protected":false},"author":2,"featured_media":0,"parent":0,"menu_order":6,"comment_status":"closed","ping_status":"closed","template":"","meta":{"_eb_attr":"","ngg_post_thumbnail":0,"footnotes":""},"class_list":["post-11","page","type-page","status-publish","hentry"],"_links":{"self":[{"href":"https:\/\/www.promistech.pl\/index.php?rest_route=\/wp\/v2\/pages\/11","targetHints":{"allow":["GET"]}}],"collection":[{"href":"https:\/\/www.promistech.pl\/index.php?rest_route=\/wp\/v2\/pages"}],"about":[{"href":"https:\/\/www.promistech.pl\/index.php?rest_route=\/wp\/v2\/types\/page"}],"author":[{"embeddable":true,"href":"https:\/\/www.promistech.pl\/index.php?rest_route=\/wp\/v2\/users\/2"}],"replies":[{"embeddable":true,"href":"https:\/\/www.promistech.pl\/index.php?rest_route=%2Fwp%2Fv2%2Fcomments&post=11"}],"version-history":[{"count":40,"href":"https:\/\/www.promistech.pl\/index.php?rest_route=\/wp\/v2\/pages\/11\/revisions"}],"predecessor-version":[{"id":2618,"href":"https:\/\/www.promistech.pl\/index.php?rest_route=\/wp\/v2\/pages\/11\/revisions\/2618"}],"wp:attachment":[{"href":"https:\/\/www.promistech.pl\/index.php?rest_route=%2Fwp%2Fv2%2Fmedia&parent=11"}],"curies":[{"name":"wp","href":"https:\/\/api.w.org\/{rel}","templated":true}]}}