{"id":1174,"date":"2024-03-21T13:04:21","date_gmt":"2024-03-21T13:04:21","guid":{"rendered":"http:\/\/www.promistech.pl\/?page_id=1174"},"modified":"2024-05-08T05:51:04","modified_gmt":"2024-05-08T05:51:04","slug":"hybrydowa-suszarnia-do-materialow-ogniotrwalych-2","status":"publish","type":"page","link":"https:\/\/www.promistech.pl\/?page_id=1174","title":{"rendered":"Hybrydowa suszarnia do materia\u0142\u00f3w ogniotrwa\u0142ych"},"content":{"rendered":"\n<p>Mikrofalowa suszarnia hybrydowa jest urz\u0105dzeniem umozliwiaj\u0105cym suszenie i badanie proces\u00f3w suszenia materia\u0142\u00f3w ogniotrwa\u0142ych metod\u0105 mikrofalowo-konwekcyjn\u0105. Proces prowadzony jest w komorze procesowej przy u\u017cyciu przep\u0142ywaj\u0105cego, gor\u0105cego powietrza oraz dodatkowo wspomagany energi\u0105 mikrofalow\u0105 emitowan\u0105 z sze\u015bciu generator\u00f3w mikrofalowych. Synergizm dzia\u0142ania mikrofal i powietrza pozwala na kilkukrotne skr\u00f3cenie czasu suszenia.<\/p>\n\n\n\n<div class=\"wp-block-columns is-layout-flex wp-container-core-columns-is-layout-9d6595d7 wp-block-columns-is-layout-flex\">\n<div class=\"wp-block-column is-layout-flow wp-block-column-is-layout-flow\" style=\"flex-basis:66.66%\">\n<p class=\"has-text-align-center\"><strong>Parametry techniczne urz\u0105dzenia<\/strong><\/p>\n\n\n\n<figure class=\"wp-block-table\"><table><tbody><tr><td>Obs\u0142uga<\/td><td>jednoosobowa<\/td><\/tr><tr><td>Zasilanie<\/td><td>3 x 400 V, 50 Hz, ok. 30 kVA (max.)<\/td><\/tr><tr><td>Sterowanie<\/td><td>automatyczne: sterownik programowalny<\/td><\/tr><tr><td>Maksymalny rozmiary suszonych kszta\u0142tek<\/td><td>650 mm x 600 mm x 300 mm<\/td><\/tr><tr><td>Moc mikrofal<\/td><td>6 x 1000 W<\/td><\/tr><tr><td>Regulacja mocy mikrofal<\/td><td>w zakresie mocy 0%\/50%\/100%<\/td><\/tr><tr><td>Cz\u0119stotliwo\u015b\u0107 mikrofal<\/td><td>2,45 GHz<\/td><\/tr><tr><td>Moc nagrzewnicy powietrza<\/td><td>max. 19,5 kW<\/td><\/tr><tr><td>Regulacja temperatury powietrza<\/td><td>od 20\u00b0C do 130\u00b0C<\/td><\/tr><\/tbody><\/table><\/figure>\n<\/div>\n\n\n\n<div class=\"wp-block-column is-layout-flow wp-block-column-is-layout-flow\" style=\"flex-basis:33.33%\">\n<p class=\"has-text-align-center\"><strong>Galeria<\/strong><\/p>\n\n\n\nngg_shortcode_0_placeholder\n<\/div>\n<\/div>\n\n\n\n<div class=\"wp-block-columns is-layout-flex wp-container-core-columns-is-layout-9d6595d7 wp-block-columns-is-layout-flex\">\n<div class=\"wp-block-column is-layout-flow wp-block-column-is-layout-flow\" style=\"flex-basis:25%\">\n<div class=\"wp-block-buttons is-layout-flex wp-block-buttons-is-layout-flex\">\n<div class=\"wp-block-button\"><a class=\"wp-block-button__link wp-element-button\" href=\"https:\/\/www.promistech.pl\/?page_id=1310\">Poprzednie<\/a><\/div>\n<\/div>\n<\/div>\n\n\n\n<div class=\"wp-block-column is-vertically-aligned-center is-layout-flow wp-block-column-is-layout-flow\" style=\"flex-basis:50%\">\n<div class=\"wp-block-buttons is-content-justification-center is-layout-flex wp-container-core-buttons-is-layout-16018d1d wp-block-buttons-is-layout-flex\">\n<div class=\"wp-block-button\"><a class=\"wp-block-button__link wp-element-button\" href=\"http:\/\/www.promistech.pl\/?page_id=20\">Urz\u0105dzenia przemys\u0142owe<\/a><\/div>\n<\/div>\n<\/div>\n\n\n\n<div class=\"wp-block-column is-layout-flow wp-block-column-is-layout-flow\" style=\"flex-basis:25%\">\n<div class=\"wp-block-buttons is-content-justification-right is-layout-flex wp-container-core-buttons-is-layout-765c4724 wp-block-buttons-is-layout-flex\">\n<div class=\"wp-block-button\"><a class=\"wp-block-button__link wp-element-button\" href=\"https:\/\/www.promistech.pl\/?page_id=1187\">Nast\u0119pne<\/a><\/div>\n<\/div>\n<\/div>\n<\/div>\n","protected":false},"excerpt":{"rendered":"<p>Mikrofalowa suszarnia hybrydowa jest urz\u0105dzeniem umozliwiaj\u0105cym suszenie i badanie proces\u00f3w suszenia materia\u0142\u00f3w ogniotrwa\u0142ych metod\u0105 mikrofalowo-konwekcyjn\u0105. Proces prowadzony jest w komorze procesowej przy u\u017cyciu przep\u0142ywaj\u0105cego, gor\u0105cego powietrza oraz dodatkowo wspomagany energi\u0105 mikrofalow\u0105 emitowan\u0105 z sze\u015bciu generator\u00f3w mikrofalowych. Synergizm dzia\u0142ania mikrofal i powietrza pozwala na kilkukrotne skr\u00f3cenie czasu suszenia. Parametry techniczne urz\u0105dzenia Obs\u0142uga jednoosobowa Zasilanie 3 x 400 V, 50 Hz, ok. &hellip; <\/p>\n","protected":false},"author":5,"featured_media":0,"parent":0,"menu_order":0,"comment_status":"closed","ping_status":"closed","template":"","meta":{"_eb_attr":"","ngg_post_thumbnail":0,"footnotes":""},"class_list":["post-1174","page","type-page","status-publish","hentry"],"_links":{"self":[{"href":"https:\/\/www.promistech.pl\/index.php?rest_route=\/wp\/v2\/pages\/1174","targetHints":{"allow":["GET"]}}],"collection":[{"href":"https:\/\/www.promistech.pl\/index.php?rest_route=\/wp\/v2\/pages"}],"about":[{"href":"https:\/\/www.promistech.pl\/index.php?rest_route=\/wp\/v2\/types\/page"}],"author":[{"embeddable":true,"href":"https:\/\/www.promistech.pl\/index.php?rest_route=\/wp\/v2\/users\/5"}],"replies":[{"embeddable":true,"href":"https:\/\/www.promistech.pl\/index.php?rest_route=%2Fwp%2Fv2%2Fcomments&post=1174"}],"version-history":[{"count":10,"href":"https:\/\/www.promistech.pl\/index.php?rest_route=\/wp\/v2\/pages\/1174\/revisions"}],"predecessor-version":[{"id":2359,"href":"https:\/\/www.promistech.pl\/index.php?rest_route=\/wp\/v2\/pages\/1174\/revisions\/2359"}],"wp:attachment":[{"href":"https:\/\/www.promistech.pl\/index.php?rest_route=%2Fwp%2Fv2%2Fmedia&parent=1174"}],"curies":[{"name":"wp","href":"https:\/\/api.w.org\/{rel}","templated":true}]}}