{"id":1187,"date":"2024-03-21T13:27:10","date_gmt":"2024-03-21T13:27:10","guid":{"rendered":"http:\/\/www.promistech.pl\/?page_id=1187"},"modified":"2024-05-08T05:54:43","modified_gmt":"2024-05-08T05:54:43","slug":"system-plazmowy-do-produkcji-wody-wzbogaconej-azotem-2","status":"publish","type":"page","link":"https:\/\/www.promistech.pl\/?page_id=1187","title":{"rendered":"System plazmowy do produkcji wody wzbogaconej azotem"},"content":{"rendered":"\n<div class=\"wp-block-columns is-layout-flex wp-container-core-columns-is-layout-9d6595d7 wp-block-columns-is-layout-flex\">\n<div class=\"wp-block-column is-vertically-aligned-center is-layout-flow wp-block-column-is-layout-flow\" style=\"flex-basis:33.33%\">\n<p>System plazmowy przeznaczony do wzbogacania wody azotem. W wyniku kontaktu powietrza z powstaj\u0105c\u0105 silnie nier\u00f3wnowagow\u0105 plazm\u0105 i promieniowaniem UV dochodzi do utworzenia aktywnych form azotu w formie tlenk\u00f3w azotu. Powsta\u0142a mieszania gaz\u00f3w jest t\u0142oczona pod wod\u0119. Tlenki azotu ulegaj\u0105c absorpcji w wodzie przechodz\u0105 w jony azotanowe i azotynowe &#8211; g\u0142\u00f3wne \u017ar\u00f3d\u0142o azotu w nawozach.<\/p>\n<\/div>\n\n\n\n<div class=\"wp-block-column is-layout-flow wp-block-column-is-layout-flow\" style=\"flex-basis:66.66%\">\n<p class=\"has-text-align-center\"><strong>Parametry techniczne urz\u0105dzenia<\/strong><\/p>\n\n\n\n<figure class=\"wp-block-table\"><table><tbody><tr><td>Napi\u0119cie<\/td><td>3 x 400 V, 50 Hz<\/td><\/tr><tr><td>Maksymalna moc<\/td><td>30 kW<\/td><\/tr><tr><td>Wyj\u015bcie<\/td><td>300-600 V, 0-40 A (automatyczne dopasowanie)<\/td><\/tr><tr><td>Obs\u0142uga<\/td><td>manualna<\/td><\/tr><\/tbody><\/table><\/figure>\n<\/div>\n<\/div>\n\n\n\n<div class=\"wp-block-columns is-layout-flex wp-container-core-columns-is-layout-9d6595d7 wp-block-columns-is-layout-flex\">\n<div class=\"wp-block-column is-layout-flow wp-block-column-is-layout-flow\" style=\"flex-basis:25%\">\n<div class=\"wp-block-buttons is-layout-flex wp-block-buttons-is-layout-flex\">\n<div class=\"wp-block-button\"><a class=\"wp-block-button__link wp-element-button\" href=\"https:\/\/www.promistech.pl\/?page_id=1174\">Poprzednie<\/a><\/div>\n<\/div>\n<\/div>\n\n\n\n<div class=\"wp-block-column is-vertically-aligned-center is-layout-flow wp-block-column-is-layout-flow\" style=\"flex-basis:50%\">\n<div class=\"wp-block-buttons is-content-justification-center is-layout-flex wp-container-core-buttons-is-layout-16018d1d wp-block-buttons-is-layout-flex\">\n<div class=\"wp-block-button\"><a class=\"wp-block-button__link wp-element-button\" href=\"http:\/\/www.promistech.pl\/?page_id=20\">Urz\u0105dzenia przemys\u0142owe<\/a><\/div>\n<\/div>\n<\/div>\n\n\n\n<div class=\"wp-block-column is-layout-flow wp-block-column-is-layout-flow\" style=\"flex-basis:25%\">\n<div class=\"wp-block-buttons is-content-justification-right is-layout-flex wp-container-core-buttons-is-layout-765c4724 wp-block-buttons-is-layout-flex\">\n<div class=\"wp-block-button\"><a class=\"wp-block-button__link wp-element-button\" href=\"https:\/\/www.promistech.pl\/?page_id=1229\">Nast\u0119pne<\/a><\/div>\n<\/div>\n<\/div>\n<\/div>\n","protected":false},"excerpt":{"rendered":"<p>System plazmowy przeznaczony do wzbogacania wody azotem. W wyniku kontaktu powietrza z powstaj\u0105c\u0105 silnie nier\u00f3wnowagow\u0105 plazm\u0105 i promieniowaniem UV dochodzi do utworzenia aktywnych form azotu w formie tlenk\u00f3w azotu. Powsta\u0142a mieszania gaz\u00f3w jest t\u0142oczona pod wod\u0119. Tlenki azotu ulegaj\u0105c absorpcji w wodzie przechodz\u0105 w jony azotanowe i azotynowe &#8211; g\u0142\u00f3wne \u017ar\u00f3d\u0142o azotu w nawozach. Parametry techniczne urz\u0105dzenia Napi\u0119cie 3 x &hellip; <\/p>\n","protected":false},"author":5,"featured_media":0,"parent":0,"menu_order":0,"comment_status":"closed","ping_status":"closed","template":"","meta":{"_eb_attr":"","ngg_post_thumbnail":0,"footnotes":""},"class_list":["post-1187","page","type-page","status-publish","hentry"],"_links":{"self":[{"href":"https:\/\/www.promistech.pl\/index.php?rest_route=\/wp\/v2\/pages\/1187","targetHints":{"allow":["GET"]}}],"collection":[{"href":"https:\/\/www.promistech.pl\/index.php?rest_route=\/wp\/v2\/pages"}],"about":[{"href":"https:\/\/www.promistech.pl\/index.php?rest_route=\/wp\/v2\/types\/page"}],"author":[{"embeddable":true,"href":"https:\/\/www.promistech.pl\/index.php?rest_route=\/wp\/v2\/users\/5"}],"replies":[{"embeddable":true,"href":"https:\/\/www.promistech.pl\/index.php?rest_route=%2Fwp%2Fv2%2Fcomments&post=1187"}],"version-history":[{"count":6,"href":"https:\/\/www.promistech.pl\/index.php?rest_route=\/wp\/v2\/pages\/1187\/revisions"}],"predecessor-version":[{"id":2360,"href":"https:\/\/www.promistech.pl\/index.php?rest_route=\/wp\/v2\/pages\/1187\/revisions\/2360"}],"wp:attachment":[{"href":"https:\/\/www.promistech.pl\/index.php?rest_route=%2Fwp%2Fv2%2Fmedia&parent=1187"}],"curies":[{"name":"wp","href":"https:\/\/api.w.org\/{rel}","templated":true}]}}