{"id":1205,"date":"2024-03-21T19:56:47","date_gmt":"2024-03-21T19:56:47","guid":{"rendered":"http:\/\/www.promistech.pl\/?page_id=1205"},"modified":"2024-08-20T11:32:46","modified_gmt":"2024-08-20T11:32:46","slug":"mikrofalowa-suszarnia-pulso-fluidalna-2","status":"publish","type":"page","link":"https:\/\/www.promistech.pl\/?page_id=1205","title":{"rendered":"Suszarnia pulso-fluidyzacyjna wspomagana mikrofalami"},"content":{"rendered":"\n<div class=\"wp-block-columns is-layout-flex wp-container-core-columns-is-layout-9d6595d7 wp-block-columns-is-layout-flex\">\n<div class=\"wp-block-column is-layout-flow wp-block-column-is-layout-flow\">\n<p class=\"has-text-align-center\"><strong>Opis<\/strong><\/p>\n\n\n\n<p>Suszarnia pulsofluidyzacyjna zosta\u0142a stworzona na potrzeby wysuszenia wybranych larw owad\u00f3w, natomiast z powodzeniem mo\u017cna stosowa\u0107 j\u0105 do materia\u0142\u00f3w sypkich i tych o zwartej strukturze. W komorze procesowej nast\u0119puje utworzenie z\u0142o\u017ca fluidalnego pulsuj\u0105cego, kt\u00f3re unosi materia\u0142. Dodatkowo w trakcie procesu wykorzystuje si\u0119 oddzia\u0142ywanie mikrofal i gor\u0105cego powietrza \u2013 w obiegu zamkni\u0119tym, co u\u0142atwia usuwanie wody z warstw wewn\u0119trznych i zewn\u0119trznych materia\u0142u. Zmniejszaj\u0105ca si\u0119 wilgotno\u015b\u0107 w materiale sprawia, \u017ce jest on unoszony coraz wy\u017cej, dzi\u0119ki czemu bez problemu przemieszcza si\u0119 w stron\u0119 wysypu. Urz\u0105dzenie mo\u017ce pracowa\u0107 w trybie zasypowym, a tak\u017ce ci\u0105g\u0142ym osi\u0105gaj\u0105c wydajno\u015b\u0107 1 t\/h. Ca\u0142o\u015b\u0107 procesu sterowana jest z poziomu panelu operatora ze specjalnym oprogramowaniem, a dodatkowo w trakcie trwania procesu wszystkie parametry s\u0105 rejestrowane.<\/p>\n\n\n\n<p class=\"has-text-align-center\"><strong>Parametry techniczne urz\u0105dzenia<\/strong><\/p>\n\n\n\n<figure class=\"wp-block-table\"><table><tbody><tr><td>Wydajno\u015b\u0107 suszarni<\/td><td>1000 kg\/h<\/td><\/tr><tr><td>Zasilanie<\/td><td>3 x 400 V AC<\/td><\/tr><tr><td>Moc mikrofal<\/td><td>16 x 3 kW, z mo\u017cliwo\u015bci\u0105 nastawy 1, 2 lub 3 kW<\/td><\/tr><tr><td>Cz\u0119stotliwo\u015b\u0107 mikrofal<\/td><td>2,45 GHz<\/td><\/tr><tr><td>Maksymalna temperatura procesu<\/td><td>120\u00b0C<\/td><\/tr><\/tbody><\/table><\/figure>\n<\/div>\n\n\n\n<div class=\"wp-block-column is-layout-flow wp-block-column-is-layout-flow\">\n<p class=\"has-text-align-center\"><strong>Galeria<\/strong><\/p>\n\n\n\nngg_shortcode_0_placeholder\n\n\n\n<p class=\"has-text-align-center\"><strong>Wizualizacja urz\u0105dzenia<\/strong><\/p>\n\n\n\r\n        <div class=\"modelViewerBlock\" data-attributes='{&quot;align&quot;:&quot;center&quot;,&quot;uniqueId&quot;:&quot;model1197&quot;,&quot;currentViewer&quot;:&quot;O3DViewer&quot;,&quot;multiple&quot;:false,&quot;model&quot;:{&quot;modelUrl&quot;:&quot;http:\\\/\\\/www.promistech.pl\\\/wp-content\\\/uploads\\\/2024\\\/03\\\/PF-roboczy-z-osprzetem.glb&quot;,&quot;poster&quot;:&quot;&quot;},&quot;O3DVSettings&quot;:{&quot;isFullscreen&quot;:true,&quot;isPagination&quot;:false,&quot;isNavigation&quot;:true,&quot;camera&quot;:null,&quot;mouseControl&quot;:true},&quot;models&quot;:[],&quot;lazyLoad&quot;:false,&quot;loading&quot;:&quot;auto&quot;,&quot;autoplay&quot;:false,&quot;shadow&quot;:true,&quot;autoRotate&quot;:false,&quot;zoom&quot;:true,&quot;isPagination&quot;:false,&quot;isNavigation&quot;:true,&quot;preload&quot;:&quot;auto&quot;,&quot;rotationPerSecond&quot;:&quot;30&quot;,&quot;mouseControl&quot;:true,&quot;fullscreen&quot;:true,&quot;variant&quot;:false,&quot;loadingPercentage&quot;:false,&quot;progressBar&quot;:true,&quot;rotate&quot;:false,&quot;rotateAlongX&quot;:&quot;0&quot;,&quot;rotateAlongY&quot;:&quot;75&quot;,&quot;exposure&quot;:&quot;1&quot;,&quot;styles&quot;:{&quot;width&quot;:&quot;100%&quot;,&quot;height&quot;:&quot;260px&quot;,&quot;bgColor&quot;:&quot;transparent&quot;,&quot;progressBarColor&quot;:&quot;&quot;},&quot;stylesheet&quot;:null,&quot;additional&quot;:{&quot;ID&quot;:&quot;&quot;,&quot;Class&quot;:&quot;&quot;,&quot;CSS&quot;:&quot;&quot;},&quot;animation&quot;:false,&quot;woo&quot;:false,&quot;selectedAnimation&quot;:&quot;&quot;}'><\/div>\r\n\r\n        \n<\/div>\n<\/div>\n\n\n\n<div class=\"wp-block-columns is-layout-flex wp-container-core-columns-is-layout-9d6595d7 wp-block-columns-is-layout-flex\">\n<div class=\"wp-block-column is-layout-flow wp-block-column-is-layout-flow\" style=\"flex-basis:25%\">\n<div class=\"wp-block-buttons is-layout-flex wp-block-buttons-is-layout-flex\">\n<div class=\"wp-block-button\"><a class=\"wp-block-button__link wp-element-button\" href=\"https:\/\/www.promistech.pl\/?page_id=1788\">Poprzednie<\/a><\/div>\n<\/div>\n<\/div>\n\n\n\n<div class=\"wp-block-column is-vertically-aligned-center is-layout-flow wp-block-column-is-layout-flow\" style=\"flex-basis:50%\">\n<div class=\"wp-block-buttons is-content-justification-center is-layout-flex wp-container-core-buttons-is-layout-16018d1d wp-block-buttons-is-layout-flex\">\n<div class=\"wp-block-button\"><a class=\"wp-block-button__link wp-element-button\" href=\"http:\/\/www.promistech.pl\/?page_id=20\">Urz\u0105dzenia przemys\u0142owe<\/a><\/div>\n<\/div>\n<\/div>\n\n\n\n<div class=\"wp-block-column is-layout-flow wp-block-column-is-layout-flow\" style=\"flex-basis:25%\">\n<div class=\"wp-block-buttons is-content-justification-right is-layout-flex wp-container-core-buttons-is-layout-765c4724 wp-block-buttons-is-layout-flex\">\n<div class=\"wp-block-button\"><a class=\"wp-block-button__link wp-element-button\" href=\"https:\/\/www.promistech.pl\/?page_id=2589\">Nast\u0119pne<\/a><\/div>\n<\/div>\n<\/div>\n<\/div>\n","protected":false},"excerpt":{"rendered":"<p>Opis Suszarnia pulsofluidyzacyjna zosta\u0142a stworzona na potrzeby wysuszenia wybranych larw owad\u00f3w, natomiast z powodzeniem mo\u017cna stosowa\u0107 j\u0105 do materia\u0142\u00f3w sypkich i tych o zwartej strukturze. W komorze procesowej nast\u0119puje utworzenie z\u0142o\u017ca fluidalnego pulsuj\u0105cego, kt\u00f3re unosi materia\u0142. Dodatkowo w trakcie procesu wykorzystuje si\u0119 oddzia\u0142ywanie mikrofal i gor\u0105cego powietrza \u2013 w obiegu zamkni\u0119tym, co u\u0142atwia usuwanie wody z warstw wewn\u0119trznych i zewn\u0119trznych &hellip; <\/p>\n","protected":false},"author":5,"featured_media":0,"parent":0,"menu_order":0,"comment_status":"closed","ping_status":"closed","template":"","meta":{"_eb_attr":"","ngg_post_thumbnail":0,"footnotes":""},"class_list":["post-1205","page","type-page","status-publish","hentry"],"_links":{"self":[{"href":"https:\/\/www.promistech.pl\/index.php?rest_route=\/wp\/v2\/pages\/1205","targetHints":{"allow":["GET"]}}],"collection":[{"href":"https:\/\/www.promistech.pl\/index.php?rest_route=\/wp\/v2\/pages"}],"about":[{"href":"https:\/\/www.promistech.pl\/index.php?rest_route=\/wp\/v2\/types\/page"}],"author":[{"embeddable":true,"href":"https:\/\/www.promistech.pl\/index.php?rest_route=\/wp\/v2\/users\/5"}],"replies":[{"embeddable":true,"href":"https:\/\/www.promistech.pl\/index.php?rest_route=%2Fwp%2Fv2%2Fcomments&post=1205"}],"version-history":[{"count":22,"href":"https:\/\/www.promistech.pl\/index.php?rest_route=\/wp\/v2\/pages\/1205\/revisions"}],"predecessor-version":[{"id":2610,"href":"https:\/\/www.promistech.pl\/index.php?rest_route=\/wp\/v2\/pages\/1205\/revisions\/2610"}],"wp:attachment":[{"href":"https:\/\/www.promistech.pl\/index.php?rest_route=%2Fwp%2Fv2%2Fmedia&parent=1205"}],"curies":[{"name":"wp","href":"https:\/\/api.w.org\/{rel}","templated":true}]}}