{"id":1310,"date":"2024-03-22T11:53:19","date_gmt":"2024-03-22T11:53:19","guid":{"rendered":"http:\/\/www.promistech.pl\/?page_id=1310"},"modified":"2024-04-16T11:29:59","modified_gmt":"2024-04-16T11:29:59","slug":"zestaw-automatycznych-suszarni-mikrofalowo-prozniowych-3","status":"publish","type":"page","link":"https:\/\/www.promistech.pl\/?page_id=1310","title":{"rendered":"Zestaw automatycznych suszarni mikrofalowo-pr\u00f3\u017cniowych"},"content":{"rendered":"\n<div class=\"wp-block-columns is-layout-flex wp-container-core-columns-is-layout-9d6595d7 wp-block-columns-is-layout-flex\">\n<div class=\"wp-block-column is-vertically-aligned-top is-layout-flow wp-block-column-is-layout-flow\">\n<p class=\"has-text-align-center\"><strong>Opis<\/strong><\/p>\n\n\n\n<p>Suszenie owoc\u00f3w i warzyw w pr\u00f3\u017cni za pomoc\u0105 mikrofal przebiega bardzo szybko. Szczeg\u00f3lnie efektywne jest suszenie materia\u0142\u00f3w wst\u0119pnie podsuszonych np. w suszarce pulsofluidalnej. Takie dwuetapowe suszenie pozwala czterokrotnie skr\u00f3ci\u0107 czas suszenia.<\/p>\n\n\n\n<p>Wysuszone produkty maj\u0105 unikalne w\u0142a\u015bciwo\u015bci. Mo\u017cna otrzyma\u0107 produkty o wilgotno\u015bci ni\u017cszej ni\u017c podczas suszenia metodami konwencjonalnymi. Zachodzi proces tzw. puffingu: cz\u0105stki suszonych materia\u0142\u00f3w s\u0105 spulchniane i staj\u0105 si\u0119 porowate, dzi\u0119ki czemu znacznie poprawia si\u0119 zdolno\u015b\u0107 rehydratacji otrzymywanych produkt\u00f3w.<\/p>\n<\/div>\n\n\n\n<div class=\"wp-block-column is-layout-flow wp-block-column-is-layout-flow\">\n<p class=\"has-text-align-center\"><strong>Galeria<\/strong><\/p>\n\n\n\nngg_shortcode_0_placeholder\n<\/div>\n<\/div>\n\n\n\n<div class=\"wp-block-columns is-layout-flex wp-container-core-columns-is-layout-9d6595d7 wp-block-columns-is-layout-flex\">\n<div class=\"wp-block-column is-layout-flow wp-block-column-is-layout-flow\" style=\"flex-basis:25%\">\n<div class=\"wp-block-buttons is-layout-flex wp-block-buttons-is-layout-flex\">\n<div class=\"wp-block-button\"><a class=\"wp-block-button__link wp-element-button\" href=\"https:\/\/www.promistech.pl\/?page_id=1191\">Poprzednie<\/a><\/div>\n<\/div>\n<\/div>\n\n\n\n<div class=\"wp-block-column is-vertically-aligned-center is-layout-flow wp-block-column-is-layout-flow\" style=\"flex-basis:50%\">\n<div class=\"wp-block-buttons is-content-justification-center is-layout-flex wp-container-core-buttons-is-layout-16018d1d wp-block-buttons-is-layout-flex\">\n<div class=\"wp-block-button\"><a class=\"wp-block-button__link wp-element-button\" href=\"http:\/\/www.promistech.pl\/?page_id=20\">Urz\u0105dzenia przemys\u0142owe<\/a><\/div>\n<\/div>\n<\/div>\n\n\n\n<div class=\"wp-block-column is-layout-flow wp-block-column-is-layout-flow\" style=\"flex-basis:25%\">\n<div class=\"wp-block-buttons is-content-justification-right is-layout-flex wp-container-core-buttons-is-layout-765c4724 wp-block-buttons-is-layout-flex\">\n<div class=\"wp-block-button\"><a class=\"wp-block-button__link wp-element-button\" href=\"https:\/\/www.promistech.pl\/?page_id=1174\">Nast\u0119pne<\/a><\/div>\n<\/div>\n<\/div>\n<\/div>\n","protected":false},"excerpt":{"rendered":"<p>Opis Suszenie owoc\u00f3w i warzyw w pr\u00f3\u017cni za pomoc\u0105 mikrofal przebiega bardzo szybko. Szczeg\u00f3lnie efektywne jest suszenie materia\u0142\u00f3w wst\u0119pnie podsuszonych np. w suszarce pulsofluidalnej. Takie dwuetapowe suszenie pozwala czterokrotnie skr\u00f3ci\u0107 czas suszenia. Wysuszone produkty maj\u0105 unikalne w\u0142a\u015bciwo\u015bci. Mo\u017cna otrzyma\u0107 produkty o wilgotno\u015bci ni\u017cszej ni\u017c podczas suszenia metodami konwencjonalnymi. Zachodzi proces tzw. puffingu: cz\u0105stki suszonych materia\u0142\u00f3w s\u0105 spulchniane i staj\u0105 si\u0119 &hellip; <\/p>\n","protected":false},"author":5,"featured_media":0,"parent":0,"menu_order":0,"comment_status":"closed","ping_status":"closed","template":"","meta":{"_eb_attr":"","ngg_post_thumbnail":0,"footnotes":""},"class_list":["post-1310","page","type-page","status-publish","hentry"],"_links":{"self":[{"href":"https:\/\/www.promistech.pl\/index.php?rest_route=\/wp\/v2\/pages\/1310","targetHints":{"allow":["GET"]}}],"collection":[{"href":"https:\/\/www.promistech.pl\/index.php?rest_route=\/wp\/v2\/pages"}],"about":[{"href":"https:\/\/www.promistech.pl\/index.php?rest_route=\/wp\/v2\/types\/page"}],"author":[{"embeddable":true,"href":"https:\/\/www.promistech.pl\/index.php?rest_route=\/wp\/v2\/users\/5"}],"replies":[{"embeddable":true,"href":"https:\/\/www.promistech.pl\/index.php?rest_route=%2Fwp%2Fv2%2Fcomments&post=1310"}],"version-history":[{"count":10,"href":"https:\/\/www.promistech.pl\/index.php?rest_route=\/wp\/v2\/pages\/1310\/revisions"}],"predecessor-version":[{"id":1740,"href":"https:\/\/www.promistech.pl\/index.php?rest_route=\/wp\/v2\/pages\/1310\/revisions\/1740"}],"wp:attachment":[{"href":"https:\/\/www.promistech.pl\/index.php?rest_route=%2Fwp%2Fv2%2Fmedia&parent=1310"}],"curies":[{"name":"wp","href":"https:\/\/api.w.org\/{rel}","templated":true}]}}