{"id":132,"date":"2017-02-01T13:17:39","date_gmt":"2017-02-01T13:17:39","guid":{"rendered":"http:\/\/nowa.promistech.pl\/?page_id=132"},"modified":"2024-05-08T06:07:41","modified_gmt":"2024-05-08T06:07:41","slug":"mikrofalowy-reaktor-plazmowy-do-oczyszczania-gazow","status":"publish","type":"page","link":"https:\/\/www.promistech.pl\/?page_id=132","title":{"rendered":"Mikrofalowy reaktor plazmowy do oczyszczania gaz\u00f3w"},"content":{"rendered":"\n<p class=\"has-text-align-left\">Laboratoryjny reaktor plazmowy zosta\u0142 zaprojektowany i wyprodukowany dla Wydzia\u0142u Mechaniczno-Energetycznego Politechniki Wroc\u0142awskiej (Zak\u0142ad Kot\u0142\u00f3w, Spalania i Proces\u00f3w Energetycznych). Urz\u0105dzenie jest prototypem aktualnie powstaj\u0105cego urz\u0105dzenia plazmowego do oczyszczania gaz\u00f3w procesowych ze smo\u0142y. Istota procesu tkwi w wysokotemperaturowej plazmie i powstaj\u0105cych wolnych rodnikach, jonach i wysokoenergetycznych elektronach kt\u00f3re maj\u0105 zdolno\u015b\u0107 do przecinania d\u0142ugich \u0142a\u0144cuch\u00f3w w\u0119glowodorowych na kr\u00f3tsze. Mikrofalowa plazma w ci\u015bnieniu atmosferycznym mo\u017ce osi\u0105ga\u0107 temperatur\u0119 rz\u0119du 2000-6000 K.<\/p>\n\n\n\n<p>Gaz syntezowy wporwadzany jest do rury procesowej w spos\u00f3b wirowy dzi\u0119ki specjalnie zaprojektowanej g\u0142owicy, gdzie nast\u0119puje zap\u0142on plazmy. Wdmuchiwana jest ona do rurki kwarcowej. D\u0142ugo\u015b\u0107 j\u0119zyka plazmy w zale\u017cno\u015bci od sk\u0142adu surowca zmienia si\u0119 w zakresie 15 do 50 cm. Urz\u0105dzenie wyposa\u017cone jest w uk\u0142ady stroj\u0105ce dopasowanie mikrofalowe w zale\u017cno\u015bci od warunk\u00f3w pracy. Reflektometr wskazuje aktualne warto\u015bci mocy fali wej\u015bciowej i odbitej. G\u0142owica i cyrkulatory ch\u0142odzone s\u0105 wod\u0105, a generatory powietrzem. Dodatkowo rurka kwarcowa jest wych\u0142adzana trzema wentylatorami.<\/p>\n\n\n\n<div class=\"wp-block-columns is-layout-flex wp-container-core-columns-is-layout-9d6595d7 wp-block-columns-is-layout-flex\">\n<div class=\"wp-block-column is-layout-flow wp-block-column-is-layout-flow\" style=\"flex-basis:66.66%\">\n<p class=\"has-text-align-center\"><strong>Parametry techniczne urz\u0105dzenia<\/strong><\/p>\n\n\n\n<figure class=\"wp-block-table\"><table><tbody><tr><td>Moc mikrofalowa<\/td><td>4 kW<\/td><\/tr><tr><td>Cz\u0119stotliwo\u015b\u0107 mikrofal<\/td><td>f = 2,45 GHz <\/td><\/tr><tr><td>Nat\u0119\u017cenie przep\u0142ywu gazu<\/td><td>1 do 10 m<sup>3<\/sup>\/h<\/td><\/tr><tr><td>Rura kwarcowa<\/td><td>\u03a630 x 2 mm, d\u0142. 600 mm<\/td><\/tr><tr><td>Liczba magnetron\u00f3w<\/td><td>2<\/td><\/tr><tr><td>Liczba cyrkulator\u00f3w<\/td><td>2<\/td><\/tr><tr><td>Liczba reflektometr\u00f3w mikrofalowych<\/td><td>1<\/td><\/tr><tr><td>Dodatkowe cechy<\/td><td>kr\u00f3ciec dolotowy na gazy poprocesowe do bada\u0144<\/td><\/tr><\/tbody><\/table><\/figure>\n<\/div>\n\n\n\n<div class=\"wp-block-column is-layout-flow wp-block-column-is-layout-flow\" style=\"flex-basis:33.33%\">\n<p class=\"has-text-align-center\"><strong>Wizualizacja g\u0142owicy plazmowej<\/strong><\/p>\n\n\n\r\n        <div class=\"modelViewerBlock\" data-attributes='{&quot;align&quot;:&quot;center&quot;,&quot;uniqueId&quot;:&quot;model1122&quot;,&quot;currentViewer&quot;:&quot;O3DViewer&quot;,&quot;multiple&quot;:false,&quot;model&quot;:{&quot;modelUrl&quot;:&quot;http:\\\/\\\/www.promistech.pl\\\/wp-content\\\/uploads\\\/2024\\\/03\\\/plazma_pwr.stl&quot;,&quot;poster&quot;:&quot;&quot;},&quot;O3DVSettings&quot;:{&quot;isFullscreen&quot;:true,&quot;isPagination&quot;:false,&quot;isNavigation&quot;:true,&quot;camera&quot;:null,&quot;mouseControl&quot;:true},&quot;models&quot;:[],&quot;lazyLoad&quot;:false,&quot;loading&quot;:&quot;auto&quot;,&quot;autoplay&quot;:false,&quot;shadow&quot;:true,&quot;autoRotate&quot;:false,&quot;zoom&quot;:true,&quot;isPagination&quot;:false,&quot;isNavigation&quot;:true,&quot;preload&quot;:&quot;auto&quot;,&quot;rotationPerSecond&quot;:&quot;30&quot;,&quot;mouseControl&quot;:true,&quot;fullscreen&quot;:true,&quot;variant&quot;:false,&quot;loadingPercentage&quot;:false,&quot;progressBar&quot;:true,&quot;rotate&quot;:false,&quot;rotateAlongX&quot;:&quot;0&quot;,&quot;rotateAlongY&quot;:&quot;75&quot;,&quot;exposure&quot;:&quot;1&quot;,&quot;styles&quot;:{&quot;width&quot;:&quot;150%&quot;,&quot;height&quot;:&quot;500px&quot;,&quot;bgColor&quot;:&quot;transparent&quot;,&quot;progressBarColor&quot;:&quot;&quot;},&quot;stylesheet&quot;:null,&quot;additional&quot;:{&quot;ID&quot;:&quot;&quot;,&quot;Class&quot;:&quot;&quot;,&quot;CSS&quot;:&quot;&quot;},&quot;animation&quot;:false,&quot;woo&quot;:false,&quot;selectedAnimation&quot;:&quot;&quot;}'><\/div>\r\n\r\n        \n<\/div>\n<\/div>\n\n\n\n<div class=\"wp-block-columns is-layout-flex wp-container-core-columns-is-layout-9d6595d7 wp-block-columns-is-layout-flex\">\n<div class=\"wp-block-column is-layout-flow wp-block-column-is-layout-flow\" style=\"flex-basis:25%\">\n<div class=\"wp-block-buttons is-layout-flex wp-block-buttons-is-layout-flex\">\n<div class=\"wp-block-button\"><a class=\"wp-block-button__link wp-element-button\" href=\"https:\/\/www.promistech.pl\/?page_id=1392\">Poprzednie<\/a><\/div>\n<\/div>\n<\/div>\n\n\n\n<div class=\"wp-block-column is-vertically-aligned-center is-layout-flow wp-block-column-is-layout-flow\" style=\"flex-basis:50%\">\n<div class=\"wp-block-buttons is-content-justification-center is-layout-flex wp-container-core-buttons-is-layout-16018d1d wp-block-buttons-is-layout-flex\">\n<div class=\"wp-block-button\"><a class=\"wp-block-button__link wp-element-button\" href=\"http:\/\/www.promistech.pl\/?page_id=13\">Urz\u0105dzenia laboratoryjne<\/a><\/div>\n<\/div>\n<\/div>\n\n\n\n<div class=\"wp-block-column is-layout-flow wp-block-column-is-layout-flow\" style=\"flex-basis:25%\">\n<div class=\"wp-block-buttons is-content-justification-right is-layout-flex wp-container-core-buttons-is-layout-765c4724 wp-block-buttons-is-layout-flex\">\n<div class=\"wp-block-button\"><a class=\"wp-block-button__link wp-element-button\" href=\"https:\/\/www.promistech.pl\/?page_id=1445\">Nast\u0119pne<\/a><\/div>\n<\/div>\n<\/div>\n<\/div>\n","protected":false},"excerpt":{"rendered":"<p>Laboratoryjny reaktor plazmowy zosta\u0142 zaprojektowany i wyprodukowany dla Wydzia\u0142u Mechaniczno-Energetycznego Politechniki Wroc\u0142awskiej (Zak\u0142ad Kot\u0142\u00f3w, Spalania i Proces\u00f3w Energetycznych). Urz\u0105dzenie jest prototypem aktualnie powstaj\u0105cego urz\u0105dzenia plazmowego do oczyszczania gaz\u00f3w procesowych ze smo\u0142y. Istota procesu tkwi w wysokotemperaturowej plazmie i powstaj\u0105cych wolnych rodnikach, jonach i wysokoenergetycznych elektronach kt\u00f3re maj\u0105 zdolno\u015b\u0107 do przecinania d\u0142ugich \u0142a\u0144cuch\u00f3w w\u0119glowodorowych na kr\u00f3tsze. Mikrofalowa plazma w ci\u015bnieniu atmosferycznym &hellip; <\/p>\n","protected":false},"author":2,"featured_media":0,"parent":0,"menu_order":0,"comment_status":"closed","ping_status":"closed","template":"","meta":{"_eb_attr":"","ngg_post_thumbnail":0,"footnotes":""},"class_list":["post-132","page","type-page","status-publish","hentry"],"_links":{"self":[{"href":"https:\/\/www.promistech.pl\/index.php?rest_route=\/wp\/v2\/pages\/132","targetHints":{"allow":["GET"]}}],"collection":[{"href":"https:\/\/www.promistech.pl\/index.php?rest_route=\/wp\/v2\/pages"}],"about":[{"href":"https:\/\/www.promistech.pl\/index.php?rest_route=\/wp\/v2\/types\/page"}],"author":[{"embeddable":true,"href":"https:\/\/www.promistech.pl\/index.php?rest_route=\/wp\/v2\/users\/2"}],"replies":[{"embeddable":true,"href":"https:\/\/www.promistech.pl\/index.php?rest_route=%2Fwp%2Fv2%2Fcomments&post=132"}],"version-history":[{"count":63,"href":"https:\/\/www.promistech.pl\/index.php?rest_route=\/wp\/v2\/pages\/132\/revisions"}],"predecessor-version":[{"id":2363,"href":"https:\/\/www.promistech.pl\/index.php?rest_route=\/wp\/v2\/pages\/132\/revisions\/2363"}],"wp:attachment":[{"href":"https:\/\/www.promistech.pl\/index.php?rest_route=%2Fwp%2Fv2%2Fmedia&parent=132"}],"curies":[{"name":"wp","href":"https:\/\/api.w.org\/{rel}","templated":true}]}}