{"id":1342,"date":"2024-03-22T13:07:22","date_gmt":"2024-03-22T13:07:22","guid":{"rendered":"http:\/\/www.promistech.pl\/?page_id=1342"},"modified":"2024-04-16T11:26:08","modified_gmt":"2024-04-16T11:26:08","slug":"komorowa-suszarnia-mikrofalowo-prozniowa-3","status":"publish","type":"page","link":"https:\/\/www.promistech.pl\/?page_id=1342","title":{"rendered":"Komorowa suszarnia mikrofalowo-pr\u00f3\u017cniowa"},"content":{"rendered":"\n<div class=\"wp-block-columns is-layout-flex wp-container-core-columns-is-layout-9d6595d7 wp-block-columns-is-layout-flex\">\n<div class=\"wp-block-column is-layout-flow wp-block-column-is-layout-flow\">\n<p class=\"has-text-align-center\"><strong>Opis<\/strong><\/p>\n\n\n\n<p>Suszenie przebiega w pr\u00f3\u017cni wewn\u0105trz obrotowego stalowego b\u0119bna. Wewn\u0119trzna powierzchnia b\u0119bna jest ogrzewana gor\u0105c\u0105 wod\u0105. Do wn\u0119trza b\u0119bna doprowadzone s\u0105 mikrofale.<\/p>\n<\/div>\n\n\n\n<div class=\"wp-block-column is-layout-flow wp-block-column-is-layout-flow\">\n<p class=\"has-text-align-center\"><strong>Galeria<\/strong><\/p>\n\n\n\nngg_shortcode_0_placeholder\n<\/div>\n<\/div>\n\n\n\n<div class=\"wp-block-columns is-layout-flex wp-container-core-columns-is-layout-9d6595d7 wp-block-columns-is-layout-flex\">\n<div class=\"wp-block-column is-layout-flow wp-block-column-is-layout-flow\" style=\"flex-basis:25%\">\n<div class=\"wp-block-buttons is-layout-flex wp-block-buttons-is-layout-flex\">\n<div class=\"wp-block-button\"><a class=\"wp-block-button__link wp-element-button\" href=\"http:\/\/www.promistech.pl\/?page_id=1327\">Poprzednie<\/a><\/div>\n<\/div>\n<\/div>\n\n\n\n<div class=\"wp-block-column is-vertically-aligned-center is-layout-flow wp-block-column-is-layout-flow\" style=\"flex-basis:50%\">\n<div class=\"wp-block-buttons is-content-justification-center is-layout-flex wp-container-core-buttons-is-layout-16018d1d wp-block-buttons-is-layout-flex\">\n<div class=\"wp-block-button\"><a class=\"wp-block-button__link wp-element-button\" href=\"http:\/\/www.promistech.pl\/?page_id=20\">Urz\u0105dzenia przemys\u0142owe<\/a><\/div>\n<\/div>\n<\/div>\n\n\n\n<div class=\"wp-block-column is-layout-flow wp-block-column-is-layout-flow\" style=\"flex-basis:25%\">\n<div class=\"wp-block-buttons is-content-justification-right is-layout-flex wp-container-core-buttons-is-layout-765c4724 wp-block-buttons-is-layout-flex\">\n<div class=\"wp-block-button\"><a class=\"wp-block-button__link wp-element-button\" href=\"https:\/\/www.promistech.pl\/?page_id=1191\">Nast\u0119pne<\/a><\/div>\n<\/div>\n<\/div>\n<\/div>\n","protected":false},"excerpt":{"rendered":"<p>Opis Suszenie przebiega w pr\u00f3\u017cni wewn\u0105trz obrotowego stalowego b\u0119bna. Wewn\u0119trzna powierzchnia b\u0119bna jest ogrzewana gor\u0105c\u0105 wod\u0105. Do wn\u0119trza b\u0119bna doprowadzone s\u0105 mikrofale. Galeria<\/p>\n","protected":false},"author":5,"featured_media":0,"parent":0,"menu_order":0,"comment_status":"closed","ping_status":"closed","template":"","meta":{"_eb_attr":"","ngg_post_thumbnail":0,"footnotes":""},"class_list":["post-1342","page","type-page","status-publish","hentry"],"_links":{"self":[{"href":"https:\/\/www.promistech.pl\/index.php?rest_route=\/wp\/v2\/pages\/1342","targetHints":{"allow":["GET"]}}],"collection":[{"href":"https:\/\/www.promistech.pl\/index.php?rest_route=\/wp\/v2\/pages"}],"about":[{"href":"https:\/\/www.promistech.pl\/index.php?rest_route=\/wp\/v2\/types\/page"}],"author":[{"embeddable":true,"href":"https:\/\/www.promistech.pl\/index.php?rest_route=\/wp\/v2\/users\/5"}],"replies":[{"embeddable":true,"href":"https:\/\/www.promistech.pl\/index.php?rest_route=%2Fwp%2Fv2%2Fcomments&post=1342"}],"version-history":[{"count":4,"href":"https:\/\/www.promistech.pl\/index.php?rest_route=\/wp\/v2\/pages\/1342\/revisions"}],"predecessor-version":[{"id":1738,"href":"https:\/\/www.promistech.pl\/index.php?rest_route=\/wp\/v2\/pages\/1342\/revisions\/1738"}],"wp:attachment":[{"href":"https:\/\/www.promistech.pl\/index.php?rest_route=%2Fwp%2Fv2%2Fmedia&parent=1342"}],"curies":[{"name":"wp","href":"https:\/\/api.w.org\/{rel}","templated":true}]}}