{"id":1348,"date":"2024-03-22T13:17:43","date_gmt":"2024-03-22T13:17:43","guid":{"rendered":"http:\/\/www.promistech.pl\/?page_id=1348"},"modified":"2025-03-20T12:59:24","modified_gmt":"2025-03-20T12:59:24","slug":"zasilacz-generatora-mikrofal-2","status":"publish","type":"page","link":"https:\/\/www.promistech.pl\/?page_id=1348","title":{"rendered":"Zasilacz generatora mikrofal"},"content":{"rendered":"\n<div class=\"wp-block-columns is-layout-flex wp-container-core-columns-is-layout-9d6595d7 wp-block-columns-is-layout-flex\">\n<div class=\"wp-block-column is-layout-flow wp-block-column-is-layout-flow\">\n<p class=\"has-text-align-center\"><strong>Opis<\/strong><\/p>\n\n\n\n<p>W zale\u017cno\u015bci od generatora mikrofal proponujemy zasilacze 1000 W, 2000 W oraz 3000 W. Zasilanie 230 V, 50 Hz lub 3&#215;400 V w zale\u017cno\u015bci od modelu. Ca\u0142o\u015b\u0107 wykonana w obudowie ze stali nierdzewnej, czyszczonej piaskowo i polerowanej.<\/p>\n\n\n\n<p class=\"has-text-align-center\"><strong>Parametry techniczne urz\u0105dzenia<\/strong><\/p>\n\n\n\n<figure class=\"wp-block-table\"><table><tbody><tr><td class=\"has-text-align-center\" data-align=\"center\">Moc<\/td><td class=\"has-text-align-center\" data-align=\"center\">1000 W, 2000 W, 3000 W<\/td><\/tr><tr><td class=\"has-text-align-center\" data-align=\"center\">Zasilanie<\/td><td class=\"has-text-align-center\" data-align=\"center\">230 V, 50 Hz lub 3&#215;400 V<\/td><\/tr><tr><td class=\"has-text-align-center\" data-align=\"center\">Obudowa<\/td><td class=\"has-text-align-center\" data-align=\"center\">stal nierdzewna (polerowana)<\/td><\/tr><\/tbody><\/table><\/figure>\n<\/div>\n\n\n\n<div class=\"wp-block-column is-layout-flow wp-block-column-is-layout-flow\">\n<p class=\"has-text-align-center\"><strong>Galeria<\/strong><\/p>\n\n\n\nngg_shortcode_0_placeholder\n<\/div>\n<\/div>\n\n\n\n<div class=\"wp-block-columns is-layout-flex wp-container-core-columns-is-layout-9d6595d7 wp-block-columns-is-layout-flex\">\n<div class=\"wp-block-column is-layout-flow wp-block-column-is-layout-flow\" style=\"flex-basis:25%\">\n<div class=\"wp-block-buttons is-layout-flex wp-block-buttons-is-layout-flex\">\n<div class=\"wp-block-button\"><a class=\"wp-block-button__link wp-element-button\" href=\"https:\/\/www.promistech.pl\/?page_id=2659\">Poprzednie<\/a><\/div>\n<\/div>\n<\/div>\n\n\n\n<div class=\"wp-block-column is-vertically-aligned-center is-layout-flow wp-block-column-is-layout-flow\" style=\"flex-basis:50%\">\n<div class=\"wp-block-buttons is-content-justification-center is-layout-flex wp-container-core-buttons-is-layout-16018d1d wp-block-buttons-is-layout-flex\">\n<div class=\"wp-block-button\"><a class=\"wp-block-button__link wp-element-button\" href=\"http:\/\/www.promistech.pl\/?page_id=20\">Urz\u0105dzenia przemys\u0142owe<\/a><\/div>\n<\/div>\n<\/div>\n\n\n\n<div class=\"wp-block-column is-layout-flow wp-block-column-is-layout-flow\" style=\"flex-basis:25%\">\n<div class=\"wp-block-buttons is-content-justification-right is-layout-flex wp-container-core-buttons-is-layout-765c4724 wp-block-buttons-is-layout-flex\">\n<div class=\"wp-block-button\"><a class=\"wp-block-button__link wp-element-button\" href=\"http:\/\/www.promistech.pl\/?page_id=1370\">Nast\u0119pne<\/a><\/div>\n<\/div>\n<\/div>\n<\/div>\n","protected":false},"excerpt":{"rendered":"<p>Opis W zale\u017cno\u015bci od generatora mikrofal proponujemy zasilacze 1000 W, 2000 W oraz 3000 W. Zasilanie 230 V, 50 Hz lub 3&#215;400 V w zale\u017cno\u015bci od modelu. Ca\u0142o\u015b\u0107 wykonana w obudowie ze stali nierdzewnej, czyszczonej piaskowo i polerowanej. Parametry techniczne urz\u0105dzenia Moc 1000 W, 2000 W, 3000 W Zasilanie 230 V, 50 Hz lub 3&#215;400 V Obudowa stal nierdzewna (polerowana) &hellip; <\/p>\n","protected":false},"author":5,"featured_media":0,"parent":0,"menu_order":0,"comment_status":"closed","ping_status":"closed","template":"","meta":{"_eb_attr":"","ngg_post_thumbnail":0,"footnotes":""},"class_list":["post-1348","page","type-page","status-publish","hentry"],"_links":{"self":[{"href":"https:\/\/www.promistech.pl\/index.php?rest_route=\/wp\/v2\/pages\/1348","targetHints":{"allow":["GET"]}}],"collection":[{"href":"https:\/\/www.promistech.pl\/index.php?rest_route=\/wp\/v2\/pages"}],"about":[{"href":"https:\/\/www.promistech.pl\/index.php?rest_route=\/wp\/v2\/types\/page"}],"author":[{"embeddable":true,"href":"https:\/\/www.promistech.pl\/index.php?rest_route=\/wp\/v2\/users\/5"}],"replies":[{"embeddable":true,"href":"https:\/\/www.promistech.pl\/index.php?rest_route=%2Fwp%2Fv2%2Fcomments&post=1348"}],"version-history":[{"count":11,"href":"https:\/\/www.promistech.pl\/index.php?rest_route=\/wp\/v2\/pages\/1348\/revisions"}],"predecessor-version":[{"id":2687,"href":"https:\/\/www.promistech.pl\/index.php?rest_route=\/wp\/v2\/pages\/1348\/revisions\/2687"}],"wp:attachment":[{"href":"https:\/\/www.promistech.pl\/index.php?rest_route=%2Fwp%2Fv2%2Fmedia&parent=1348"}],"curies":[{"name":"wp","href":"https:\/\/api.w.org\/{rel}","templated":true}]}}