{"id":1392,"date":"2024-03-25T07:07:59","date_gmt":"2024-03-25T07:07:59","guid":{"rendered":"http:\/\/www.promistech.pl\/?page_id=1392"},"modified":"2024-05-23T06:23:19","modified_gmt":"2024-05-23T06:23:19","slug":"suszarka-hybrydowa-sh-i-do-suszenia-materialow-biologicznych","status":"publish","type":"page","link":"https:\/\/www.promistech.pl\/?page_id=1392","title":{"rendered":"Suszarka hybrydowa SH I do suszenia materia\u0142\u00f3w biologicznych"},"content":{"rendered":"\n<div class=\"wp-block-columns is-layout-flex wp-container-core-columns-is-layout-9d6595d7 wp-block-columns-is-layout-flex\">\n<div class=\"wp-block-column is-layout-flow wp-block-column-is-layout-flow\" style=\"flex-basis:66.66%\">\n<p class=\"has-text-align-center\"><strong>Parametry techniczne urz\u0105dzenia<\/strong><\/p>\n\n\n\n<figure class=\"wp-block-table\"><table><tbody><tr><td>Masa pr\u00f3bek<\/td><td>do 1 kg<\/td><\/tr><tr><td>Moc nagrzewnicy powietrza<\/td><td>3 kW<\/td><\/tr><tr><td>Moc mikrofalowa<\/td><td>500 W<\/td><\/tr><tr><td>Moc ultrad\u017awi\u0119k\u00f3w<\/td><td>200 W<\/td><\/tr><tr><td>Dok\u0142adno\u015b\u0107 pomiaru masy materia\u0142u<\/td><td>0,01 g<\/td><\/tr><tr><td>Liczba cykli<\/td><td>do 50<\/td><\/tr><tr><td>Mierzone wielko\u015bci<\/td><td>pr\u0119dko\u015b\u0107 oraz temperatura powietrza wlotowego, wilgotno\u015bci powietrza wlotowego i wylotowego, temperatura pr\u00f3bki<\/td><\/tr><tr><td>Regulowane wielko\u015bci<\/td><td>pr\u0119dko\u015b\u0107 oraz temperatura powietrza wlotowego<\/td><\/tr><tr><td>Rejestracja i eksport danych z programu<\/td><td>do arkusza kalkulacyjnego<\/td><\/tr><\/tbody><\/table><\/figure>\n<\/div>\n\n\n\n<div class=\"wp-block-column is-layout-flow wp-block-column-is-layout-flow\" style=\"flex-basis:33.33%\">\n<p class=\"has-text-align-center\"><strong>Opis<\/strong><\/p>\n\n\n\n<p>Urz\u0105dzenie umo\u017cliwia prowadzenie proces\u00f3w suszenia w skali laboratoryjnej wybranych materia\u0142\u00f3w z wykorzystaniem powietrza o okre\u015blonej temp., wraz ze wspomaganiem<strong> energi\u0105<\/strong> <strong>mikrofalow\u0105 i ultrad\u017awi\u0119kami<\/strong>. Suszenie odbywa si\u0119 na obrotowej szalce, na kt\u00f3rej mo\u017cna roz\u0142o\u017cy\u0107 pr\u00f3bki o maksymalnej masie oko\u0142o 1 kg. Przetwornik ultrad\u017awi\u0119kowy o mocy 200 W umo\u017cliwia transmisj\u0119 ultrad\u017awi\u0119k\u00f3w poprzez powietrze bezpo\u015brednio do warstwy suszonego materia\u0142u.<\/p>\n\n\n\n<p class=\"has-text-align-center\"><strong>Galeria<\/strong><\/p>\n\n\n\nngg_shortcode_0_placeholder\n<\/div>\n<\/div>\n\n\n\n<div class=\"wp-block-columns is-layout-flex wp-container-core-columns-is-layout-9d6595d7 wp-block-columns-is-layout-flex\">\n<div class=\"wp-block-column is-layout-flow wp-block-column-is-layout-flow\" style=\"flex-basis:25%\">\n<div class=\"wp-block-buttons is-layout-flex wp-block-buttons-is-layout-flex\">\n<div class=\"wp-block-button\"><a class=\"wp-block-button__link wp-element-button\" href=\"https:\/\/www.promistech.pl\/?page_id=1421\">Poprzednie<\/a><\/div>\n<\/div>\n<\/div>\n\n\n\n<div class=\"wp-block-column is-vertically-aligned-center is-layout-flow wp-block-column-is-layout-flow\" style=\"flex-basis:50%\">\n<div class=\"wp-block-buttons is-content-justification-center is-layout-flex wp-container-core-buttons-is-layout-16018d1d wp-block-buttons-is-layout-flex\">\n<div class=\"wp-block-button\"><a class=\"wp-block-button__link wp-element-button\" href=\"http:\/\/www.promistech.pl\/?page_id=13\">Urz\u0105dzenia laboratoryjne<\/a><\/div>\n<\/div>\n<\/div>\n\n\n\n<div class=\"wp-block-column is-layout-flow wp-block-column-is-layout-flow\" style=\"flex-basis:25%\">\n<div class=\"wp-block-buttons is-content-justification-right is-layout-flex wp-container-core-buttons-is-layout-765c4724 wp-block-buttons-is-layout-flex\">\n<div class=\"wp-block-button\"><a class=\"wp-block-button__link wp-element-button\" href=\"https:\/\/www.promistech.pl\/?page_id=132\">Nast\u0119pne<\/a><\/div>\n<\/div>\n<\/div>\n<\/div>\n","protected":false},"excerpt":{"rendered":"<p>Parametry techniczne urz\u0105dzenia Masa pr\u00f3bek do 1 kg Moc nagrzewnicy powietrza 3 kW Moc mikrofalowa 500 W Moc ultrad\u017awi\u0119k\u00f3w 200 W Dok\u0142adno\u015b\u0107 pomiaru masy materia\u0142u 0,01 g Liczba cykli do 50 Mierzone wielko\u015bci pr\u0119dko\u015b\u0107 oraz temperatura powietrza wlotowego, wilgotno\u015bci powietrza wlotowego i wylotowego, temperatura pr\u00f3bki Regulowane wielko\u015bci pr\u0119dko\u015b\u0107 oraz temperatura powietrza wlotowego Rejestracja i eksport danych z programu do arkusza &hellip; <\/p>\n","protected":false},"author":5,"featured_media":0,"parent":0,"menu_order":0,"comment_status":"closed","ping_status":"closed","template":"","meta":{"_eb_attr":"","ngg_post_thumbnail":0,"footnotes":""},"class_list":["post-1392","page","type-page","status-publish","hentry"],"_links":{"self":[{"href":"https:\/\/www.promistech.pl\/index.php?rest_route=\/wp\/v2\/pages\/1392","targetHints":{"allow":["GET"]}}],"collection":[{"href":"https:\/\/www.promistech.pl\/index.php?rest_route=\/wp\/v2\/pages"}],"about":[{"href":"https:\/\/www.promistech.pl\/index.php?rest_route=\/wp\/v2\/types\/page"}],"author":[{"embeddable":true,"href":"https:\/\/www.promistech.pl\/index.php?rest_route=\/wp\/v2\/users\/5"}],"replies":[{"embeddable":true,"href":"https:\/\/www.promistech.pl\/index.php?rest_route=%2Fwp%2Fv2%2Fcomments&post=1392"}],"version-history":[{"count":12,"href":"https:\/\/www.promistech.pl\/index.php?rest_route=\/wp\/v2\/pages\/1392\/revisions"}],"predecessor-version":[{"id":2529,"href":"https:\/\/www.promistech.pl\/index.php?rest_route=\/wp\/v2\/pages\/1392\/revisions\/2529"}],"wp:attachment":[{"href":"https:\/\/www.promistech.pl\/index.php?rest_route=%2Fwp%2Fv2%2Fmedia&parent=1392"}],"curies":[{"name":"wp","href":"https:\/\/api.w.org\/{rel}","templated":true}]}}