{"id":1406,"date":"2024-03-25T08:04:57","date_gmt":"2024-03-25T08:04:57","guid":{"rendered":"http:\/\/www.promistech.pl\/?page_id=1406"},"modified":"2024-05-23T06:27:06","modified_gmt":"2024-05-23T06:27:06","slug":"laboratoryjna-suszarnia-hybrydowa-mcu-mikrofale-konwekcja-ultradzwieki","status":"publish","type":"page","link":"https:\/\/www.promistech.pl\/?page_id=1406","title":{"rendered":"Laboratoryjna suszarka hybrydowa MCU (mikrofale-konwekcja-ultrad\u017awi\u0119ki)"},"content":{"rendered":"\n<div class=\"wp-block-columns is-layout-flex wp-container-core-columns-is-layout-9d6595d7 wp-block-columns-is-layout-flex\">\n<div class=\"wp-block-column is-layout-flow wp-block-column-is-layout-flow\" style=\"flex-basis:33.33%\">\n<p class=\"has-text-align-center\"><strong>Opis<\/strong><\/p>\n\n\n\n<p>Suszarka&nbsp;umo\u017cliwiaj\u0105ca prowadzenie bada\u0144 w skali laboratoryjnej proces\u00f3w suszenia materia\u0142\u00f3w za pomoc\u0105 powietrza o okre\u015blonej temperaturze, z mo\u017cliwo\u015bci\u0105 wspomagania procesu suszenia <strong>mikrofalami i ultrad\u017awi\u0119kami. <\/strong>Suszenie odbywa si\u0119 w obrotowym b\u0119bnie. Suszarka wyposa\u017cona zosta\u0142a w przetwornik ultrad\u017awi\u0119kowy firmy Pulsonics o mocy 200W umo\u017cliwiaj\u0105cy transmisj\u0119 ultrad\u017awi\u0119k\u00f3w poprzez powietrze bezpo\u015brednio do warstwy suszonego materia\u0142u.<\/p>\n\n\n\n<p class=\"has-text-align-center\"><strong>Galeria<\/strong><\/p>\n\n\n\nngg_shortcode_0_placeholder\n<\/div>\n\n\n\n<div class=\"wp-block-column is-layout-flow wp-block-column-is-layout-flow\" style=\"flex-basis:66.66%\">\n<p class=\"has-text-align-center\"><strong>Parametry techniczne urz\u0105dzenia<\/strong><\/p>\n\n\n\n<figure class=\"wp-block-table\"><table><tbody><tr><td>Zasilanie<\/td><td>3 x 400 V, 50 Hz<\/td><\/tr><tr><td>Przy\u0142\u0105cze<\/td><td>32 A<\/td><\/tr><tr><td>Maksymalny pob\u00f3r mocy<\/td><td>12 kW<\/td><\/tr><tr><td>Masa pr\u00f3bek<\/td><td>do 1kg (zale\u017cy od g\u0119sto\u015bci&nbsp; badanego materia\u0142u)<\/td><\/tr><tr><td>Moc nagrzewnicy powietrza<\/td><td>4,5 kW<\/td><\/tr><tr><td>Moc i cz\u0119stotliwo\u015b\u0107 mikrofal<\/td><td>100-1000 W; 2,45 GHz<\/td><\/tr><tr><td>Max moc ultrad\u017awi\u0119k\u00f3w<\/td><td>200 W<\/td><\/tr><tr><td>Sterowanie<\/td><td>automatyczne (sterownik programowalny WAGO)<\/td><\/tr><tr><td>Max temp. powietrza susz\u0105cego<\/td><td>90\u00b0C<\/td><\/tr><tr><td>Pr\u0119dko\u015b\u0107 powietrza w ruroci\u0105gu<\/td><td>2 &#8211; 9 m\/s<\/td><\/tr><tr><td>Mierzone wielko\u015bci<\/td><td>pr\u0119dko\u015b\u0107 oraz temperatura powietrza wlotowego, wilgotno\u015bci powietrza wlotowego i wylotowego, temperatura pr\u00f3bki<\/td><\/tr><tr><td>Dodatkowe cechy<\/td><td>mo\u017cliwo\u015b\u0107 do\u0142\u0105czenia zimnego powietrza stabilizuj\u0105cego suszony materia\u0142 poprzez dodatkowy ruroci\u0105g<\/td><\/tr><\/tbody><\/table><\/figure>\n<\/div>\n<\/div>\n\n\n\n<div class=\"wp-block-columns is-layout-flex wp-container-core-columns-is-layout-9d6595d7 wp-block-columns-is-layout-flex\">\n<div class=\"wp-block-column is-layout-flow wp-block-column-is-layout-flow\" style=\"flex-basis:25%\">\n<div class=\"wp-block-buttons is-layout-flex wp-block-buttons-is-layout-flex\">\n<div class=\"wp-block-button\"><a class=\"wp-block-button__link wp-element-button\" href=\"https:\/\/www.promistech.pl\/?page_id=1504\">Poprzednie<\/a><\/div>\n<\/div>\n<\/div>\n\n\n\n<div class=\"wp-block-column is-vertically-aligned-center is-layout-flow wp-block-column-is-layout-flow\" style=\"flex-basis:50%\">\n<div class=\"wp-block-buttons is-content-justification-center is-layout-flex wp-container-core-buttons-is-layout-16018d1d wp-block-buttons-is-layout-flex\">\n<div class=\"wp-block-button\"><a class=\"wp-block-button__link wp-element-button\" href=\"http:\/\/www.promistech.pl\/?page_id=13\">Urz\u0105dzenia laboratoryjne<\/a><\/div>\n<\/div>\n<\/div>\n\n\n\n<div class=\"wp-block-column is-layout-flow wp-block-column-is-layout-flow\" style=\"flex-basis:25%\">\n<div class=\"wp-block-buttons is-content-justification-right is-layout-flex wp-container-core-buttons-is-layout-765c4724 wp-block-buttons-is-layout-flex\">\n<div class=\"wp-block-button\"><a class=\"wp-block-button__link wp-element-button\" href=\"https:\/\/www.promistech.pl\/?page_id=1421\">Nast\u0119pne<\/a><\/div>\n<\/div>\n<\/div>\n<\/div>\n","protected":false},"excerpt":{"rendered":"<p>Opis Suszarka&nbsp;umo\u017cliwiaj\u0105ca prowadzenie bada\u0144 w skali laboratoryjnej proces\u00f3w suszenia materia\u0142\u00f3w za pomoc\u0105 powietrza o okre\u015blonej temperaturze, z mo\u017cliwo\u015bci\u0105 wspomagania procesu suszenia mikrofalami i ultrad\u017awi\u0119kami. Suszenie odbywa si\u0119 w obrotowym b\u0119bnie. Suszarka wyposa\u017cona zosta\u0142a w przetwornik ultrad\u017awi\u0119kowy firmy Pulsonics o mocy 200W umo\u017cliwiaj\u0105cy transmisj\u0119 ultrad\u017awi\u0119k\u00f3w poprzez powietrze bezpo\u015brednio do warstwy suszonego materia\u0142u. Galeria Parametry techniczne urz\u0105dzenia Zasilanie 3 x 400 V, &hellip; <\/p>\n","protected":false},"author":5,"featured_media":0,"parent":0,"menu_order":0,"comment_status":"closed","ping_status":"closed","template":"","meta":{"_eb_attr":"","ngg_post_thumbnail":0,"footnotes":""},"class_list":["post-1406","page","type-page","status-publish","hentry"],"_links":{"self":[{"href":"https:\/\/www.promistech.pl\/index.php?rest_route=\/wp\/v2\/pages\/1406","targetHints":{"allow":["GET"]}}],"collection":[{"href":"https:\/\/www.promistech.pl\/index.php?rest_route=\/wp\/v2\/pages"}],"about":[{"href":"https:\/\/www.promistech.pl\/index.php?rest_route=\/wp\/v2\/types\/page"}],"author":[{"embeddable":true,"href":"https:\/\/www.promistech.pl\/index.php?rest_route=\/wp\/v2\/users\/5"}],"replies":[{"embeddable":true,"href":"https:\/\/www.promistech.pl\/index.php?rest_route=%2Fwp%2Fv2%2Fcomments&post=1406"}],"version-history":[{"count":20,"href":"https:\/\/www.promistech.pl\/index.php?rest_route=\/wp\/v2\/pages\/1406\/revisions"}],"predecessor-version":[{"id":2534,"href":"https:\/\/www.promistech.pl\/index.php?rest_route=\/wp\/v2\/pages\/1406\/revisions\/2534"}],"wp:attachment":[{"href":"https:\/\/www.promistech.pl\/index.php?rest_route=%2Fwp%2Fv2%2Fmedia&parent=1406"}],"curies":[{"name":"wp","href":"https:\/\/api.w.org\/{rel}","templated":true}]}}