{"id":1421,"date":"2024-03-25T08:32:57","date_gmt":"2024-03-25T08:32:57","guid":{"rendered":"http:\/\/www.promistech.pl\/?page_id=1421"},"modified":"2024-05-23T06:31:32","modified_gmt":"2024-05-23T06:31:32","slug":"laboratoryjna-suszarnia-hybrydowa-bebnowa-2","status":"publish","type":"page","link":"https:\/\/www.promistech.pl\/?page_id=1421","title":{"rendered":"Laboratoryjna suszarka hybrydowa \u2013 b\u0119bnowa"},"content":{"rendered":"\n<div class=\"wp-block-columns is-layout-flex wp-container-core-columns-is-layout-9d6595d7 wp-block-columns-is-layout-flex\">\n<div class=\"wp-block-column is-layout-flow wp-block-column-is-layout-flow\" style=\"flex-basis:66.66%\">\n<p class=\"has-text-align-center\"><strong>Parametry techniczne urz\u0105dzenia<\/strong><\/p>\n\n\n\n<figure class=\"wp-block-table\"><table><tbody><tr><td>Masa pr\u00f3bek<\/td><td>do 3 kg<\/td><\/tr><tr><td>Moc nagrzewnicy powietrza<\/td><td>6,6 kW<\/td><\/tr><tr><td>Cz\u0119stotliwo\u015b\u0107 ultrad\u017awi\u0119k\u00f3w<\/td><td>26 kHz<\/td><\/tr><tr><td>Dok\u0142adno\u015b\u0107 pomiaru masy materia\u0142u<\/td><td>0,01 g<\/td><\/tr><tr><td>Moc mikrofalowa<\/td><td>200 W<\/td><\/tr><tr><td>Mierzone wielko\u015bci<\/td><td>pr\u0119dko\u015b\u0107 oraz temperatura powietrza wlotowego, wilgotno\u015bci powietrza wlotowego i wylotowego, temperatura pr\u00f3bki<\/td><\/tr><tr><td>Regulowane wielko\u015bci<\/td><td>pr\u0119dko\u015b\u0107 oraz temperatura powietrza wlotowego<\/td><\/tr><tr><td>Rejestracja i eksport danych z programu<\/td><td>do arkusza kalkulacyjnego<\/td><\/tr><\/tbody><\/table><\/figure>\n<\/div>\n\n\n\n<div class=\"wp-block-column is-layout-flow wp-block-column-is-layout-flow\" style=\"flex-basis:33.33%\">\n<p class=\"has-text-align-center\"><strong>Opis<\/strong><\/p>\n\n\n\n<p>Urz\u0105dzenie zosta\u0142o wyposa\u017cone w przetwornik ultrad\u017awi\u0119kowy, kt\u00f3ry wytwarza fal\u0119 o cz\u0119stotliwo\u015bci oko\u0142o 26 kHz. Zastosowano nowatorski spos\u00f3b pomiaru masy materia\u0142u obracaj\u0105cego si\u0119 w b\u0119bnie poprzez pneumatyczne rozprz\u0119ganie nap\u0119du.<\/p>\n\n\n\n<p class=\"has-text-align-center\"><strong>Galeria<\/strong><\/p>\n\n\n\nngg_shortcode_0_placeholder\n<\/div>\n<\/div>\n\n\n\n<div class=\"wp-block-columns is-layout-flex wp-container-core-columns-is-layout-9d6595d7 wp-block-columns-is-layout-flex\">\n<div class=\"wp-block-column is-layout-flow wp-block-column-is-layout-flow\" style=\"flex-basis:25%\">\n<div class=\"wp-block-buttons is-layout-flex wp-block-buttons-is-layout-flex\">\n<div class=\"wp-block-button\"><a class=\"wp-block-button__link wp-element-button\" href=\"https:\/\/www.promistech.pl\/?page_id=1406\">Poprzednie<\/a><\/div>\n<\/div>\n<\/div>\n\n\n\n<div class=\"wp-block-column is-vertically-aligned-center is-layout-flow wp-block-column-is-layout-flow\" style=\"flex-basis:50%\">\n<div class=\"wp-block-buttons is-content-justification-center is-layout-flex wp-container-core-buttons-is-layout-16018d1d wp-block-buttons-is-layout-flex\">\n<div class=\"wp-block-button\"><a class=\"wp-block-button__link wp-element-button\" href=\"http:\/\/www.promistech.pl\/?page_id=13\">Urz\u0105dzenia laboratoryjne<\/a><\/div>\n<\/div>\n<\/div>\n\n\n\n<div class=\"wp-block-column is-layout-flow wp-block-column-is-layout-flow\" style=\"flex-basis:25%\">\n<div class=\"wp-block-buttons is-content-justification-right is-layout-flex wp-container-core-buttons-is-layout-765c4724 wp-block-buttons-is-layout-flex\">\n<div class=\"wp-block-button\"><a class=\"wp-block-button__link wp-element-button\" href=\"https:\/\/www.promistech.pl\/?page_id=1392\">Nast\u0119pne<\/a><\/div>\n<\/div>\n<\/div>\n<\/div>\n","protected":false},"excerpt":{"rendered":"<p>Parametry techniczne urz\u0105dzenia Masa pr\u00f3bek do 3 kg Moc nagrzewnicy powietrza 6,6 kW Cz\u0119stotliwo\u015b\u0107 ultrad\u017awi\u0119k\u00f3w 26 kHz Dok\u0142adno\u015b\u0107 pomiaru masy materia\u0142u 0,01 g Moc mikrofalowa 200 W Mierzone wielko\u015bci pr\u0119dko\u015b\u0107 oraz temperatura powietrza wlotowego, wilgotno\u015bci powietrza wlotowego i wylotowego, temperatura pr\u00f3bki Regulowane wielko\u015bci pr\u0119dko\u015b\u0107 oraz temperatura powietrza wlotowego Rejestracja i eksport danych z programu do arkusza kalkulacyjnego Opis Urz\u0105dzenie zosta\u0142o &hellip; <\/p>\n","protected":false},"author":5,"featured_media":0,"parent":0,"menu_order":0,"comment_status":"closed","ping_status":"closed","template":"","meta":{"_eb_attr":"","ngg_post_thumbnail":0,"footnotes":""},"class_list":["post-1421","page","type-page","status-publish","hentry"],"_links":{"self":[{"href":"https:\/\/www.promistech.pl\/index.php?rest_route=\/wp\/v2\/pages\/1421","targetHints":{"allow":["GET"]}}],"collection":[{"href":"https:\/\/www.promistech.pl\/index.php?rest_route=\/wp\/v2\/pages"}],"about":[{"href":"https:\/\/www.promistech.pl\/index.php?rest_route=\/wp\/v2\/types\/page"}],"author":[{"embeddable":true,"href":"https:\/\/www.promistech.pl\/index.php?rest_route=\/wp\/v2\/users\/5"}],"replies":[{"embeddable":true,"href":"https:\/\/www.promistech.pl\/index.php?rest_route=%2Fwp%2Fv2%2Fcomments&post=1421"}],"version-history":[{"count":14,"href":"https:\/\/www.promistech.pl\/index.php?rest_route=\/wp\/v2\/pages\/1421\/revisions"}],"predecessor-version":[{"id":2535,"href":"https:\/\/www.promistech.pl\/index.php?rest_route=\/wp\/v2\/pages\/1421\/revisions\/2535"}],"wp:attachment":[{"href":"https:\/\/www.promistech.pl\/index.php?rest_route=%2Fwp%2Fv2%2Fmedia&parent=1421"}],"curies":[{"name":"wp","href":"https:\/\/api.w.org\/{rel}","templated":true}]}}