{"id":1445,"date":"2024-03-25T08:53:16","date_gmt":"2024-03-25T08:53:16","guid":{"rendered":"http:\/\/www.promistech.pl\/?page_id=1445"},"modified":"2024-05-23T06:35:59","modified_gmt":"2024-05-23T06:35:59","slug":"laboratoryjny-reaktor-mikrofalowy-ir-2","status":"publish","type":"page","link":"https:\/\/www.promistech.pl\/?page_id=1445","title":{"rendered":"Laboratoryjny reaktor mikrofalowy z podczerwieni\u0105"},"content":{"rendered":"\n<div class=\"wp-block-columns is-layout-flex wp-container-core-columns-is-layout-9d6595d7 wp-block-columns-is-layout-flex\">\n<div class=\"wp-block-column is-layout-flow wp-block-column-is-layout-flow\">\n<p class=\"has-text-align-center\"><strong>Opis<\/strong><\/p>\n\n\n\n<p>Reaktor mo\u017ce by\u0107 stosowany do takich proces\u00f3w jak: utwardzanie \u017cywic, zag\u0119szczanie poprzez odparowanie rozpuszczalnika, suszenie z u\u017cyciem mikrofal. W sk\u0142ad urz\u0105dzenia wchodzi miernik temperatury na podczerwie\u0144. Dodatkowo jest mo\u017cliwo\u015b\u0107 regulacji maksymalnej temperatury materia\u0142u.<\/p>\n\n\n\n<p class=\"has-text-align-center\"><strong>Parametry techniczne urz\u0105dzenia<\/strong><\/p>\n\n\n\n<figure class=\"wp-block-table\"><table><tbody><tr><td>Zasilanie<\/td><td>230 V, 50 Hz<\/td><\/tr><tr><td>Moc maksymalna<\/td><td>1000 VA<\/td><\/tr><tr><td>Moc mikrofalowa<\/td><td>0 &#8211; 500 W<\/td><\/tr><tr><td>Max. temperatura <\/td><td>do 100\u00b0C<\/td><\/tr><\/tbody><\/table><\/figure>\n<\/div>\n\n\n\n<div class=\"wp-block-column is-layout-flow wp-block-column-is-layout-flow\">\nngg_shortcode_0_placeholder\n<\/div>\n<\/div>\n\n\n\n<div class=\"wp-block-columns is-layout-flex wp-container-core-columns-is-layout-9d6595d7 wp-block-columns-is-layout-flex\">\n<div class=\"wp-block-column is-layout-flow wp-block-column-is-layout-flow\" style=\"flex-basis:25%\">\n<div class=\"wp-block-buttons is-layout-flex wp-block-buttons-is-layout-flex\">\n<div class=\"wp-block-button\"><a class=\"wp-block-button__link wp-element-button\" href=\"https:\/\/www.promistech.pl\/?page_id=132\">Poprzednie<\/a><\/div>\n<\/div>\n<\/div>\n\n\n\n<div class=\"wp-block-column is-vertically-aligned-center is-layout-flow wp-block-column-is-layout-flow\" style=\"flex-basis:50%\">\n<div class=\"wp-block-buttons is-content-justification-center is-layout-flex wp-container-core-buttons-is-layout-16018d1d wp-block-buttons-is-layout-flex\">\n<div class=\"wp-block-button\"><a class=\"wp-block-button__link wp-element-button\" href=\"http:\/\/www.promistech.pl\/?page_id=13\">Urz\u0105dzenia laboratoryjne<\/a><\/div>\n<\/div>\n<\/div>\n\n\n\n<div class=\"wp-block-column is-layout-flow wp-block-column-is-layout-flow\" style=\"flex-basis:25%\">\n<div class=\"wp-block-buttons is-content-justification-right is-layout-flex wp-container-core-buttons-is-layout-765c4724 wp-block-buttons-is-layout-flex\">\n<div class=\"wp-block-button\"><a class=\"wp-block-button__link wp-element-button\" href=\"https:\/\/www.promistech.pl\/?page_id=1465\">Nast\u0119pne<\/a><\/div>\n<\/div>\n<\/div>\n<\/div>\n","protected":false},"excerpt":{"rendered":"<p>Opis Reaktor mo\u017ce by\u0107 stosowany do takich proces\u00f3w jak: utwardzanie \u017cywic, zag\u0119szczanie poprzez odparowanie rozpuszczalnika, suszenie z u\u017cyciem mikrofal. W sk\u0142ad urz\u0105dzenia wchodzi miernik temperatury na podczerwie\u0144. Dodatkowo jest mo\u017cliwo\u015b\u0107 regulacji maksymalnej temperatury materia\u0142u. Parametry techniczne urz\u0105dzenia Zasilanie 230 V, 50 Hz Moc maksymalna 1000 VA Moc mikrofalowa 0 &#8211; 500 W Max. temperatura do 100\u00b0C<\/p>\n","protected":false},"author":5,"featured_media":0,"parent":0,"menu_order":0,"comment_status":"closed","ping_status":"closed","template":"","meta":{"_eb_attr":"","ngg_post_thumbnail":0,"footnotes":""},"class_list":["post-1445","page","type-page","status-publish","hentry"],"_links":{"self":[{"href":"https:\/\/www.promistech.pl\/index.php?rest_route=\/wp\/v2\/pages\/1445","targetHints":{"allow":["GET"]}}],"collection":[{"href":"https:\/\/www.promistech.pl\/index.php?rest_route=\/wp\/v2\/pages"}],"about":[{"href":"https:\/\/www.promistech.pl\/index.php?rest_route=\/wp\/v2\/types\/page"}],"author":[{"embeddable":true,"href":"https:\/\/www.promistech.pl\/index.php?rest_route=\/wp\/v2\/users\/5"}],"replies":[{"embeddable":true,"href":"https:\/\/www.promistech.pl\/index.php?rest_route=%2Fwp%2Fv2%2Fcomments&post=1445"}],"version-history":[{"count":10,"href":"https:\/\/www.promistech.pl\/index.php?rest_route=\/wp\/v2\/pages\/1445\/revisions"}],"predecessor-version":[{"id":2539,"href":"https:\/\/www.promistech.pl\/index.php?rest_route=\/wp\/v2\/pages\/1445\/revisions\/2539"}],"wp:attachment":[{"href":"https:\/\/www.promistech.pl\/index.php?rest_route=%2Fwp%2Fv2%2Fmedia&parent=1445"}],"curies":[{"name":"wp","href":"https:\/\/api.w.org\/{rel}","templated":true}]}}