{"id":1480,"date":"2024-03-25T09:49:46","date_gmt":"2024-03-25T09:49:46","guid":{"rendered":"http:\/\/www.promistech.pl\/?page_id=1480"},"modified":"2024-05-23T07:40:51","modified_gmt":"2024-05-23T07:40:51","slug":"mikrofalowy-zestaw-do-wytwarzania-nanorurek-weglowych-2","status":"publish","type":"page","link":"https:\/\/www.promistech.pl\/?page_id=1480","title":{"rendered":"Mikrofalowy zestaw do wytwarzania nanorurek w\u0119glowych"},"content":{"rendered":"\n<div class=\"wp-block-columns are-vertically-aligned-center is-layout-flex wp-container-core-columns-is-layout-9d6595d7 wp-block-columns-is-layout-flex\">\n<div class=\"wp-block-column is-vertically-aligned-center is-layout-flow wp-block-column-is-layout-flow\">\n<p class=\"has-text-align-center\"><strong>Opis<\/strong><\/p>\n\n\n\n<p>Najnowsza wersja urz\u0105dzenia wykonana dla Politechniki \u0141\u00f3dzkiej. Przeznaczona do nak\u0142adania nanorurek w\u0119glowych przy pomocy plazmy wzbudzanej mikrofalami. Nanorurki wytwarzane s\u0105 na stalowej ta\u015bmie, kt\u00f3ra przesuwa si\u0119 automatycznie.<\/p>\n<\/div>\n\n\n\n<div class=\"wp-block-column is-vertically-aligned-center is-layout-flow wp-block-column-is-layout-flow\">\nngg_shortcode_0_placeholder\n<\/div>\n<\/div>\n\n\n\n<div class=\"wp-block-columns is-layout-flex wp-container-core-columns-is-layout-9d6595d7 wp-block-columns-is-layout-flex\">\n<div class=\"wp-block-column is-layout-flow wp-block-column-is-layout-flow\" style=\"flex-basis:25%\">\n<div class=\"wp-block-buttons is-layout-flex wp-block-buttons-is-layout-flex\">\n<div class=\"wp-block-button\"><a class=\"wp-block-button__link wp-element-button\" href=\"https:\/\/www.promistech.pl\/?page_id=1465\">Poprzednie<\/a><\/div>\n<\/div>\n<\/div>\n\n\n\n<div class=\"wp-block-column is-vertically-aligned-center is-layout-flow wp-block-column-is-layout-flow\" style=\"flex-basis:50%\">\n<div class=\"wp-block-buttons is-content-justification-center is-layout-flex wp-container-core-buttons-is-layout-16018d1d wp-block-buttons-is-layout-flex\">\n<div class=\"wp-block-button\"><a class=\"wp-block-button__link wp-element-button\" href=\"http:\/\/www.promistech.pl\/?page_id=13\">Urz\u0105dzenia laboratoryjne<\/a><\/div>\n<\/div>\n<\/div>\n\n\n\n<div class=\"wp-block-column is-layout-flow wp-block-column-is-layout-flow\" style=\"flex-basis:25%\">\n<div class=\"wp-block-buttons is-content-justification-right is-layout-flex wp-container-core-buttons-is-layout-765c4724 wp-block-buttons-is-layout-flex\">\n<div class=\"wp-block-button\"><a class=\"wp-block-button__link wp-element-button\" href=\"https:\/\/www.promistech.pl\/?page_id=1599\">Nast\u0119pne<\/a><\/div>\n<\/div>\n<\/div>\n<\/div>\n","protected":false},"excerpt":{"rendered":"<p>Opis Najnowsza wersja urz\u0105dzenia wykonana dla Politechniki \u0141\u00f3dzkiej. Przeznaczona do nak\u0142adania nanorurek w\u0119glowych przy pomocy plazmy wzbudzanej mikrofalami. Nanorurki wytwarzane s\u0105 na stalowej ta\u015bmie, kt\u00f3ra przesuwa si\u0119 automatycznie.<\/p>\n","protected":false},"author":5,"featured_media":0,"parent":0,"menu_order":0,"comment_status":"closed","ping_status":"closed","template":"","meta":{"_eb_attr":"","ngg_post_thumbnail":0,"footnotes":""},"class_list":["post-1480","page","type-page","status-publish","hentry"],"_links":{"self":[{"href":"https:\/\/www.promistech.pl\/index.php?rest_route=\/wp\/v2\/pages\/1480","targetHints":{"allow":["GET"]}}],"collection":[{"href":"https:\/\/www.promistech.pl\/index.php?rest_route=\/wp\/v2\/pages"}],"about":[{"href":"https:\/\/www.promistech.pl\/index.php?rest_route=\/wp\/v2\/types\/page"}],"author":[{"embeddable":true,"href":"https:\/\/www.promistech.pl\/index.php?rest_route=\/wp\/v2\/users\/5"}],"replies":[{"embeddable":true,"href":"https:\/\/www.promistech.pl\/index.php?rest_route=%2Fwp%2Fv2%2Fcomments&post=1480"}],"version-history":[{"count":6,"href":"https:\/\/www.promistech.pl\/index.php?rest_route=\/wp\/v2\/pages\/1480\/revisions"}],"predecessor-version":[{"id":2573,"href":"https:\/\/www.promistech.pl\/index.php?rest_route=\/wp\/v2\/pages\/1480\/revisions\/2573"}],"wp:attachment":[{"href":"https:\/\/www.promistech.pl\/index.php?rest_route=%2Fwp%2Fv2%2Fmedia&parent=1480"}],"curies":[{"name":"wp","href":"https:\/\/api.w.org\/{rel}","templated":true}]}}