{"id":1504,"date":"2024-03-25T10:55:48","date_gmt":"2024-03-25T10:55:48","guid":{"rendered":"http:\/\/www.promistech.pl\/?page_id=1504"},"modified":"2024-05-23T06:13:46","modified_gmt":"2024-05-23T06:13:46","slug":"laboratoryjna-suszarnia-mikrofalowo-konwekcyjna-3","status":"publish","type":"page","link":"https:\/\/www.promistech.pl\/?page_id=1504","title":{"rendered":"Laboratoryjna suszarka mikrofalowo-konwekcyjna"},"content":{"rendered":"\n<div class=\"wp-block-columns is-layout-flex wp-container-core-columns-is-layout-9d6595d7 wp-block-columns-is-layout-flex\">\n<div class=\"wp-block-column is-layout-flow wp-block-column-is-layout-flow\">\n<p>Suszarka \u0142\u0105czy w sobie technik\u0119 suszenia konwekcyjnego wspomaganego mikrofalami. Wyposa\u017cona jest w funkcj\u0119 pomiaru masy pr\u00f3bek w czasie trwania procesu. Cz\u0119stotliwo\u015b\u0107 pomiaru parametr\u00f3w ustawiana jest przez operatora, kt\u00f3ry ma mo\u017cliwo\u015b\u0107 ich kontroli w podanych zakresach.<\/p>\n\n\n\n<p class=\"has-text-align-center\"><strong>Mo\u017cliwo\u015b\u0107 pomiar\u00f3w<\/strong><\/p>\n\n\n\n<ul class=\"wp-block-list\">\n<li><span class=\"fontstyle0\">moc mikrofal<\/span><\/li>\n\n\n\n<li><span class=\"fontstyle0\">parametry powietrza na wej\u015bciu: pr\u0119dko\u015b\u0107, wilgotno\u015b\u0107, temperatura<\/span><\/li>\n\n\n\n<li><span class=\"fontstyle0\">parametry powietrza na wyj\u015bciu: wilgotno\u015b\u0107, temperatura <\/span><\/li>\n\n\n\n<li><span class=\"fontstyle0\">masa suszonych pr\u00f3bek (okresowo po zatrzymaniu szalki)<\/span><\/li>\n\n\n\n<li><span class=\"fontstyle0\">temperatura suszonego materia\u0142u<\/span><\/li>\n\n\n\n<li><span class=\"fontstyle0\">zu\u017cycie energii<\/span><\/li>\n<\/ul>\n\n\n\n<p class=\"has-text-align-center\"><strong>Parametry techniczne urz\u0105dzenia<\/strong><\/p>\n\n\n\n<figure class=\"wp-block-table\"><table><tbody><tr><td>Obs\u0142uga<\/td><td>jednoosobowa<\/td><\/tr><tr><td>Zasilanie<\/td><td>240 V (AC), 50 Hz, 1,5 kW (max)<\/td><\/tr><tr><td>Masa pr\u00f3bek<\/td><td>do 500 g<\/td><\/tr><tr><td>Moc mikrofalowa<\/td><td>100 W &#8211; 500 W<br><\/td><\/tr><tr><td>Cz\u0119stotliwo\u015b\u0107 mikrofal<\/td><td>2,45 GHz<br><\/td><\/tr><tr><td>Dok\u0142adno\u015b\u0107 wagi<\/td><td>0,01 g<\/td><\/tr><tr><td>\u015arednica szalki<\/td><td>200 mm<\/td><\/tr><tr><td>Pr\u0119dko\u015b\u0107 obrotowa szalki<\/td><td>5-61 obr\/min<\/td><\/tr><tr><td>Pr\u0119dko\u015b\u0107 przep\u0142ywu powietrza przez komor\u0119<\/td><td>do 1 m\/s<\/td><\/tr><tr><td>Temp. gor\u0105cego powietrza<\/td><td>do 90\u02daC<\/td><\/tr><\/tbody><\/table><\/figure>\n<\/div>\n\n\n\n<div class=\"wp-block-column is-layout-flow wp-block-column-is-layout-flow\">\n<p class=\"has-text-align-center\"><strong>Galeria<\/strong><\/p>\n\n\n\nngg_shortcode_0_placeholder\n\n\n\n<p class=\"has-text-align-center\"><strong>Wizualizacja stanowiska<\/strong> <\/p>\n\n\n\r\n        <div class=\"modelViewerBlock\" data-attributes='{&quot;align&quot;:&quot;center&quot;,&quot;uniqueId&quot;:&quot;model1501&quot;,&quot;currentViewer&quot;:&quot;O3DViewer&quot;,&quot;multiple&quot;:false,&quot;model&quot;:{&quot;modelUrl&quot;:&quot;http:\\\/\\\/www.promistech.pl\\\/wp-content\\\/uploads\\\/2024\\\/03\\\/Laboratoryjna-suszarnia-mikrofalowo-konwekcyjna.glb&quot;,&quot;poster&quot;:&quot;&quot;},&quot;O3DVSettings&quot;:{&quot;isFullscreen&quot;:true,&quot;isPagination&quot;:false,&quot;isNavigation&quot;:true,&quot;camera&quot;:null,&quot;mouseControl&quot;:true},&quot;models&quot;:[],&quot;lazyLoad&quot;:false,&quot;loading&quot;:&quot;auto&quot;,&quot;autoplay&quot;:false,&quot;shadow&quot;:true,&quot;autoRotate&quot;:false,&quot;zoom&quot;:true,&quot;isPagination&quot;:false,&quot;isNavigation&quot;:true,&quot;preload&quot;:&quot;auto&quot;,&quot;rotationPerSecond&quot;:&quot;30&quot;,&quot;mouseControl&quot;:true,&quot;fullscreen&quot;:true,&quot;variant&quot;:false,&quot;loadingPercentage&quot;:false,&quot;progressBar&quot;:true,&quot;rotate&quot;:false,&quot;rotateAlongX&quot;:&quot;0&quot;,&quot;rotateAlongY&quot;:&quot;75&quot;,&quot;exposure&quot;:&quot;1&quot;,&quot;styles&quot;:{&quot;width&quot;:&quot;100%&quot;,&quot;height&quot;:&quot;400px&quot;,&quot;bgColor&quot;:&quot;transparent&quot;,&quot;progressBarColor&quot;:&quot;&quot;},&quot;stylesheet&quot;:null,&quot;additional&quot;:{&quot;ID&quot;:&quot;&quot;,&quot;Class&quot;:&quot;&quot;,&quot;CSS&quot;:&quot;&quot;},&quot;animation&quot;:false,&quot;woo&quot;:false,&quot;selectedAnimation&quot;:&quot;&quot;}'><\/div>\r\n\r\n        \n<\/div>\n<\/div>\n\n\n\n<div class=\"wp-block-columns is-layout-flex wp-container-core-columns-is-layout-9d6595d7 wp-block-columns-is-layout-flex\">\n<div class=\"wp-block-column is-layout-flow wp-block-column-is-layout-flow\" style=\"flex-basis:25%\">\n<div class=\"wp-block-buttons is-layout-flex wp-block-buttons-is-layout-flex\">\n<div class=\"wp-block-button\"><a class=\"wp-block-button__link wp-element-button\" href=\"https:\/\/www.promistech.pl\/?page_id=1551\">Poprzednie<\/a><\/div>\n<\/div>\n<\/div>\n\n\n\n<div class=\"wp-block-column is-vertically-aligned-center is-layout-flow wp-block-column-is-layout-flow\" style=\"flex-basis:50%\">\n<div class=\"wp-block-buttons is-content-justification-center is-layout-flex wp-container-core-buttons-is-layout-16018d1d wp-block-buttons-is-layout-flex\">\n<div class=\"wp-block-button\"><a class=\"wp-block-button__link wp-element-button\" href=\"http:\/\/www.promistech.pl\/?page_id=13\">Urz\u0105dzenia laboratoryjne<\/a><\/div>\n<\/div>\n<\/div>\n\n\n\n<div class=\"wp-block-column is-layout-flow wp-block-column-is-layout-flow\" style=\"flex-basis:25%\">\n<div class=\"wp-block-buttons is-content-justification-right is-layout-flex wp-container-core-buttons-is-layout-765c4724 wp-block-buttons-is-layout-flex\">\n<div class=\"wp-block-button\"><a class=\"wp-block-button__link wp-element-button\" href=\"https:\/\/www.promistech.pl\/?page_id=1406\">Nast\u0119pne<\/a><\/div>\n<\/div>\n<\/div>\n<\/div>\n","protected":false},"excerpt":{"rendered":"<p>Suszarka \u0142\u0105czy w sobie technik\u0119 suszenia konwekcyjnego wspomaganego mikrofalami. Wyposa\u017cona jest w funkcj\u0119 pomiaru masy pr\u00f3bek w czasie trwania procesu. Cz\u0119stotliwo\u015b\u0107 pomiaru parametr\u00f3w ustawiana jest przez operatora, kt\u00f3ry ma mo\u017cliwo\u015b\u0107 ich kontroli w podanych zakresach. Mo\u017cliwo\u015b\u0107 pomiar\u00f3w Parametry techniczne urz\u0105dzenia Obs\u0142uga jednoosobowa Zasilanie 240 V (AC), 50 Hz, 1,5 kW (max) Masa pr\u00f3bek do 500 g Moc mikrofalowa 100 W &hellip; <\/p>\n","protected":false},"author":5,"featured_media":0,"parent":0,"menu_order":0,"comment_status":"closed","ping_status":"closed","template":"","meta":{"_eb_attr":"","ngg_post_thumbnail":0,"footnotes":""},"class_list":["post-1504","page","type-page","status-publish","hentry"],"_links":{"self":[{"href":"https:\/\/www.promistech.pl\/index.php?rest_route=\/wp\/v2\/pages\/1504","targetHints":{"allow":["GET"]}}],"collection":[{"href":"https:\/\/www.promistech.pl\/index.php?rest_route=\/wp\/v2\/pages"}],"about":[{"href":"https:\/\/www.promistech.pl\/index.php?rest_route=\/wp\/v2\/types\/page"}],"author":[{"embeddable":true,"href":"https:\/\/www.promistech.pl\/index.php?rest_route=\/wp\/v2\/users\/5"}],"replies":[{"embeddable":true,"href":"https:\/\/www.promistech.pl\/index.php?rest_route=%2Fwp%2Fv2%2Fcomments&post=1504"}],"version-history":[{"count":11,"href":"https:\/\/www.promistech.pl\/index.php?rest_route=\/wp\/v2\/pages\/1504\/revisions"}],"predecessor-version":[{"id":2525,"href":"https:\/\/www.promistech.pl\/index.php?rest_route=\/wp\/v2\/pages\/1504\/revisions\/2525"}],"wp:attachment":[{"href":"https:\/\/www.promistech.pl\/index.php?rest_route=%2Fwp%2Fv2%2Fmedia&parent=1504"}],"curies":[{"name":"wp","href":"https:\/\/api.w.org\/{rel}","templated":true}]}}