{"id":1551,"date":"2024-03-25T12:51:03","date_gmt":"2024-03-25T12:51:03","guid":{"rendered":"http:\/\/www.promistech.pl\/?page_id=1551"},"modified":"2025-02-06T11:31:05","modified_gmt":"2025-02-06T11:31:05","slug":"laboratoryjna-suszarnia-prozniowo-mikrofalowa-2","status":"publish","type":"page","link":"https:\/\/www.promistech.pl\/?page_id=1551","title":{"rendered":"Laboratoryjna suszarka mikrofalowo-pr\u00f3\u017cniowa"},"content":{"rendered":"\n<p>Pr\u00f3\u017cniowa suszarka mikrofalowa przeznaczona jest do prowadzenia procesu suszenia produkt\u00f3w spo\u017cywczych w obni\u017conym ci\u015bnieniu z tzw. efektem \u201epuffingu\u201d. Dzi\u0119ki zastosowaniu energii mikrofalowej suszone cz\u0105stki np. w formie kostek, plastr\u00f3w lub pask\u00f3w nagrzewane s\u0105 w ca\u0142ej obj\u0119to\u015bci i ekspanduj\u0105 w obni\u017conym ci\u015bnieniu. Pozwala to znacznie przyspieszy\u0107 proces suszenia, a dzi\u0119ki obni\u017conemu ci\u015bnieniu suszony materia\u0142 ma stosunkowo nisk\u0105 temperatur\u0119 w trakcie procesu \u2013 co pozwala uzyska\u0107 susz o wysokiej jako\u015bci i kruchej strukturze. Opr\u00f3cz tego w suszarce mo\u017cna prowadzi\u0107 m. in. procesy pra\u017cenia. Urz\u0105dzenie mo\u017ce pracowa\u0107 w trybie mikrofalowo-konwekcyjnym na obrotowym sicie lub mikrofalowo-pr\u00f3\u017cniowym w obrotowym b\u0119bnie.<\/p>\n\n\n\n<div class=\"wp-block-columns is-layout-flex wp-container-core-columns-is-layout-9d6595d7 wp-block-columns-is-layout-flex\">\n<div class=\"wp-block-column is-layout-flow wp-block-column-is-layout-flow\" style=\"flex-basis:66%\">\n<p class=\"has-text-align-center\"><strong>Parametry techniczne urz\u0105dzenia<\/strong><\/p>\n\n\n\n<figure class=\"wp-block-table\"><table><tbody><tr><td>Obs\u0142uga<\/td><td>jednoosobowa<\/td><\/tr><tr><td>Masa pr\u00f3bek<\/td><td>do 200 g &#8211; 2000 g<\/td><\/tr><tr><td>Zasilanie<\/td><td>240 V (AC), 50 Hz, 1,5 kW (max)<\/td><\/tr><tr><td>Moc mikrofal<\/td><td>50 W &#8211; 2000 W<\/td><\/tr><tr><td>Cz\u0119stotliwo\u015b\u0107 mikrofal<\/td><td>f = 2,45 GHz <\/td><\/tr><tr><td>Regulowany system pr\u00f3\u017cniowy<\/td><td>10 hPa &#8211; 60 hPa \u00b1 2 hPa &#8211; 5 hPa<\/td><\/tr><tr><td>Regulacja parametr\u00f3w procesu<\/td><td>automatyczna<\/td><\/tr><tr><td>Kontrolowane parametry<\/td><td>moc mikrofal, temperatura procesu, przep\u0142yw powietrza na sicie, ci\u015bnienie w b\u0119bnie, czas procesu, masa pr\u00f3bki, zu\u017cycie energii<\/td><\/tr><tr><td>Rejestracja i eksport danych z programu<\/td><td>do arkusza kalkulacyjnego<\/td><\/tr><\/tbody><\/table><\/figure>\n<\/div>\n\n\n\n<div class=\"wp-block-column is-layout-flow wp-block-column-is-layout-flow\">\n<p class=\"has-text-align-center\"><strong>Galeria<\/strong><\/p>\n\n\n\nngg_shortcode_0_placeholder\n<\/div>\n<\/div>\n\n\n\n<div class=\"wp-block-columns is-layout-flex wp-container-core-columns-is-layout-9d6595d7 wp-block-columns-is-layout-flex\">\n<div class=\"wp-block-column is-layout-flow wp-block-column-is-layout-flow\" style=\"flex-basis:25%\">\n<div class=\"wp-block-buttons is-layout-flex wp-block-buttons-is-layout-flex\">\n<div class=\"wp-block-button\"><a class=\"wp-block-button__link wp-element-button\" href=\"https:\/\/www.promistech.pl\/?page_id=1820\">Poprzednie<\/a><\/div>\n<\/div>\n<\/div>\n\n\n\n<div class=\"wp-block-column is-vertically-aligned-center is-layout-flow wp-block-column-is-layout-flow\" style=\"flex-basis:50%\">\n<div class=\"wp-block-buttons is-content-justification-center is-layout-flex wp-container-core-buttons-is-layout-16018d1d wp-block-buttons-is-layout-flex\">\n<div class=\"wp-block-button\"><a class=\"wp-block-button__link wp-element-button\" href=\"http:\/\/www.promistech.pl\/?page_id=13\">Urz\u0105dzenia laboratoryjne<\/a><\/div>\n<\/div>\n<\/div>\n\n\n\n<div class=\"wp-block-column is-layout-flow wp-block-column-is-layout-flow\" style=\"flex-basis:25%\">\n<div class=\"wp-block-buttons is-content-justification-right is-layout-flex wp-container-core-buttons-is-layout-765c4724 wp-block-buttons-is-layout-flex\">\n<div class=\"wp-block-button\"><a class=\"wp-block-button__link wp-element-button\" href=\"https:\/\/www.promistech.pl\/?page_id=1504\">Nast\u0119pne<\/a><\/div>\n<\/div>\n<\/div>\n<\/div>\n","protected":false},"excerpt":{"rendered":"<p>Pr\u00f3\u017cniowa suszarka mikrofalowa przeznaczona jest do prowadzenia procesu suszenia produkt\u00f3w spo\u017cywczych w obni\u017conym ci\u015bnieniu z tzw. efektem \u201epuffingu\u201d. Dzi\u0119ki zastosowaniu energii mikrofalowej suszone cz\u0105stki np. w formie kostek, plastr\u00f3w lub pask\u00f3w nagrzewane s\u0105 w ca\u0142ej obj\u0119to\u015bci i ekspanduj\u0105 w obni\u017conym ci\u015bnieniu. Pozwala to znacznie przyspieszy\u0107 proces suszenia, a dzi\u0119ki obni\u017conemu ci\u015bnieniu suszony materia\u0142 ma stosunkowo nisk\u0105 temperatur\u0119 w trakcie procesu &hellip; <\/p>\n","protected":false},"author":5,"featured_media":0,"parent":0,"menu_order":0,"comment_status":"closed","ping_status":"closed","template":"","meta":{"_eb_attr":"","ngg_post_thumbnail":0,"footnotes":""},"class_list":["post-1551","page","type-page","status-publish","hentry"],"_links":{"self":[{"href":"https:\/\/www.promistech.pl\/index.php?rest_route=\/wp\/v2\/pages\/1551","targetHints":{"allow":["GET"]}}],"collection":[{"href":"https:\/\/www.promistech.pl\/index.php?rest_route=\/wp\/v2\/pages"}],"about":[{"href":"https:\/\/www.promistech.pl\/index.php?rest_route=\/wp\/v2\/types\/page"}],"author":[{"embeddable":true,"href":"https:\/\/www.promistech.pl\/index.php?rest_route=\/wp\/v2\/users\/5"}],"replies":[{"embeddable":true,"href":"https:\/\/www.promistech.pl\/index.php?rest_route=%2Fwp%2Fv2%2Fcomments&post=1551"}],"version-history":[{"count":13,"href":"https:\/\/www.promistech.pl\/index.php?rest_route=\/wp\/v2\/pages\/1551\/revisions"}],"predecessor-version":[{"id":2361,"href":"https:\/\/www.promistech.pl\/index.php?rest_route=\/wp\/v2\/pages\/1551\/revisions\/2361"}],"wp:attachment":[{"href":"https:\/\/www.promistech.pl\/index.php?rest_route=%2Fwp%2Fv2%2Fmedia&parent=1551"}],"curies":[{"name":"wp","href":"https:\/\/api.w.org\/{rel}","templated":true}]}}