{"id":1567,"date":"2024-03-25T13:27:26","date_gmt":"2024-03-25T13:27:26","guid":{"rendered":"http:\/\/www.promistech.pl\/?page_id=1567"},"modified":"2024-05-08T05:44:36","modified_gmt":"2024-05-08T05:44:36","slug":"wysokotemperaturowy-piec-mikrofalowy-2","status":"publish","type":"page","link":"https:\/\/www.promistech.pl\/?page_id=1567","title":{"rendered":"Wysokotemperaturowy piec mikrofalowy"},"content":{"rendered":"\n<div class=\"wp-block-columns are-vertically-aligned-center is-layout-flex wp-container-core-columns-is-layout-9d6595d7 wp-block-columns-is-layout-flex\">\n<div class=\"wp-block-column is-vertically-aligned-center is-layout-flow wp-block-column-is-layout-flow\">\n<p>Wn\u0119trze pieca jest rozgrzewane za pomoc\u0105 mikrofal do 1200 \u00b0C za pomoc\u0105 dw\u00f3ch generator\u00f3w mikrofal o \u0142\u0105cznej mocy 1200 W. Zestaw posiada regulator temperatury oraz termopar\u0119 do 1400 \u00b0C.<\/p>\n\n\n\n<p class=\"has-text-align-center\"><strong>Parametry techniczne urz\u0105dzenia<\/strong><\/p>\n\n\n\n<figure class=\"wp-block-table\"><table><tbody><tr><td>Max temperatura wn\u0119trza pieca <\/td><td>1200\u00b0C<\/td><\/tr><tr><td>Liczba generator\u00f3w mikrofal<\/td><td>2<\/td><\/tr><tr><td>Moc generatora<\/td><td>1,2 kW<\/td><\/tr><tr><td>Max temperatura termopary<\/td><td>1400\u00b0C<\/td><\/tr><\/tbody><\/table><\/figure>\n<\/div>\n\n\n\n<div class=\"wp-block-column is-vertically-aligned-center is-layout-flow wp-block-column-is-layout-flow\">\nngg_shortcode_0_placeholder\n<\/div>\n<\/div>\n\n\n\n<div class=\"wp-block-columns is-layout-flex wp-container-core-columns-is-layout-9d6595d7 wp-block-columns-is-layout-flex\">\n<div class=\"wp-block-column is-layout-flow wp-block-column-is-layout-flow\" style=\"flex-basis:25%\">\n<div class=\"wp-block-buttons is-layout-flex wp-block-buttons-is-layout-flex\">\n<div class=\"wp-block-button\"><a class=\"wp-block-button__link wp-element-button\" href=\"https:\/\/www.promistech.pl\/?page_id=1455\">Poprzednie<\/a><\/div>\n<\/div>\n<\/div>\n\n\n\n<div class=\"wp-block-column is-vertically-aligned-center is-layout-flow wp-block-column-is-layout-flow\" style=\"flex-basis:50%\">\n<div class=\"wp-block-buttons is-content-justification-center is-layout-flex wp-container-core-buttons-is-layout-16018d1d wp-block-buttons-is-layout-flex\">\n<div class=\"wp-block-button\"><a class=\"wp-block-button__link wp-element-button\" href=\"http:\/\/www.promistech.pl\/?page_id=13\">Urz\u0105dzenia laboratoryjne<\/a><\/div>\n<\/div>\n<\/div>\n\n\n\n<div class=\"wp-block-column is-layout-flow wp-block-column-is-layout-flow\" style=\"flex-basis:25%\">\n<div class=\"wp-block-buttons is-content-justification-right is-layout-flex wp-container-core-buttons-is-layout-765c4724 wp-block-buttons-is-layout-flex\">\n<div class=\"wp-block-button\"><a class=\"wp-block-button__link wp-element-button\" href=\"https:\/\/www.promistech.pl\/?page_id=1589\">Nast\u0119pne<\/a><\/div>\n<\/div>\n<\/div>\n<\/div>\n","protected":false},"excerpt":{"rendered":"<p>Wn\u0119trze pieca jest rozgrzewane za pomoc\u0105 mikrofal do 1200 \u00b0C za pomoc\u0105 dw\u00f3ch generator\u00f3w mikrofal o \u0142\u0105cznej mocy 1200 W. Zestaw posiada regulator temperatury oraz termopar\u0119 do 1400 \u00b0C. Parametry techniczne urz\u0105dzenia Max temperatura wn\u0119trza pieca 1200\u00b0C Liczba generator\u00f3w mikrofal 2 Moc generatora 1,2 kW Max temperatura termopary 1400\u00b0C<\/p>\n","protected":false},"author":5,"featured_media":0,"parent":13,"menu_order":0,"comment_status":"closed","ping_status":"closed","template":"","meta":{"_eb_attr":"","ngg_post_thumbnail":0,"footnotes":""},"class_list":["post-1567","page","type-page","status-publish","hentry"],"_links":{"self":[{"href":"https:\/\/www.promistech.pl\/index.php?rest_route=\/wp\/v2\/pages\/1567","targetHints":{"allow":["GET"]}}],"collection":[{"href":"https:\/\/www.promistech.pl\/index.php?rest_route=\/wp\/v2\/pages"}],"about":[{"href":"https:\/\/www.promistech.pl\/index.php?rest_route=\/wp\/v2\/types\/page"}],"author":[{"embeddable":true,"href":"https:\/\/www.promistech.pl\/index.php?rest_route=\/wp\/v2\/users\/5"}],"replies":[{"embeddable":true,"href":"https:\/\/www.promistech.pl\/index.php?rest_route=%2Fwp%2Fv2%2Fcomments&post=1567"}],"version-history":[{"count":9,"href":"https:\/\/www.promistech.pl\/index.php?rest_route=\/wp\/v2\/pages\/1567\/revisions"}],"predecessor-version":[{"id":2355,"href":"https:\/\/www.promistech.pl\/index.php?rest_route=\/wp\/v2\/pages\/1567\/revisions\/2355"}],"up":[{"embeddable":true,"href":"https:\/\/www.promistech.pl\/index.php?rest_route=\/wp\/v2\/pages\/13"}],"wp:attachment":[{"href":"https:\/\/www.promistech.pl\/index.php?rest_route=%2Fwp%2Fv2%2Fmedia&parent=1567"}],"curies":[{"name":"wp","href":"https:\/\/api.w.org\/{rel}","templated":true}]}}