{"id":1788,"date":"2024-04-02T06:19:04","date_gmt":"2024-04-02T06:19:04","guid":{"rendered":"https:\/\/www.promistech.pl\/?page_id=1788"},"modified":"2024-05-02T08:20:14","modified_gmt":"2024-05-02T08:20:14","slug":"ekstraktor-olejkow-z-ziol-i-nasion-z-genetratorem-ultradzwiekow-i-mikrofal","status":"publish","type":"page","link":"https:\/\/www.promistech.pl\/?page_id=1788","title":{"rendered":"Ekstraktor olejk\u00f3w z zi\u00f3\u0142 i nasion z genetratorem ultrad\u017awi\u0119k\u00f3w i mikrofal"},"content":{"rendered":"\n<p>Prototyp Ekstraktora Olejk\u00f3w z Zi\u00f3\u0142 i Nasion zosta\u0142 zaprojektowany do Laboratorium w Zak\u0142adach Mi\u0119snych. Urz\u0105dzenie jest wyposa\u017cone w zbiornik z p\u0142aszczem grzewczym (medium: glikol), mieszad\u0142o, komor\u0119 filtracyjn\u0105, pomp\u0119, wymienniki typu \u201erura w rurze\u201d, zawory, czujniki obecno\u015bci cieczy i temperatury, generatory ultrad\u017awi\u0119k\u00f3w i mikrofal. Zastosowanie ultrad\u017awi\u0119k\u00f3w i mikrofal powoduje powstanie zjawiska kawitacji. W wyniku tego zjawiska powstaj\u0105 si\u0142y \u015bcinaj\u0105ce powoduj\u0105ce perforacje kom\u00f3rek ro\u015blinnych, a w po\u0142\u0105czeniu z silnym drganiem cz\u0105stek ekstrakcja substancji po\u017c\u0105danych nast\u0119puje znacznie szybciej.<\/p>\n\n\n\n<p>Proces kawitacji przy u\u017cyciu ultrad\u017awi\u0119k\u00f3w generuje pot\u0119\u017cne si\u0142y \u015bcinaj\u0105ce, kt\u00f3re zaburzaj\u0105 struktury kom\u00f3rkowe, co z kolei sprzyja transportowi substancji pomi\u0119dzy wn\u0119trzem kom\u00f3rki a otaczaj\u0105cym j\u0105 medium rozpuszczalnikowym. Z tego powodu ekstrakcja ultrad\u017awi\u0119kowa jest preferowan\u0105 metod\u0105 wydzielania i izolacji zwi\u0105zk\u00f3w uwi\u0119zionych w kom\u00f3rkach ro\u015blinnych.<\/p>\n\n\n\n<div class=\"wp-block-columns is-layout-flex wp-container-core-columns-is-layout-9d6595d7 wp-block-columns-is-layout-flex\">\n<div class=\"wp-block-column is-vertically-aligned-top is-layout-flow wp-block-column-is-layout-flow\" style=\"flex-basis:50%\">\n<p class=\"has-text-align-center\"><strong>Parametry techniczne urz\u0105dzenia<\/strong><\/p>\n\n\n\n<figure class=\"wp-block-table\"><table><tbody><tr><td>Pojemno\u015b\u0107 zbiornika<\/td><td>160 L<\/td><\/tr><tr><td>Moc grza\u0142ki glikolu<\/td><td>2 x 8 kW<\/td><\/tr><tr><td>Moc generatora mikrofal<\/td><td>2 x 500 W<\/td><\/tr><tr><td>Cz\u0119stotliwo\u015b\u0107 mikrofal<\/td><td>2,45 GHz \u00b1 50 Hz<\/td><\/tr><tr><td>Moc generatora ultrad\u017awi\u0119k\u00f3w<\/td><td>2 kW<\/td><\/tr><tr><td>Cz\u0119stotliwo\u015b\u0107 ultrad\u017awi\u0119k\u00f3w<\/td><td>20 kHz<\/td><\/tr><tr><td>Pompa od\u015brodkowa (x2)<\/td><td>0,37 kW, 2900 obr\/min<\/td><\/tr><tr><td>Czujnik temperatury<\/td><td>termopara typu K<\/td><\/tr><tr><td>Optyczny czujnik obecno\u015bci cieczy<\/td><td>C2 (FS-IR12)<\/td><\/tr><\/tbody><\/table><\/figure>\n<\/div>\n\n\n\n<div class=\"wp-block-column is-layout-flow wp-block-column-is-layout-flow\">\n<p class=\"has-text-align-center\"><strong>Galeria<\/strong><\/p>\n\n\n\nngg_shortcode_0_placeholder\n<\/div>\n<\/div>\n\n\n\n<div class=\"wp-block-columns is-layout-flex wp-container-core-columns-is-layout-9d6595d7 wp-block-columns-is-layout-flex\">\n<div class=\"wp-block-column is-layout-flow wp-block-column-is-layout-flow\" style=\"flex-basis:25%\">\n<div class=\"wp-block-buttons is-layout-flex wp-block-buttons-is-layout-flex\">\n<div class=\"wp-block-button\"><a class=\"wp-block-button__link wp-element-button\" href=\"https:\/\/www.promistech.pl\/?page_id=2036\">Poprzednie<\/a><\/div>\n<\/div>\n<\/div>\n\n\n\n<div class=\"wp-block-column is-vertically-aligned-center is-layout-flow wp-block-column-is-layout-flow\" style=\"flex-basis:50%\">\n<div class=\"wp-block-buttons is-content-justification-center is-layout-flex wp-container-core-buttons-is-layout-16018d1d wp-block-buttons-is-layout-flex\">\n<div class=\"wp-block-button\"><a class=\"wp-block-button__link wp-element-button\" href=\"http:\/\/www.promistech.pl\/?page_id=20\">Urz\u0105dzenia przemys\u0142owe<\/a><\/div>\n<\/div>\n<\/div>\n\n\n\n<div class=\"wp-block-column is-layout-flow wp-block-column-is-layout-flow\" style=\"flex-basis:25%\">\n<div class=\"wp-block-buttons is-content-justification-right is-layout-flex wp-container-core-buttons-is-layout-765c4724 wp-block-buttons-is-layout-flex\">\n<div class=\"wp-block-button\"><a class=\"wp-block-button__link wp-element-button\" href=\"https:\/\/www.promistech.pl\/?page_id=1205\">Nast\u0119pne<\/a><\/div>\n<\/div>\n<\/div>\n<\/div>\n","protected":false},"excerpt":{"rendered":"<p>Prototyp Ekstraktora Olejk\u00f3w z Zi\u00f3\u0142 i Nasion zosta\u0142 zaprojektowany do Laboratorium w Zak\u0142adach Mi\u0119snych. Urz\u0105dzenie jest wyposa\u017cone w zbiornik z p\u0142aszczem grzewczym (medium: glikol), mieszad\u0142o, komor\u0119 filtracyjn\u0105, pomp\u0119, wymienniki typu \u201erura w rurze\u201d, zawory, czujniki obecno\u015bci cieczy i temperatury, generatory ultrad\u017awi\u0119k\u00f3w i mikrofal. Zastosowanie ultrad\u017awi\u0119k\u00f3w i mikrofal powoduje powstanie zjawiska kawitacji. W wyniku tego zjawiska powstaj\u0105 si\u0142y \u015bcinaj\u0105ce powoduj\u0105ce perforacje &hellip; <\/p>\n","protected":false},"author":5,"featured_media":0,"parent":0,"menu_order":0,"comment_status":"closed","ping_status":"closed","template":"","meta":{"_eb_attr":"","ngg_post_thumbnail":0,"footnotes":""},"class_list":["post-1788","page","type-page","status-publish","hentry"],"_links":{"self":[{"href":"https:\/\/www.promistech.pl\/index.php?rest_route=\/wp\/v2\/pages\/1788","targetHints":{"allow":["GET"]}}],"collection":[{"href":"https:\/\/www.promistech.pl\/index.php?rest_route=\/wp\/v2\/pages"}],"about":[{"href":"https:\/\/www.promistech.pl\/index.php?rest_route=\/wp\/v2\/types\/page"}],"author":[{"embeddable":true,"href":"https:\/\/www.promistech.pl\/index.php?rest_route=\/wp\/v2\/users\/5"}],"replies":[{"embeddable":true,"href":"https:\/\/www.promistech.pl\/index.php?rest_route=%2Fwp%2Fv2%2Fcomments&post=1788"}],"version-history":[{"count":8,"href":"https:\/\/www.promistech.pl\/index.php?rest_route=\/wp\/v2\/pages\/1788\/revisions"}],"predecessor-version":[{"id":2227,"href":"https:\/\/www.promistech.pl\/index.php?rest_route=\/wp\/v2\/pages\/1788\/revisions\/2227"}],"wp:attachment":[{"href":"https:\/\/www.promistech.pl\/index.php?rest_route=%2Fwp%2Fv2%2Fmedia&parent=1788"}],"curies":[{"name":"wp","href":"https:\/\/api.w.org\/{rel}","templated":true}]}}