{"id":1820,"date":"2024-04-09T10:39:43","date_gmt":"2024-04-09T10:39:43","guid":{"rendered":"https:\/\/www.promistech.pl\/?page_id=1820"},"modified":"2025-02-20T10:42:09","modified_gmt":"2025-02-20T10:42:09","slug":"laboratoryjny-reaktor-mikrofalowy","status":"publish","type":"page","link":"https:\/\/www.promistech.pl\/?page_id=1820","title":{"rendered":"Laboratoryjny reaktor mikrofalowy"},"content":{"rendered":"\n<div class=\"wp-block-columns is-layout-flex wp-container-core-columns-is-layout-9d6595d7 wp-block-columns-is-layout-flex\">\n<div class=\"wp-block-column is-layout-flow wp-block-column-is-layout-flow\">\n<p>Laboratoryjny Reaktor Mikrofalowy zosta\u0142 zaprojektowany dla Politechniki Gda\u0144skiej \u2013 Wydzia\u0142 Chemiczny. Urz\u0105dzenie jest przeznaczone do prowadzenia eksperyment\u00f3w chemicznych z wykorzystaniem energii mikrofalowej. Reaktor sk\u0142ada si\u0119 z komory, wewn\u0105trz kt\u00f3rej znajduje si\u0119 kolba procesowa wraz z w\u0119\u017cem odprowadzaj\u0105cym gazy pojawiaj\u0105ce si\u0119 w trakcie procesu. Urz\u0105dzenie posiada wbudowane stanowisko umo\u017cliwiaj\u0105ce wykorzystanie mieszad\u0142a magnetycznego u\u0142atwiaj\u0105ce mieszanie substancji w trakcie proces\u00f3w chemicznych. Reaktor mikrofalowy wyposa\u017cony jest w czujnik temperatury i programator procesowy pozwalaj\u0105cy na nastaw\u0119 i kontrol\u0119 temperatury procesu.<\/p>\n\n\n\n<p class=\"has-text-align-center\"><strong>Parametry techniczne urz\u0105dzenia<\/strong><\/p>\n\n\n\n<figure class=\"wp-block-table\"><table><tbody><tr><td>Moc mikrofal<\/td><td>max. 0,6 kW, f=2,45 Ghz<\/td><\/tr><tr><td>Zasilanie<\/td><td>240 V (AC), 50 Hz, 1 kW (max)<\/td><\/tr><tr><td>Zakres temperatury<\/td><td>0-100\u00b0C<\/td><\/tr><tr><td>Zakres pr\u0119dko\u015bci mieszad\u0142a magnetycznego<\/td><td>0-200 obr.\/min<\/td><\/tr><\/tbody><\/table><\/figure>\n<\/div>\n\n\n\n<div class=\"wp-block-column is-layout-flow wp-block-column-is-layout-flow\">\n<p class=\"has-text-align-center\"><strong>Galeria<\/strong><\/p>\n\n\n\nngg_shortcode_0_placeholder\n<\/div>\n<\/div>\n\n\n\n<div class=\"wp-block-columns is-layout-flex wp-container-core-columns-is-layout-9d6595d7 wp-block-columns-is-layout-flex\">\n<div class=\"wp-block-column is-layout-flow wp-block-column-is-layout-flow\" style=\"flex-basis:25%\">\n<div class=\"wp-block-buttons is-layout-flex wp-block-buttons-is-layout-flex\">\n<div class=\"wp-block-button\"><a class=\"wp-block-button__link wp-element-button\" href=\"https:\/\/www.promistech.pl\/?page_id=1841\">Poprzednie<\/a><\/div>\n<\/div>\n<\/div>\n\n\n\n<div class=\"wp-block-column is-vertically-aligned-center is-layout-flow wp-block-column-is-layout-flow\" style=\"flex-basis:50%\">\n<div class=\"wp-block-buttons is-content-justification-center is-layout-flex wp-container-core-buttons-is-layout-16018d1d wp-block-buttons-is-layout-flex\">\n<div class=\"wp-block-button\"><a class=\"wp-block-button__link wp-element-button\" href=\"http:\/\/www.promistech.pl\/?page_id=13\">Urz\u0105dzenia laboratoryjne<\/a><\/div>\n<\/div>\n<\/div>\n\n\n\n<div class=\"wp-block-column is-layout-flow wp-block-column-is-layout-flow\" style=\"flex-basis:25%\">\n<div class=\"wp-block-buttons is-content-justification-right is-layout-flex wp-container-core-buttons-is-layout-765c4724 wp-block-buttons-is-layout-flex\">\n<div class=\"wp-block-button\"><a class=\"wp-block-button__link wp-element-button\" href=\"https:\/\/www.promistech.pl\/?page_id=1551\">Nast\u0119pne<\/a><\/div>\n<\/div>\n<\/div>\n<\/div>\n","protected":false},"excerpt":{"rendered":"<p>Laboratoryjny Reaktor Mikrofalowy zosta\u0142 zaprojektowany dla Politechniki Gda\u0144skiej \u2013 Wydzia\u0142 Chemiczny. Urz\u0105dzenie jest przeznaczone do prowadzenia eksperyment\u00f3w chemicznych z wykorzystaniem energii mikrofalowej. Reaktor sk\u0142ada si\u0119 z komory, wewn\u0105trz kt\u00f3rej znajduje si\u0119 kolba procesowa wraz z w\u0119\u017cem odprowadzaj\u0105cym gazy pojawiaj\u0105ce si\u0119 w trakcie procesu. Urz\u0105dzenie posiada wbudowane stanowisko umo\u017cliwiaj\u0105ce wykorzystanie mieszad\u0142a magnetycznego u\u0142atwiaj\u0105ce mieszanie substancji w trakcie proces\u00f3w chemicznych. Reaktor mikrofalowy &hellip; <\/p>\n","protected":false},"author":4,"featured_media":0,"parent":0,"menu_order":0,"comment_status":"closed","ping_status":"closed","template":"","meta":{"_eb_attr":"","ngg_post_thumbnail":0,"footnotes":""},"class_list":["post-1820","page","type-page","status-publish","hentry"],"_links":{"self":[{"href":"https:\/\/www.promistech.pl\/index.php?rest_route=\/wp\/v2\/pages\/1820","targetHints":{"allow":["GET"]}}],"collection":[{"href":"https:\/\/www.promistech.pl\/index.php?rest_route=\/wp\/v2\/pages"}],"about":[{"href":"https:\/\/www.promistech.pl\/index.php?rest_route=\/wp\/v2\/types\/page"}],"author":[{"embeddable":true,"href":"https:\/\/www.promistech.pl\/index.php?rest_route=\/wp\/v2\/users\/4"}],"replies":[{"embeddable":true,"href":"https:\/\/www.promistech.pl\/index.php?rest_route=%2Fwp%2Fv2%2Fcomments&post=1820"}],"version-history":[{"count":9,"href":"https:\/\/www.promistech.pl\/index.php?rest_route=\/wp\/v2\/pages\/1820\/revisions"}],"predecessor-version":[{"id":2638,"href":"https:\/\/www.promistech.pl\/index.php?rest_route=\/wp\/v2\/pages\/1820\/revisions\/2638"}],"wp:attachment":[{"href":"https:\/\/www.promistech.pl\/index.php?rest_route=%2Fwp%2Fv2%2Fmedia&parent=1820"}],"curies":[{"name":"wp","href":"https:\/\/api.w.org\/{rel}","templated":true}]}}