{"id":1827,"date":"2024-04-11T05:43:26","date_gmt":"2024-04-11T05:43:26","guid":{"rendered":"https:\/\/www.promistech.pl\/?page_id=1827"},"modified":"2025-02-10T12:53:41","modified_gmt":"2025-02-10T12:53:41","slug":"pasteryzator-z-pulsujacym-polem-magnetycznym-z-solenoidem","status":"publish","type":"page","link":"https:\/\/www.promistech.pl\/?page_id=1827","title":{"rendered":"Pasteryzator z pulsuj\u0105cym polem magnetycznym z solenoidem"},"content":{"rendered":"\n<div class=\"wp-block-columns is-layout-flex wp-container-core-columns-is-layout-9d6595d7 wp-block-columns-is-layout-flex\">\n<div class=\"wp-block-column is-layout-flow wp-block-column-is-layout-flow\" style=\"flex-basis:66%\">\n<p>Stanowisko z Polem Magnetycznym jest nowatorskim rozwi\u0105zaniem do pasteryzacji oraz redukcji patogen\u00f3w w produktach spo\u017cywczych. Urz\u0105dzenie wytwarza zr\u00f3\u017cnicowane pole magnetyczne, wykorzystuj\u0105c wiruj\u0105ce pole magnetyczne ze sta\u0142ymi silnymi magnesami neodymowymi w uk\u0142adzie Halbacha. W urz\u0105dzeniu zastosowano r\u00f3wnie\u017c solenoid, kt\u00f3ry wytwarza impulsowe pole elektromagnetyczne du\u017cej mocy. Takie oddzia\u0142ywanie na produkt zapewnia pasteryzacj\u0119 produkt\u00f3w owocowo-warzywnych, zbo\u017cowych, mi\u0119snych lub p\u0142ynnych.<\/p>\n\n\n\n<p class=\"has-text-align-center\"><strong>Parametry techniczne urz\u0105dzenia<\/strong><\/p>\n\n\n\n<figure class=\"wp-block-table\"><table><tbody><tr><td>Nat\u0119\u017cenie pola magnetycznego <\/td><td>0,50 T<\/td><\/tr><tr><td>Nat\u0119\u017cenie pola elektromagnetycznego<\/td><td>0,42 T<\/td><\/tr><tr><td>Zasilanie<\/td><td>3 x 400 V (AC)<\/td><\/tr><tr><td>Pob\u00f3r mocy &#8211; praca magnetyczna<\/td><td>500 W<\/td><\/tr><tr><td>Pob\u00f3r mocy &#8211; praca elektromagnetyczna<\/td><td>3000 W<\/td><\/tr><\/tbody><\/table><\/figure>\n<\/div>\n\n\n\n<div class=\"wp-block-column is-layout-flow wp-block-column-is-layout-flow\">\n<p class=\"has-text-align-center\"><strong>Galeria<\/strong><\/p>\n\n\n\nngg_shortcode_0_placeholder\n<\/div>\n<\/div>\n\n\n\n<div class=\"wp-block-columns is-layout-flex wp-container-core-columns-is-layout-9d6595d7 wp-block-columns-is-layout-flex\">\n<div class=\"wp-block-column is-layout-flow wp-block-column-is-layout-flow\" style=\"flex-basis:25%\">\n<div class=\"wp-block-buttons is-layout-flex wp-block-buttons-is-layout-flex\">\n<div class=\"wp-block-button\"><a class=\"wp-block-button__link wp-element-button\" href=\"https:\/\/www.promistech.pl\/?page_id=2627\">Poprzednie<\/a><\/div>\n<\/div>\n<\/div>\n\n\n\n<div class=\"wp-block-column is-vertically-aligned-center is-layout-flow wp-block-column-is-layout-flow\" style=\"flex-basis:50%\">\n<div class=\"wp-block-buttons is-content-justification-center is-layout-flex wp-container-core-buttons-is-layout-16018d1d wp-block-buttons-is-layout-flex\">\n<div class=\"wp-block-button\"><a class=\"wp-block-button__link wp-element-button\" href=\"http:\/\/www.promistech.pl\/?page_id=13\">Urz\u0105dzenia laboratoryjne<\/a><\/div>\n<\/div>\n<\/div>\n\n\n\n<div class=\"wp-block-column is-layout-flow wp-block-column-is-layout-flow\" style=\"flex-basis:25%\">\n<div class=\"wp-block-buttons is-content-justification-right is-layout-flex wp-container-core-buttons-is-layout-765c4724 wp-block-buttons-is-layout-flex\">\n<div class=\"wp-block-button\"><a class=\"wp-block-button__link wp-element-button\" href=\"https:\/\/www.promistech.pl\/?page_id=1820https:\/\/www.promistech.pl\/?page_id=1841\">Nast\u0119pne<\/a><\/div>\n<\/div>\n<\/div>\n<\/div>\n\n\n\n<p><\/p>\n","protected":false},"excerpt":{"rendered":"<p>Stanowisko z Polem Magnetycznym jest nowatorskim rozwi\u0105zaniem do pasteryzacji oraz redukcji patogen\u00f3w w produktach spo\u017cywczych. Urz\u0105dzenie wytwarza zr\u00f3\u017cnicowane pole magnetyczne, wykorzystuj\u0105c wiruj\u0105ce pole magnetyczne ze sta\u0142ymi silnymi magnesami neodymowymi w uk\u0142adzie Halbacha. W urz\u0105dzeniu zastosowano r\u00f3wnie\u017c solenoid, kt\u00f3ry wytwarza impulsowe pole elektromagnetyczne du\u017cej mocy. Takie oddzia\u0142ywanie na produkt zapewnia pasteryzacj\u0119 produkt\u00f3w owocowo-warzywnych, zbo\u017cowych, mi\u0119snych lub p\u0142ynnych. Parametry techniczne urz\u0105dzenia Nat\u0119\u017cenie &hellip; <\/p>\n","protected":false},"author":4,"featured_media":0,"parent":0,"menu_order":0,"comment_status":"closed","ping_status":"closed","template":"","meta":{"_eb_attr":"","ngg_post_thumbnail":0,"footnotes":""},"class_list":["post-1827","page","type-page","status-publish","hentry"],"_links":{"self":[{"href":"https:\/\/www.promistech.pl\/index.php?rest_route=\/wp\/v2\/pages\/1827","targetHints":{"allow":["GET"]}}],"collection":[{"href":"https:\/\/www.promistech.pl\/index.php?rest_route=\/wp\/v2\/pages"}],"about":[{"href":"https:\/\/www.promistech.pl\/index.php?rest_route=\/wp\/v2\/types\/page"}],"author":[{"embeddable":true,"href":"https:\/\/www.promistech.pl\/index.php?rest_route=\/wp\/v2\/users\/4"}],"replies":[{"embeddable":true,"href":"https:\/\/www.promistech.pl\/index.php?rest_route=%2Fwp%2Fv2%2Fcomments&post=1827"}],"version-history":[{"count":7,"href":"https:\/\/www.promistech.pl\/index.php?rest_route=\/wp\/v2\/pages\/1827\/revisions"}],"predecessor-version":[{"id":2634,"href":"https:\/\/www.promistech.pl\/index.php?rest_route=\/wp\/v2\/pages\/1827\/revisions\/2634"}],"wp:attachment":[{"href":"https:\/\/www.promistech.pl\/index.php?rest_route=%2Fwp%2Fv2%2Fmedia&parent=1827"}],"curies":[{"name":"wp","href":"https:\/\/api.w.org\/{rel}","templated":true}]}}