{"id":1841,"date":"2024-04-11T05:38:42","date_gmt":"2024-04-11T05:38:42","guid":{"rendered":"https:\/\/www.promistech.pl\/?page_id=1841"},"modified":"2024-05-08T10:03:52","modified_gmt":"2024-05-08T10:03:52","slug":"pasteryzator-z-plazma-koronowa","status":"publish","type":"page","link":"https:\/\/www.promistech.pl\/?page_id=1841","title":{"rendered":"Pasteryzator z plazm\u0105 koronow\u0105"},"content":{"rendered":"\n<div class=\"wp-block-columns is-layout-flex wp-container-core-columns-is-layout-9d6595d7 wp-block-columns-is-layout-flex\">\n<div class=\"wp-block-column is-layout-flow wp-block-column-is-layout-flow\" style=\"flex-basis:66%\">\n<p>Stanowisko badawcze do wytwarzania plazmy koronowej i barierowej przeznaczone jest do pasteryzacji produkt\u00f3w spo\u017cywczych. Urz\u0105dzenie zosta\u0142o zaprojektowane i zbudowane dla Zak\u0142ad\u00f3w Przemys\u0142u Mi\u0119snego. Pasteryzator plazmowy wykorzystuje oddzia\u0142ywanie tzw. zimnej plazmy na produkty spo\u017cywcze, kt\u00f3rej dzia\u0142anie redukuje zanieczyszczenia mikrobiologiczne. W zestawie laboratoryjnym z plazm\u0105 koronow\u0105, plazma jest wytwarzana w ci\u015bnieniu atmosferycznym w obecno\u015bci powietrza. Wy\u0142adowanie plazmowe powstaje pod wp\u0142ywem wysokiego napi\u0119cia w wyniku czego nast\u0119puje wytwarzanie swobodnych elektron\u00f3w oraz jon\u00f3w gaz\u00f3w. Zar\u00f3wno jony jak i elektrony padaj\u0105c na pr\u00f3bk\u0119 mi\u0119sa powoduj\u0105 denaturacj\u0119 bakterii oraz wirus\u00f3w na powierzchni mi\u0119sa. Podczas emisji plazmy wytwarza si\u0119 ozon, kt\u00f3ry r\u00f3wnie\u017c wp\u0142ywa korzystnie na redukcj\u0119 patogen\u00f3w. Do wytworzenia plazmy koronowej zastosowano wysokonapi\u0119ciowe zasilacze produkowane przez Nasz\u0105 Firm\u0119.<\/p>\n\n\n\n<p class=\"has-text-align-center\"><strong>Parametry techniczne urz\u0105dzenia<\/strong><\/p>\n\n\n\n<figure class=\"wp-block-table\"><table><tbody><tr><td>Zakres przep\u0142ywu gazu<\/td><td>0-2000 l\/h<\/td><\/tr><tr><td>Rotowanie plazmy<\/td><td>20 obr.\/min<\/td><\/tr><tr><td>Regulacja odleg\u0142o\u015bci g\u0142owicy plazmowej od pr\u00f3bki<\/td><td>0-20 cm<\/td><\/tr><tr><td>Napi\u0119cie<\/td><td>55-60 (HV)<\/td><\/tr><tr><td>Moc zasilania elektrycznego<\/td><td>1000 W<\/td><\/tr><\/tbody><\/table><\/figure>\n<\/div>\n\n\n\n<div class=\"wp-block-column is-layout-flow wp-block-column-is-layout-flow\">\n<p class=\"has-text-align-center\"><strong>Galeria<\/strong><\/p>\n\n\n\nngg_shortcode_0_placeholder\n<\/div>\n<\/div>\n\n\n\n<div class=\"wp-block-columns is-layout-flex wp-container-core-columns-is-layout-9d6595d7 wp-block-columns-is-layout-flex\">\n<div class=\"wp-block-column is-layout-flow wp-block-column-is-layout-flow\" style=\"flex-basis:25%\">\n<div class=\"wp-block-buttons is-layout-flex wp-block-buttons-is-layout-flex\">\n<div class=\"wp-block-button\"><a class=\"wp-block-button__link wp-element-button\" href=\"https:\/\/www.promistech.pl\/?page_id=1827\">Poprzednie<\/a><\/div>\n<\/div>\n<\/div>\n\n\n\n<div class=\"wp-block-column is-vertically-aligned-center is-layout-flow wp-block-column-is-layout-flow\" style=\"flex-basis:50%\">\n<div class=\"wp-block-buttons is-content-justification-center is-layout-flex wp-container-core-buttons-is-layout-16018d1d wp-block-buttons-is-layout-flex\">\n<div class=\"wp-block-button\"><a class=\"wp-block-button__link wp-element-button\" href=\"http:\/\/www.promistech.pl\/?page_id=13\">Urz\u0105dzenia laboratoryjne<\/a><\/div>\n<\/div>\n<\/div>\n\n\n\n<div class=\"wp-block-column is-layout-flow wp-block-column-is-layout-flow\" style=\"flex-basis:25%\">\n<div class=\"wp-block-buttons is-content-justification-right is-layout-flex wp-container-core-buttons-is-layout-765c4724 wp-block-buttons-is-layout-flex\">\n<div class=\"wp-block-button\"><a class=\"wp-block-button__link wp-element-button\" href=\"https:\/\/www.promistech.pl\/?page_id=1820\">Nast\u0119pne<\/a><\/div>\n<\/div>\n<\/div>\n<\/div>\n","protected":false},"excerpt":{"rendered":"<p>Stanowisko badawcze do wytwarzania plazmy koronowej i barierowej przeznaczone jest do pasteryzacji produkt\u00f3w spo\u017cywczych. Urz\u0105dzenie zosta\u0142o zaprojektowane i zbudowane dla Zak\u0142ad\u00f3w Przemys\u0142u Mi\u0119snego. Pasteryzator plazmowy wykorzystuje oddzia\u0142ywanie tzw. zimnej plazmy na produkty spo\u017cywcze, kt\u00f3rej dzia\u0142anie redukuje zanieczyszczenia mikrobiologiczne. W zestawie laboratoryjnym z plazm\u0105 koronow\u0105, plazma jest wytwarzana w ci\u015bnieniu atmosferycznym w obecno\u015bci powietrza. Wy\u0142adowanie plazmowe powstaje pod wp\u0142ywem wysokiego napi\u0119cia &hellip; <\/p>\n","protected":false},"author":4,"featured_media":0,"parent":0,"menu_order":0,"comment_status":"closed","ping_status":"closed","template":"","meta":{"_eb_attr":"","ngg_post_thumbnail":96,"footnotes":""},"class_list":["post-1841","page","type-page","status-publish","hentry"],"_links":{"self":[{"href":"https:\/\/www.promistech.pl\/index.php?rest_route=\/wp\/v2\/pages\/1841","targetHints":{"allow":["GET"]}}],"collection":[{"href":"https:\/\/www.promistech.pl\/index.php?rest_route=\/wp\/v2\/pages"}],"about":[{"href":"https:\/\/www.promistech.pl\/index.php?rest_route=\/wp\/v2\/types\/page"}],"author":[{"embeddable":true,"href":"https:\/\/www.promistech.pl\/index.php?rest_route=\/wp\/v2\/users\/4"}],"replies":[{"embeddable":true,"href":"https:\/\/www.promistech.pl\/index.php?rest_route=%2Fwp%2Fv2%2Fcomments&post=1841"}],"version-history":[{"count":8,"href":"https:\/\/www.promistech.pl\/index.php?rest_route=\/wp\/v2\/pages\/1841\/revisions"}],"predecessor-version":[{"id":2371,"href":"https:\/\/www.promistech.pl\/index.php?rest_route=\/wp\/v2\/pages\/1841\/revisions\/2371"}],"wp:attachment":[{"href":"https:\/\/www.promistech.pl\/index.php?rest_route=%2Fwp%2Fv2%2Fmedia&parent=1841"}],"curies":[{"name":"wp","href":"https:\/\/api.w.org\/{rel}","templated":true}]}}