{"id":20,"date":"2017-01-21T15:26:25","date_gmt":"2017-01-21T15:26:25","guid":{"rendered":"http:\/\/nowa.promistech.pl\/?page_id=20"},"modified":"2025-03-20T12:57:29","modified_gmt":"2025-03-20T12:57:29","slug":"urzadzenia-przemyslowe","status":"publish","type":"page","link":"https:\/\/www.promistech.pl\/?page_id=20","title":{"rendered":"Urz\u0105dzenia przemys\u0142owe"},"content":{"rendered":"\n<div class=\"wp-block-columns is-layout-flex wp-container-core-columns-is-layout-9d6595d7 wp-block-columns-is-layout-flex\">\n<div class=\"wp-block-column is-layout-flow wp-block-column-is-layout-flow\">\n<div class=\"wp-block-essential-blocks-button\"><div class=\"eb-parent-wrapper eb-parent-eb-button-7a4q9 eb_animation eb___animated eb___zoomIn\"><div class=\"eb-button-wrapper eb-button-alignment eb-button-7a4q9\"><div class=\"eb-button\"><a class=\"eb-button-anchor hvr-grow\" href=\"https:\/\/www.promistech.pl\/?page_id=2036\" rel=\"noopener\">Piec mikrofalowy do podgrzewania gumy<\/a><\/div><\/div><\/div><\/div>\n\n\n\n<div class=\"wp-block-essential-blocks-button\"><div class=\"eb-parent-wrapper eb-parent-eb-button-7rge9 eb_animation eb___animated eb___zoomIn\"><div class=\"eb-button-wrapper eb-button-alignment eb-button-7rge9\"><div class=\"eb-button\"><a class=\"eb-button-anchor hvr-grow\" href=\"https:\/\/www.promistech.pl\/?page_id=1327\" rel=\"noopener\">Suszarnia mikrofalowo-pr\u00f3\u017cniowa tr\u00f3jkomorowa<\/a><\/div><\/div><\/div><\/div>\n\n\n\n<div class=\"wp-block-essential-blocks-button\"><div class=\"eb-parent-wrapper eb-parent-eb-button-yym7g eb_animation eb___animated eb___zoomIn\"><div class=\"eb-button-wrapper eb-button-alignment eb-button-yym7g\"><div class=\"eb-button\"><a class=\"eb-button-anchor hvr-grow\" href=\"https:\/\/www.promistech.pl\/?page_id=1174\" rel=\"noopener\">Hybrydowa suszarnia do materia\u0142\u00f3w ogniotrwa\u0142ych<\/a><\/div><\/div><\/div><\/div>\n\n\n\n<div class=\"wp-block-essential-blocks-button\"><div class=\"eb-parent-wrapper eb-parent-eb-button-qtms1 eb_animation eb___animated eb___zoomIn\"><div class=\"eb-button-wrapper eb-button-alignment eb-button-qtms1\"><div class=\"eb-button\"><a class=\"eb-button-anchor hvr-grow\" href=\"https:\/\/www.promistech.pl\/?page_id=2659\" rel=\"noopener\">Pasteryzator plazmowy<\/a><\/div><\/div><\/div><\/div>\n<\/div>\n\n\n\n<div class=\"wp-block-column is-layout-flow wp-block-column-is-layout-flow\">\n<div class=\"wp-block-essential-blocks-button\"><div class=\"eb-parent-wrapper eb-parent-eb-button-lxnkd eb_animation eb___animated eb___zoomIn\"><div class=\"eb-button-wrapper eb-button-alignment eb-button-lxnkd\"><div class=\"eb-button\"><a class=\"eb-button-anchor hvr-grow\" href=\"https:\/\/www.promistech.pl\/?page_id=1788\" rel=\"noopener\">Ekstraktor olejk\u00f3w z zi\u00f3\u0142 i nasion z genetratorem ultrad\u017awi\u0119k\u00f3w i mikrofal<\/a><\/div><\/div><\/div><\/div>\n\n\n\n<div class=\"wp-block-essential-blocks-button\"><div class=\"eb-parent-wrapper eb-parent-eb-button-n6aae eb_animation eb___animated eb___zoomIn\"><div class=\"eb-button-wrapper eb-button-alignment eb-button-n6aae\"><div class=\"eb-button\"><a class=\"eb-button-anchor hvr-grow\" href=\"https:\/\/www.promistech.pl\/?page_id=1342\" rel=\"noopener\">Komorowa suszarnia mikrofalowo-pr\u00f3\u017cniowa<\/a><\/div><\/div><\/div><\/div>\n\n\n\n<div class=\"wp-block-essential-blocks-button\"><div class=\"eb-parent-wrapper eb-parent-eb-button-aq9yh eb_animation eb___animated eb___zoomIn\"><div class=\"eb-button-wrapper eb-button-alignment eb-button-aq9yh\"><div class=\"eb-button\"><a class=\"eb-button-anchor hvr-grow\" href=\"https:\/\/www.promistech.pl\/?page_id=1187\" rel=\"noopener\">System plazmowy do produkcji wody wzbogaconej azotem<\/a><\/div><\/div><\/div><\/div>\n\n\n\n<div class=\"wp-block-essential-blocks-button\"><div class=\"eb-parent-wrapper eb-parent-eb-button-p17pd eb_animation eb___animated eb___zoomIn\"><div class=\"eb-button-wrapper eb-button-alignment eb-button-p17pd\"><div class=\"eb-button\"><a class=\"eb-button-anchor hvr-grow\" href=\"https:\/\/www.promistech.pl\/?page_id=1348\" rel=\"noopener\">Zasilacz generatora mikrofal<\/a><\/div><\/div><\/div><\/div>\n<\/div>\n\n\n\n<div class=\"wp-block-column is-layout-flow wp-block-column-is-layout-flow\">\n<div class=\"wp-block-essential-blocks-button\"><div class=\"eb-parent-wrapper eb-parent-eb-button-pwx81 eb_animation eb___animated eb___zoomIn\"><div class=\"eb-button-wrapper eb-button-alignment eb-button-pwx81\"><div class=\"eb-button\"><a class=\"eb-button-anchor hvr-grow\" href=\"https:\/\/www.promistech.pl\/?page_id=1205\" rel=\"noopener\">Suszarnia pulso-fluidyzacyjna wspomagana mikrofalami<\/a><\/div><\/div><\/div><\/div>\n\n\n\n<div class=\"wp-block-essential-blocks-button\"><div class=\"eb-parent-wrapper eb-parent-eb-button-w854q eb_animation eb___animated eb___zoomIn\"><div class=\"eb-button-wrapper eb-button-alignment eb-button-w854q\"><div class=\"eb-button\"><a class=\"eb-button-anchor hvr-grow\" href=\"https:\/\/www.promistech.pl\/?page_id=1191\" rel=\"noopener\">Mikrofalowe urz\u0105dzenie do sterylizacji w pojemnikach<\/a><\/div><\/div><\/div><\/div>\n\n\n\n<div class=\"wp-block-essential-blocks-button\"><div class=\"eb-parent-wrapper eb-parent-eb-button-qtms1 eb_animation eb___animated eb___zoomIn\"><div class=\"eb-button-wrapper eb-button-alignment eb-button-qtms1\"><div class=\"eb-button\"><a class=\"eb-button-anchor hvr-grow\" href=\"https:\/\/www.promistech.pl\/?page_id=1229\" rel=\"noopener\">Mikrofalowy zestaw do suszenia mur\u00f3w<\/a><\/div><\/div><\/div><\/div>\n\n\n\n<div class=\"wp-block-essential-blocks-button\"><div class=\"eb-parent-wrapper eb-parent-eb-button-7xyju eb_animation eb___animated eb___zoomIn\"><div class=\"eb-button-wrapper eb-button-alignment eb-button-7xyju\"><div class=\"eb-button\"><a class=\"eb-button-anchor hvr-grow\" href=\"https:\/\/www.promistech.pl\/?page_id=1370\" rel=\"noopener\">Generator mikrofal<\/a><\/div><\/div><\/div><\/div>\n<\/div>\n\n\n\n<div class=\"wp-block-column is-layout-flow wp-block-column-is-layout-flow\">\n<div class=\"wp-block-essential-blocks-button\"><div class=\"eb-parent-wrapper eb-parent-eb-button-pd93t eb_animation eb___animated eb___zoomIn\"><div class=\"eb-button-wrapper eb-button-alignment eb-button-pd93t\"><div class=\"eb-button\"><a class=\"eb-button-anchor hvr-grow\" href=\"https:\/\/www.promistech.pl\/?page_id=2589\" rel=\"noopener\">Pra\u017calnik mikrofalowo &#8211; pr\u00f3\u017cniowy<\/a><\/div><\/div><\/div><\/div>\n\n\n\n<div class=\"wp-block-essential-blocks-button\"><div class=\"eb-parent-wrapper eb-parent-eb-button-lny2n eb_animation eb___animated eb___zoomIn\"><div class=\"eb-button-wrapper eb-button-alignment eb-button-lny2n\"><div class=\"eb-button\"><a class=\"eb-button-anchor hvr-grow\" href=\"https:\/\/www.promistech.pl\/?page_id=1310\" rel=\"noopener\">Zestaw automatycznych suszarni mikrofalowo-pr\u00f3\u017cniowych<\/a><\/div><\/div><\/div><\/div>\n\n\n\n<div class=\"wp-block-essential-blocks-button\"><div class=\"eb-parent-wrapper eb-parent-eb-button-qtms1 eb_animation eb___animated eb___zoomIn\"><div class=\"eb-button-wrapper eb-button-alignment eb-button-qtms1\"><div class=\"eb-button\"><a class=\"eb-button-anchor hvr-grow\" href=\"https:\/\/www.promistech.pl\/?page_id=2640\" rel=\"noopener\">Pasteryzator z pulsuj\u0105cym polem magnetycznym<\/a><\/div><\/div><\/div><\/div>\n<\/div>\n<\/div>\n","protected":false},"excerpt":{"rendered":"","protected":false},"author":2,"featured_media":0,"parent":0,"menu_order":3,"comment_status":"closed","ping_status":"closed","template":"","meta":{"_eb_attr":"","ngg_post_thumbnail":0,"footnotes":""},"class_list":["post-20","page","type-page","status-publish","hentry"],"_links":{"self":[{"href":"https:\/\/www.promistech.pl\/index.php?rest_route=\/wp\/v2\/pages\/20","targetHints":{"allow":["GET"]}}],"collection":[{"href":"https:\/\/www.promistech.pl\/index.php?rest_route=\/wp\/v2\/pages"}],"about":[{"href":"https:\/\/www.promistech.pl\/index.php?rest_route=\/wp\/v2\/types\/page"}],"author":[{"embeddable":true,"href":"https:\/\/www.promistech.pl\/index.php?rest_route=\/wp\/v2\/users\/2"}],"replies":[{"embeddable":true,"href":"https:\/\/www.promistech.pl\/index.php?rest_route=%2Fwp%2Fv2%2Fcomments&post=20"}],"version-history":[{"count":60,"href":"https:\/\/www.promistech.pl\/index.php?rest_route=\/wp\/v2\/pages\/20\/revisions"}],"predecessor-version":[{"id":2686,"href":"https:\/\/www.promistech.pl\/index.php?rest_route=\/wp\/v2\/pages\/20\/revisions\/2686"}],"wp:attachment":[{"href":"https:\/\/www.promistech.pl\/index.php?rest_route=%2Fwp%2Fv2%2Fmedia&parent=20"}],"curies":[{"name":"wp","href":"https:\/\/api.w.org\/{rel}","templated":true}]}}