{"id":2036,"date":"2024-04-12T05:49:52","date_gmt":"2024-04-12T05:49:52","guid":{"rendered":"https:\/\/www.promistech.pl\/?page_id=2036"},"modified":"2024-04-16T11:28:10","modified_gmt":"2024-04-16T11:28:10","slug":"piec-mikrofalowy-do-podgrzewania-gumy","status":"publish","type":"page","link":"https:\/\/www.promistech.pl\/?page_id=2036","title":{"rendered":"Piec mikrofalowy do podgrzewania gumy"},"content":{"rendered":"\n<p>Piec Mikrofalowy do Podgrzewania Gumy s\u0142u\u017cy do wst\u0119pnego rozgrzania materia\u0142u na ta\u015bmie \u2013 do max. 200\u00b0C, inicjuj\u0105c proces wulkanizacji gumy. Obudowa urz\u0105dzenia wykonana jest ze stali nierdzewnej. Urz\u0105dzenie wyposa\u017cone jest w komputer i program steruj\u0105cy prac\u0105 urz\u0105dzenia, w kt\u00f3rym jest mo\u017cliwo\u015b\u0107 nastawy mocy mikrofal i w\u0142\u0105czenia grza\u0142ek podczerwieni, a tak\u017ce temperatury procesu. Zar\u00f3wno generatory mikrofal jak i grza\u0142ki podczerwieni mo\u017cna wy\u0142\u0105czy\u0107 w danych sekcjach. Przy generatorach mikrofalowych znajduj\u0105 si\u0119 stroiki 3-ko\u0142kowe, kt\u00f3re umo\u017cliwiaj\u0105 popraw\u0119 sprawno\u015bci transmisji energii mikrofalowej z generatora mikrofal do materia\u0142u poddanego dzia\u0142aniu mikrofal. Urz\u0105dzenie wyposa\u017cone jest w miernik i czujniki wycieku mikrofal (na wej\u015bciu i wyj\u015bciu maszyny), a tak\u017ce r\u0119czny system gaszenia. Dodatkowo urz\u0105dzenie posiada pirometry, kt\u00f3re kontroluj\u0105 temperatur\u0119 materia\u0142u.<\/p>\n\n\n\n<div class=\"wp-block-columns is-layout-flex wp-container-core-columns-is-layout-9d6595d7 wp-block-columns-is-layout-flex\">\n<div class=\"wp-block-column is-layout-flow wp-block-column-is-layout-flow\">\n<p class=\"has-text-align-center\"><strong>Parametry techniczne urz\u0105dzenia<\/strong><\/p>\n\n\n\n<figure class=\"wp-block-table\"><table><tbody><tr><td>Moc mikrofal<\/td><td>2 x 3 kW, f=2,45 GHz<\/td><\/tr><tr><td>Moc grza\u0142ek podczerwieni<\/td><td>4 x 0,6 kW<\/td><\/tr><tr><td>Pr\u0119dko\u015b\u0107 ta\u015bmy<\/td><td>0,08 \u2013 7 m\/min<\/td><\/tr><\/tbody><\/table><\/figure>\n<\/div>\n\n\n\n<div class=\"wp-block-column is-layout-flow wp-block-column-is-layout-flow\">\n<p class=\"has-text-align-center\"><strong>Galeria<\/strong><\/p>\n\n\n\nngg_shortcode_0_placeholder\n<\/div>\n<\/div>\n\n\n\n<div class=\"wp-block-columns is-layout-flex wp-container-core-columns-is-layout-9d6595d7 wp-block-columns-is-layout-flex\">\n<div class=\"wp-block-column is-layout-flow wp-block-column-is-layout-flow\" style=\"flex-basis:25%\"><\/div>\n\n\n\n<div class=\"wp-block-column is-vertically-aligned-center is-layout-flow wp-block-column-is-layout-flow\" style=\"flex-basis:50%\">\n<div class=\"wp-block-buttons is-content-justification-center is-layout-flex wp-container-core-buttons-is-layout-16018d1d wp-block-buttons-is-layout-flex\">\n<div class=\"wp-block-button\"><a class=\"wp-block-button__link wp-element-button\" href=\"http:\/\/www.promistech.pl\/?page_id=20\">Urz\u0105dzenia przemys\u0142owe<\/a><\/div>\n<\/div>\n<\/div>\n\n\n\n<div class=\"wp-block-column is-layout-flow wp-block-column-is-layout-flow\" style=\"flex-basis:25%\">\n<div class=\"wp-block-buttons is-content-justification-right is-layout-flex wp-container-core-buttons-is-layout-765c4724 wp-block-buttons-is-layout-flex\">\n<div class=\"wp-block-button\"><a class=\"wp-block-button__link wp-element-button\" href=\"https:\/\/www.promistech.pl\/?page_id=1788\">Nast\u0119pne<\/a><\/div>\n<\/div>\n<\/div>\n<\/div>\n","protected":false},"excerpt":{"rendered":"<p>Piec Mikrofalowy do Podgrzewania Gumy s\u0142u\u017cy do wst\u0119pnego rozgrzania materia\u0142u na ta\u015bmie \u2013 do max. 200\u00b0C, inicjuj\u0105c proces wulkanizacji gumy. Obudowa urz\u0105dzenia wykonana jest ze stali nierdzewnej. Urz\u0105dzenie wyposa\u017cone jest w komputer i program steruj\u0105cy prac\u0105 urz\u0105dzenia, w kt\u00f3rym jest mo\u017cliwo\u015b\u0107 nastawy mocy mikrofal i w\u0142\u0105czenia grza\u0142ek podczerwieni, a tak\u017ce temperatury procesu. Zar\u00f3wno generatory mikrofal jak i grza\u0142ki podczerwieni mo\u017cna &hellip; <\/p>\n","protected":false},"author":5,"featured_media":0,"parent":0,"menu_order":0,"comment_status":"closed","ping_status":"closed","template":"","meta":{"_eb_attr":"","ngg_post_thumbnail":0,"footnotes":""},"class_list":["post-2036","page","type-page","status-publish","hentry"],"_links":{"self":[{"href":"https:\/\/www.promistech.pl\/index.php?rest_route=\/wp\/v2\/pages\/2036","targetHints":{"allow":["GET"]}}],"collection":[{"href":"https:\/\/www.promistech.pl\/index.php?rest_route=\/wp\/v2\/pages"}],"about":[{"href":"https:\/\/www.promistech.pl\/index.php?rest_route=\/wp\/v2\/types\/page"}],"author":[{"embeddable":true,"href":"https:\/\/www.promistech.pl\/index.php?rest_route=\/wp\/v2\/users\/5"}],"replies":[{"embeddable":true,"href":"https:\/\/www.promistech.pl\/index.php?rest_route=%2Fwp%2Fv2%2Fcomments&post=2036"}],"version-history":[{"count":7,"href":"https:\/\/www.promistech.pl\/index.php?rest_route=\/wp\/v2\/pages\/2036\/revisions"}],"predecessor-version":[{"id":2067,"href":"https:\/\/www.promistech.pl\/index.php?rest_route=\/wp\/v2\/pages\/2036\/revisions\/2067"}],"wp:attachment":[{"href":"https:\/\/www.promistech.pl\/index.php?rest_route=%2Fwp%2Fv2%2Fmedia&parent=2036"}],"curies":[{"name":"wp","href":"https:\/\/api.w.org\/{rel}","templated":true}]}}