{"id":2589,"date":"2024-08-20T11:00:18","date_gmt":"2024-08-20T11:00:18","guid":{"rendered":"https:\/\/www.promistech.pl\/?page_id=2589"},"modified":"2024-08-20T11:55:55","modified_gmt":"2024-08-20T11:55:55","slug":"prazalnik-mikrofalowo-prozniowy","status":"publish","type":"page","link":"https:\/\/www.promistech.pl\/?page_id=2589","title":{"rendered":"Pra\u017calnik mikrofalowo-pr\u00f3\u017cniowy"},"content":{"rendered":"\n<div class=\"wp-block-columns is-layout-flex wp-container-core-columns-is-layout-9d6595d7 wp-block-columns-is-layout-flex\">\n<div class=\"wp-block-column is-layout-flow wp-block-column-is-layout-flow\">\n<p class=\"has-text-align-center\"><strong>Opis<\/strong><\/p>\n\n\n\n<p>Mikrofalowo-pr\u00f3\u017cniowy pra\u017calnik to zaawansowane urz\u0105dzenie technologiczne zaprojektowane do pra\u017cenia materia\u0142\u00f3w biologicznych, takich jak orzechy, z wykorzystaniem energii mikrofalowej oraz podci\u015bnienia. Kluczow\u0105 cech\u0105 tego urz\u0105dzenia jest obracaj\u0105cy si\u0119 b\u0119ben, wewn\u0105trz kt\u00f3rego przemieszcza si\u0119 materia\u0142, co zapewnia r\u00f3wnomierne rozprowadzenie ciep\u0142a w ca\u0142ej jego obj\u0119to\u015bci. Dzi\u0119ki obni\u017ceniu ci\u015bnienia w komorze dielektrycznej, woda zaczyna wrze\u0107 i gwa\u0142townie odparowywa\u0107 ju\u017c przy temperaturach znacznie ni\u017cszych ni\u017c 100\u00b0C, co przyspiesza proces suszenia ziaren przed ich pra\u017ceniem. Zastosowanie energii mikrofalowej, kt\u00f3ra przenika w g\u0142\u0105b ziaren, w po\u0142\u0105czeniu z kontrolowanym ci\u015bnieniem, prowadzi do modyfikacji struktury materia\u0142u, nadaj\u0105c ziarnom po\u017c\u0105dan\u0105 chrupko\u015b\u0107.<\/p>\n\n\n\n<p class=\"has-text-align-center\"><strong>Galeria<\/strong><\/p>\n\n\n\nngg_shortcode_0_placeholder\n<\/div>\n\n\n\n<div class=\"wp-block-column is-layout-flow wp-block-column-is-layout-flow\">\n<p class=\"has-text-align-center\"><strong>Parametry techniczne urz\u0105dzenia<\/strong><\/p>\n\n\n\n<figure class=\"wp-block-table\"><table class=\"has-fixed-layout\"><tbody><tr><td>Zasilanie<\/td><td>3 x 380 V (AC) (50Hz)<\/td><\/tr><tr><td>Pob\u00f3r mocy (maksymalny)<\/td><td>70 kW<\/td><\/tr><tr><td>Komora robocza suszarki<\/td><td>cylindryczna, pr\u00f3\u017cniowa, obrotowa, wykonana z PP<\/td><\/tr><tr><td>Rodzaj pracy<\/td><td>okresowy<\/td><\/tr><tr><td>Wielko\u015b\u0107 wsadu materia\u0142u<\/td><td>max. 6,0 kg<\/td><\/tr><tr><td>Moc mikrofal<\/td><td>0 \u2013 24 kW<\/td><\/tr><tr><td>Ilo\u015b\u0107 magnetron\u00f3w<\/td><td>16 szt<\/td><\/tr><tr><td>Ch\u0142odzenie magnetron\u00f3w<\/td><td>wodne<\/td><\/tr><tr><td>Ci\u015bnienie w komorze roboczej<\/td><td>20 &#8211; 36 hPa<\/td><\/tr><tr><td>Uk\u0142ad sterowania<\/td><td>r\u0119czne (szafy sterownicze z przyciskami manipulacyjnymi),<br>automatyczne (sterownik mikroprocesorowy)<\/td><\/tr><tr><td>Za\u0142adunek materia\u0142u<\/td><td>r\u0119czny, na specjalnych podajnikach<\/td><\/tr><\/tbody><\/table><\/figure>\n<\/div>\n<\/div>\n\n\n\n<div class=\"wp-block-columns is-layout-flex wp-container-core-columns-is-layout-9d6595d7 wp-block-columns-is-layout-flex\">\n<div class=\"wp-block-column is-layout-flow wp-block-column-is-layout-flow\" style=\"flex-basis:25%\">\n<div class=\"wp-block-buttons is-layout-flex wp-block-buttons-is-layout-flex\">\n<div class=\"wp-block-button\"><a class=\"wp-block-button__link wp-element-button\" href=\"https:\/\/www.promistech.pl\/?page_id=1205\">Poprzednie<\/a><\/div>\n<\/div>\n<\/div>\n\n\n\n<div class=\"wp-block-column is-vertically-aligned-center is-layout-flow wp-block-column-is-layout-flow\" style=\"flex-basis:50%\">\n<div class=\"wp-block-buttons is-content-justification-center is-layout-flex wp-container-core-buttons-is-layout-16018d1d wp-block-buttons-is-layout-flex\">\n<div class=\"wp-block-button\"><a class=\"wp-block-button__link wp-element-button\" href=\"http:\/\/www.promistech.pl\/?page_id=20\">Urz\u0105dzenia przemys\u0142owe<\/a><\/div>\n<\/div>\n<\/div>\n\n\n\n<div class=\"wp-block-column is-layout-flow wp-block-column-is-layout-flow\" style=\"flex-basis:25%\">\n<div class=\"wp-block-buttons is-content-justification-right is-layout-flex wp-container-core-buttons-is-layout-765c4724 wp-block-buttons-is-layout-flex\">\n<div class=\"wp-block-button\"><a class=\"wp-block-button__link wp-element-button\" href=\"https:\/\/www.promistech.pl\/?page_id=1327\">Nast\u0119pne<\/a><\/div>\n<\/div>\n<\/div>\n<\/div>\n","protected":false},"excerpt":{"rendered":"<p>Opis Mikrofalowo-pr\u00f3\u017cniowy pra\u017calnik to zaawansowane urz\u0105dzenie technologiczne zaprojektowane do pra\u017cenia materia\u0142\u00f3w biologicznych, takich jak orzechy, z wykorzystaniem energii mikrofalowej oraz podci\u015bnienia. Kluczow\u0105 cech\u0105 tego urz\u0105dzenia jest obracaj\u0105cy si\u0119 b\u0119ben, wewn\u0105trz kt\u00f3rego przemieszcza si\u0119 materia\u0142, co zapewnia r\u00f3wnomierne rozprowadzenie ciep\u0142a w ca\u0142ej jego obj\u0119to\u015bci. Dzi\u0119ki obni\u017ceniu ci\u015bnienia w komorze dielektrycznej, woda zaczyna wrze\u0107 i gwa\u0142townie odparowywa\u0107 ju\u017c przy temperaturach znacznie ni\u017cszych &hellip; <\/p>\n","protected":false},"author":5,"featured_media":0,"parent":0,"menu_order":0,"comment_status":"closed","ping_status":"closed","template":"","meta":{"_eb_attr":"","ngg_post_thumbnail":0,"footnotes":""},"class_list":["post-2589","page","type-page","status-publish","hentry"],"_links":{"self":[{"href":"https:\/\/www.promistech.pl\/index.php?rest_route=\/wp\/v2\/pages\/2589","targetHints":{"allow":["GET"]}}],"collection":[{"href":"https:\/\/www.promistech.pl\/index.php?rest_route=\/wp\/v2\/pages"}],"about":[{"href":"https:\/\/www.promistech.pl\/index.php?rest_route=\/wp\/v2\/types\/page"}],"author":[{"embeddable":true,"href":"https:\/\/www.promistech.pl\/index.php?rest_route=\/wp\/v2\/users\/5"}],"replies":[{"embeddable":true,"href":"https:\/\/www.promistech.pl\/index.php?rest_route=%2Fwp%2Fv2%2Fcomments&post=2589"}],"version-history":[{"count":6,"href":"https:\/\/www.promistech.pl\/index.php?rest_route=\/wp\/v2\/pages\/2589\/revisions"}],"predecessor-version":[{"id":2611,"href":"https:\/\/www.promistech.pl\/index.php?rest_route=\/wp\/v2\/pages\/2589\/revisions\/2611"}],"wp:attachment":[{"href":"https:\/\/www.promistech.pl\/index.php?rest_route=%2Fwp%2Fv2%2Fmedia&parent=2589"}],"curies":[{"name":"wp","href":"https:\/\/api.w.org\/{rel}","templated":true}]}}