{"id":2640,"date":"2025-03-20T10:20:13","date_gmt":"2025-03-20T10:20:13","guid":{"rendered":"https:\/\/www.promistech.pl\/?page_id=2640"},"modified":"2025-03-20T13:02:53","modified_gmt":"2025-03-20T13:02:53","slug":"pasteryzator-z-pulsujacym-polem-magnetycznym","status":"publish","type":"page","link":"https:\/\/www.promistech.pl\/?page_id=2640","title":{"rendered":"Pasteryzator z pulsuj\u0105cym polem magnetycznym"},"content":{"rendered":"\n<p>Urz\u0105dzenie wykorzystuje pulsuj\u0105ce pole magnetyczne do obr\u00f3bki mi\u0119sa w hermetycznych opakowaniach, poprawiaj\u0105c jego jako\u015b\u0107 i trwa\u0142o\u015b\u0107.<\/p>\n\n\n\n<p class=\"has-text-align-center\"><strong><strong><strong>Dzia\u0142anie<\/strong><\/strong><\/strong><\/p>\n\n\n\n<p>Po zapakowaniu mi\u0119so trafia na ta\u015bm\u0119, gdzie poddawane jest dzia\u0142aniu pola magnetycznego (do 0,6 T). Proces ten:<\/p>\n\n\n\n<ul class=\"wp-block-list\">\n<li>Poprawia tekstur\u0119 i zdolno\u015b\u0107 wi\u0105zania wody,<\/li>\n\n\n\n<li>Zwi\u0119ksza trwa\u0142o\u015b\u0107, redukuj\u0105c niepo\u017c\u0105dane zmiany chemiczne,<\/li>\n\n\n\n<li>Ogranicza rozw\u00f3j patogen\u00f3w.<\/li>\n<\/ul>\n\n\n\n<div class=\"wp-block-columns are-vertically-aligned-top is-layout-flex wp-container-core-columns-is-layout-9d6595d7 wp-block-columns-is-layout-flex\">\n<div class=\"wp-block-column is-vertically-aligned-top is-layout-flow wp-block-column-is-layout-flow\" style=\"flex-basis:66%\">\n<p class=\"has-text-align-center\"><strong><strong><strong>Sterowanie<\/strong><\/strong><\/strong><\/p>\n\n\n\n<p>Panel sterowniczy umo\u017cliwia regulacj\u0119 pr\u0119dko\u015bci ta\u015bmy, wysoko\u015bci p\u0142yt magnetycznych i optymalizacj\u0119 procesu.<\/p>\n\n\n\n<p class=\"has-text-align-center\"><strong><strong><strong><strong><strong>Zalety<\/strong><\/strong><\/strong><\/strong><\/strong><\/p>\n\n\n\n<ul class=\"wp-block-list\">\n<li>Bez dodatk\u00f3w chemicznych<\/li>\n\n\n\n<li>Poprawia w\u0142a\u015bciwo\u015bci mi\u0119sa<\/li>\n\n\n\n<li>Mo\u017ce by\u0107 integrowane z innymi systemami<\/li>\n<\/ul>\n\n\n\n<p>Technologia pasteryzacji z pulsuj\u0105cym polem magnetycznym znajduje zastosowanie w przemy\u015ble spo\u017cywczym, zapewniaj\u0105c wysok\u0105 jako\u015b\u0107 i bezpiecze\u0144stwo produkt\u00f3w mi\u0119snych.<\/p>\n<\/div>\n\n\n\n<div class=\"wp-block-column is-vertically-aligned-top is-layout-flow wp-block-column-is-layout-flow\" style=\"flex-basis:34%\">\n<p class=\"has-text-align-center\"><strong>Galeria<\/strong><\/p>\n\n\n\nngg_shortcode_0_placeholder\n<\/div>\n<\/div>\n\n\n\n<div class=\"wp-block-columns is-layout-flex wp-container-core-columns-is-layout-9d6595d7 wp-block-columns-is-layout-flex\">\n<div class=\"wp-block-column is-layout-flow wp-block-column-is-layout-flow\" style=\"flex-basis:25%\">\n<div class=\"wp-block-buttons is-layout-flex wp-block-buttons-is-layout-flex\">\n<div class=\"wp-block-button\"><a class=\"wp-block-button__link wp-element-button\" href=\"https:\/\/www.promistech.pl\/?page_id=1229\">Poprzednie<\/a><\/div>\n<\/div>\n<\/div>\n\n\n\n<div class=\"wp-block-column is-vertically-aligned-center is-layout-flow wp-block-column-is-layout-flow\" style=\"flex-basis:50%\">\n<div class=\"wp-block-buttons is-content-justification-center is-layout-flex wp-container-core-buttons-is-layout-5e6b19ed wp-block-buttons-is-layout-flex\">\n<div class=\"wp-block-button\"><a class=\"wp-block-button__link wp-element-button\" href=\"http:\/\/www.promistech.pl\/?page_id=20\">Urz\u0105dzenia przemys\u0142owe<\/a><\/div>\n<\/div>\n<\/div>\n\n\n\n<div class=\"wp-block-column is-layout-flow wp-block-column-is-layout-flow\" style=\"flex-basis:25%\">\n<div class=\"wp-block-buttons is-content-justification-right is-layout-flex wp-container-core-buttons-is-layout-765c4724 wp-block-buttons-is-layout-flex\">\n<div class=\"wp-block-button\"><a class=\"wp-block-button__link wp-element-button\" href=\"https:\/\/www.promistech.pl\/?page_id=2659\">Nast\u0119pne<\/a><\/div>\n<\/div>\n<\/div>\n<\/div>\n\n\n\n<p><\/p>\n","protected":false},"excerpt":{"rendered":"<p>Urz\u0105dzenie wykorzystuje pulsuj\u0105ce pole magnetyczne do obr\u00f3bki mi\u0119sa w hermetycznych opakowaniach, poprawiaj\u0105c jego jako\u015b\u0107 i trwa\u0142o\u015b\u0107. Dzia\u0142anie Po zapakowaniu mi\u0119so trafia na ta\u015bm\u0119, gdzie poddawane jest dzia\u0142aniu pola magnetycznego (do 0,6 T). Proces ten: Sterowanie Panel sterowniczy umo\u017cliwia regulacj\u0119 pr\u0119dko\u015bci ta\u015bmy, wysoko\u015bci p\u0142yt magnetycznych i optymalizacj\u0119 procesu. Zalety Technologia pasteryzacji z pulsuj\u0105cym polem magnetycznym znajduje zastosowanie w przemy\u015ble spo\u017cywczym, zapewniaj\u0105c &hellip; <\/p>\n","protected":false},"author":5,"featured_media":0,"parent":0,"menu_order":0,"comment_status":"closed","ping_status":"closed","template":"","meta":{"_eb_attr":"","ngg_post_thumbnail":0,"footnotes":""},"class_list":["post-2640","page","type-page","status-publish","hentry"],"_links":{"self":[{"href":"https:\/\/www.promistech.pl\/index.php?rest_route=\/wp\/v2\/pages\/2640","targetHints":{"allow":["GET"]}}],"collection":[{"href":"https:\/\/www.promistech.pl\/index.php?rest_route=\/wp\/v2\/pages"}],"about":[{"href":"https:\/\/www.promistech.pl\/index.php?rest_route=\/wp\/v2\/types\/page"}],"author":[{"embeddable":true,"href":"https:\/\/www.promistech.pl\/index.php?rest_route=\/wp\/v2\/users\/5"}],"replies":[{"embeddable":true,"href":"https:\/\/www.promistech.pl\/index.php?rest_route=%2Fwp%2Fv2%2Fcomments&post=2640"}],"version-history":[{"count":26,"href":"https:\/\/www.promistech.pl\/index.php?rest_route=\/wp\/v2\/pages\/2640\/revisions"}],"predecessor-version":[{"id":2690,"href":"https:\/\/www.promistech.pl\/index.php?rest_route=\/wp\/v2\/pages\/2640\/revisions\/2690"}],"wp:attachment":[{"href":"https:\/\/www.promistech.pl\/index.php?rest_route=%2Fwp%2Fv2%2Fmedia&parent=2640"}],"curies":[{"name":"wp","href":"https:\/\/api.w.org\/{rel}","templated":true}]}}