{"id":2659,"date":"2025-03-20T11:34:49","date_gmt":"2025-03-20T11:34:49","guid":{"rendered":"https:\/\/www.promistech.pl\/?page_id=2659"},"modified":"2025-03-20T13:01:00","modified_gmt":"2025-03-20T13:01:00","slug":"pasteryzator-plazmowy","status":"publish","type":"page","link":"https:\/\/www.promistech.pl\/?page_id=2659","title":{"rendered":"Pasteryzator plazmowy"},"content":{"rendered":"\n<p>Urz\u0105dzenie wykorzystuje Plazm\u0119 Koronow\u0105 i Barierow\u0105 do dekontaminacji mi\u0119sa, eliminuj\u0105c drobnoustroje i wyd\u0142u\u017caj\u0105c jego trwa\u0142o\u015b\u0107 bez wp\u0142ywu na struktur\u0119 produktu.<\/p>\n\n\n\n<p class=\"has-text-align-center\"><strong><strong>Dzia\u0142anie<\/strong><\/strong><\/p>\n\n\n\n<p>Mi\u0119so na ta\u015bmie przechodzi przez 8 generator\u00f3w plazmowych, kt\u00f3re wytwarzaj\u0105 aktywne cz\u0105stki skutecznie oczyszczaj\u0105ce powierzchni\u0119. Czujniki steruj\u0105 ruchem tacek, zapewniaj\u0105c p\u0142ynny proces.<\/p>\n\n\n\n<div class=\"wp-block-columns is-layout-flex wp-container-core-columns-is-layout-9d6595d7 wp-block-columns-is-layout-flex\">\n<div class=\"wp-block-column is-layout-flow wp-block-column-is-layout-flow\">\n<p class=\"has-text-align-center\"><strong>Tryby pracy<\/strong><\/p>\n\n\n\n<ul class=\"wp-block-list\">\n<li><strong>Automatyczny<\/strong> \u2013 kontrola mocy, wysoko\u015bci g\u0142owic i pr\u0119dko\u015bci ta\u015bmy.<\/li>\n\n\n\n<li><strong>R\u0119czny<\/strong> \u2013 r\u0119czne ustawienie parametr\u00f3w dla precyzyjnej dekontaminacji.<\/li>\n<\/ul>\n\n\n\n<p class=\"has-text-align-center\"><strong>Bezpiecze\u0144stwo i higiena<\/strong><\/p>\n\n\n\n<p>System mycia blokuje g\u0142owice plazmowe i umo\u017cliwia \u0142atwy dost\u0119p do element\u00f3w wewn\u0119trznych.<\/p>\n\n\n\n<p>Plazmowa dekontaminacja to ekologiczna alternatywa dla chemicznych metod konserwacji, poprawiaj\u0105ca bezpiecze\u0144stwo \u017cywno\u015bci.<\/p>\n<\/div>\n\n\n\n<div class=\"wp-block-column is-layout-flow wp-block-column-is-layout-flow\">\n<p class=\"has-text-align-center\"><strong>Galeria<\/strong><\/p>\n\n\n\nngg_shortcode_0_placeholder\n<\/div>\n<\/div>\n\n\n\n<div class=\"wp-block-columns is-layout-flex wp-container-core-columns-is-layout-9d6595d7 wp-block-columns-is-layout-flex\">\n<div class=\"wp-block-column is-layout-flow wp-block-column-is-layout-flow\" style=\"flex-basis:25%\">\n<div class=\"wp-block-buttons is-layout-flex wp-block-buttons-is-layout-flex\">\n<div class=\"wp-block-button\"><a class=\"wp-block-button__link wp-element-button\" href=\"https:\/\/www.promistech.pl\/?page_id=2640\">Poprzednie<\/a><\/div>\n<\/div>\n<\/div>\n\n\n\n<div class=\"wp-block-column is-vertically-aligned-center is-layout-flow wp-block-column-is-layout-flow\" style=\"flex-basis:50%\">\n<div class=\"wp-block-buttons is-content-justification-center is-layout-flex wp-container-core-buttons-is-layout-5e6b19ed wp-block-buttons-is-layout-flex\">\n<div class=\"wp-block-button\"><a class=\"wp-block-button__link wp-element-button\" href=\"http:\/\/www.promistech.pl\/?page_id=20\">Urz\u0105dzenia przemys\u0142owe<\/a><\/div>\n<\/div>\n<\/div>\n\n\n\n<div class=\"wp-block-column is-layout-flow wp-block-column-is-layout-flow\" style=\"flex-basis:25%\">\n<div class=\"wp-block-buttons is-content-justification-right is-layout-flex wp-container-core-buttons-is-layout-765c4724 wp-block-buttons-is-layout-flex\">\n<div class=\"wp-block-button\"><a class=\"wp-block-button__link wp-element-button\" href=\"https:\/\/www.promistech.pl\/?page_id=1348\">Nast\u0119pne<\/a><\/div>\n<\/div>\n<\/div>\n<\/div>\n\n\n\n<p><\/p>\n","protected":false},"excerpt":{"rendered":"<p>Urz\u0105dzenie wykorzystuje Plazm\u0119 Koronow\u0105 i Barierow\u0105 do dekontaminacji mi\u0119sa, eliminuj\u0105c drobnoustroje i wyd\u0142u\u017caj\u0105c jego trwa\u0142o\u015b\u0107 bez wp\u0142ywu na struktur\u0119 produktu. Dzia\u0142anie Mi\u0119so na ta\u015bmie przechodzi przez 8 generator\u00f3w plazmowych, kt\u00f3re wytwarzaj\u0105 aktywne cz\u0105stki skutecznie oczyszczaj\u0105ce powierzchni\u0119. Czujniki steruj\u0105 ruchem tacek, zapewniaj\u0105c p\u0142ynny proces. Tryby pracy Bezpiecze\u0144stwo i higiena System mycia blokuje g\u0142owice plazmowe i umo\u017cliwia \u0142atwy dost\u0119p do element\u00f3w wewn\u0119trznych. &hellip; <\/p>\n","protected":false},"author":5,"featured_media":0,"parent":0,"menu_order":0,"comment_status":"closed","ping_status":"closed","template":"","meta":{"_eb_attr":"","ngg_post_thumbnail":0,"footnotes":""},"class_list":["post-2659","page","type-page","status-publish","hentry"],"_links":{"self":[{"href":"https:\/\/www.promistech.pl\/index.php?rest_route=\/wp\/v2\/pages\/2659","targetHints":{"allow":["GET"]}}],"collection":[{"href":"https:\/\/www.promistech.pl\/index.php?rest_route=\/wp\/v2\/pages"}],"about":[{"href":"https:\/\/www.promistech.pl\/index.php?rest_route=\/wp\/v2\/types\/page"}],"author":[{"embeddable":true,"href":"https:\/\/www.promistech.pl\/index.php?rest_route=\/wp\/v2\/users\/5"}],"replies":[{"embeddable":true,"href":"https:\/\/www.promistech.pl\/index.php?rest_route=%2Fwp%2Fv2%2Fcomments&post=2659"}],"version-history":[{"count":5,"href":"https:\/\/www.promistech.pl\/index.php?rest_route=\/wp\/v2\/pages\/2659\/revisions"}],"predecessor-version":[{"id":2689,"href":"https:\/\/www.promistech.pl\/index.php?rest_route=\/wp\/v2\/pages\/2659\/revisions\/2689"}],"wp:attachment":[{"href":"https:\/\/www.promistech.pl\/index.php?rest_route=%2Fwp%2Fv2%2Fmedia&parent=2659"}],"curies":[{"name":"wp","href":"https:\/\/api.w.org\/{rel}","templated":true}]}}