{"id":883,"date":"2022-12-29T09:29:37","date_gmt":"2022-12-29T09:29:37","guid":{"rendered":"http:\/\/www.promistech.pl\/?page_id=883"},"modified":"2024-05-21T12:35:33","modified_gmt":"2024-05-21T12:35:33","slug":"nasze-laboratorium","status":"publish","type":"page","link":"https:\/\/www.promistech.pl\/?page_id=883","title":{"rendered":"Nasze Laboratorium"},"content":{"rendered":"\n<p class=\"has-text-align-center\"><strong>W naszym laboratorium posiadamy urz\u0105dzenia w skali laboratoryjnej, na kt\u00f3rych g\u0142\u00f3wnie przeprowadzamy testy:<\/strong><\/p>\n\n\n\n<div class=\"wp-block-columns are-vertically-aligned-center is-layout-flex wp-container-core-columns-is-layout-9d6595d7 wp-block-columns-is-layout-flex\">\n<div class=\"wp-block-column is-vertically-aligned-center is-layout-flow wp-block-column-is-layout-flow\">\n<p class=\"has-text-align-center\"><strong>Testy suszarnicze<\/strong><\/p>\n<\/div>\n\n\n\n<div class=\"wp-block-column is-vertically-aligned-center is-layout-flow wp-block-column-is-layout-flow\">\n<p class=\"has-text-align-center\"><strong>Testy pasteryzacji termicznej i zimnej<\/strong><\/p>\n<\/div>\n\n\n\n<div class=\"wp-block-column is-vertically-aligned-center is-layout-flow wp-block-column-is-layout-flow\">\n<p class=\"has-text-align-center\"><strong>Testy utwardzania i formowania materia\u0142\u00f3w specjalistycznych<\/strong><\/p>\n<\/div>\n<\/div>\n\n\n\n<p class=\"has-text-align-center\"><strong>Przeprowadzamy testy na:<\/strong><\/p>\n\n\n\n<div class=\"wp-block-columns is-layout-flex wp-container-core-columns-is-layout-9d6595d7 wp-block-columns-is-layout-flex\">\n<div class=\"wp-block-column is-vertically-aligned-center is-layout-flow wp-block-column-is-layout-flow\">\n<p class=\"has-text-align-center\"><strong>Surowcach ro\u015blinnych<\/strong><\/p>\n\n\n\n<p class=\"has-text-align-center\"><strong>Gotowych produktach spo\u017cywczych<\/strong><\/p>\n<\/div>\n\n\n\n<div class=\"wp-block-column is-vertically-aligned-center is-layout-flow wp-block-column-is-layout-flow\">\n<p class=\"has-text-align-center\"><strong><strong>Surowcach biologicznych<\/strong><\/strong><\/p>\n\n\n\n<p class=\"has-text-align-center\"><strong>Tworzywach i kompozytach<\/strong><\/p>\n<\/div>\n\n\n\n<div class=\"wp-block-column is-vertically-aligned-center is-layout-flow wp-block-column-is-layout-flow\">\n<p class=\"has-text-align-center\"><strong><strong>Surowcach zwierz\u0119cych<\/strong><\/strong><\/p>\n\n\n\n<p class=\"has-text-align-center\"><strong>Odpadach<\/strong><\/p>\n<\/div>\n<\/div>\n\n\n\n<div class=\"wp-block-group\"><div class=\"wp-block-group__inner-container is-layout-constrained wp-block-group-is-layout-constrained\">\n<p class=\"has-text-align-center\">Przeprowadzanie test\u00f3w pozwala nam znale\u017a\u0107 najkorzystniejsze parametry procesowe dla danej grupy produkt\u00f3w w zale\u017cno\u015bci od zastosowanego procesu.<\/p>\n\n\n\n<p class=\"has-text-align-center\"><strong><a href=\"https:\/\/www.promistech.pl\/?page_id=11\" data-type=\"page\" data-id=\"11\">Je\u015bli masz pytania dotycz\u0105ce potencja\u0142u Twoich produkt\u00f3w lub optymalizacji proces\u00f3w suszarniczych w Twojej firmie \u2013 zadzwo\u0144 do nas.<\/a><\/strong><\/p>\n<\/div><\/div>\n","protected":false},"excerpt":{"rendered":"<p>W naszym laboratorium posiadamy urz\u0105dzenia w skali laboratoryjnej, na kt\u00f3rych g\u0142\u00f3wnie przeprowadzamy testy: Testy suszarnicze Testy pasteryzacji termicznej i zimnej Testy utwardzania i formowania materia\u0142\u00f3w specjalistycznych Przeprowadzamy testy na: Surowcach ro\u015blinnych Gotowych produktach spo\u017cywczych Surowcach biologicznych Tworzywach i kompozytach Surowcach zwierz\u0119cych Odpadach Przeprowadzanie test\u00f3w pozwala nam znale\u017a\u0107 najkorzystniejsze parametry procesowe dla danej grupy produkt\u00f3w w zale\u017cno\u015bci od zastosowanego procesu. Je\u015bli &hellip; <\/p>\n","protected":false},"author":3,"featured_media":0,"parent":0,"menu_order":0,"comment_status":"closed","ping_status":"closed","template":"","meta":{"_eb_attr":"","ngg_post_thumbnail":0,"footnotes":""},"class_list":["post-883","page","type-page","status-publish","hentry"],"_links":{"self":[{"href":"https:\/\/www.promistech.pl\/index.php?rest_route=\/wp\/v2\/pages\/883","targetHints":{"allow":["GET"]}}],"collection":[{"href":"https:\/\/www.promistech.pl\/index.php?rest_route=\/wp\/v2\/pages"}],"about":[{"href":"https:\/\/www.promistech.pl\/index.php?rest_route=\/wp\/v2\/types\/page"}],"author":[{"embeddable":true,"href":"https:\/\/www.promistech.pl\/index.php?rest_route=\/wp\/v2\/users\/3"}],"replies":[{"embeddable":true,"href":"https:\/\/www.promistech.pl\/index.php?rest_route=%2Fwp%2Fv2%2Fcomments&post=883"}],"version-history":[{"count":16,"href":"https:\/\/www.promistech.pl\/index.php?rest_route=\/wp\/v2\/pages\/883\/revisions"}],"predecessor-version":[{"id":2511,"href":"https:\/\/www.promistech.pl\/index.php?rest_route=\/wp\/v2\/pages\/883\/revisions\/2511"}],"wp:attachment":[{"href":"https:\/\/www.promistech.pl\/index.php?rest_route=%2Fwp%2Fv2%2Fmedia&parent=883"}],"curies":[{"name":"wp","href":"https:\/\/api.w.org\/{rel}","templated":true}]}}