{"id":885,"date":"2022-12-29T09:29:56","date_gmt":"2022-12-29T09:29:56","guid":{"rendered":"http:\/\/www.promistech.pl\/?page_id=885"},"modified":"2024-08-20T10:47:19","modified_gmt":"2024-08-20T10:47:19","slug":"pozostale-realizacje","status":"publish","type":"page","link":"https:\/\/www.promistech.pl\/?page_id=885","title":{"rendered":"Pozosta\u0142e Realizacje"},"content":{"rendered":"\n<p>Nasze Firma dostaje r\u00f3wnie\u017c niestandardowe zam\u00f3wienia na urz\u0105dzenia, kt\u00f3re przedstawiono poni\u017cej:<\/p>\n\n\n\n<div class=\"wp-block-columns is-layout-flex wp-container-core-columns-is-layout-9d6595d7 wp-block-columns-is-layout-flex\">\n<div class=\"wp-block-column is-layout-flow wp-block-column-is-layout-flow\">\n<div class=\"wp-block-essential-blocks-button\"><div class=\"eb-parent-wrapper eb-parent-eb-button-7a4q9 eb_animation eb___animated eb___zoomIn\"><div class=\"eb-button-wrapper eb-button-alignment eb-button-7a4q9\"><div class=\"eb-button\"><a class=\"eb-button-anchor hvr-grow\" href=\"\" rel=\"noopener\">Mikrofalowy reaktor plazmowy do oczyszczania gaz\u00f3w<\/a><\/div><\/div><\/div><\/div>\n<\/div>\n\n\n\n<div class=\"wp-block-column is-layout-flow wp-block-column-is-layout-flow\">\n<div class=\"wp-block-essential-blocks-button\"><div class=\"eb-parent-wrapper eb-parent-eb-button-7rge9 eb_animation eb___animated eb___zoomIn\"><div class=\"eb-button-wrapper eb-button-alignment eb-button-7rge9\"><div class=\"eb-button\"><a class=\"eb-button-anchor hvr-grow\" href=\"\" rel=\"noopener\">Estryfikator mikrofalowy<\/a><\/div><\/div><\/div><\/div>\n<\/div>\n\n\n\n<div class=\"wp-block-column is-layout-flow wp-block-column-is-layout-flow\">\n<div class=\"wp-block-essential-blocks-button\"><div class=\"eb-parent-wrapper eb-parent-eb-button-n6aae eb_animation eb___animated eb___zoomIn\"><div class=\"eb-button-wrapper eb-button-alignment eb-button-n6aae\"><div class=\"eb-button\"><a class=\"eb-button-anchor hvr-grow\" href=\"\" rel=\"noopener\">Mikrofalowy podgrzewacz do mortadeli<\/a><\/div><\/div><\/div><\/div>\n<\/div>\n<\/div>\n\n\n\n<div class=\"wp-block-columns is-layout-flex wp-container-core-columns-is-layout-9d6595d7 wp-block-columns-is-layout-flex\">\n<div class=\"wp-block-column is-layout-flow wp-block-column-is-layout-flow\">\n<div class=\"wp-block-essential-blocks-button\"><div class=\"eb-parent-wrapper eb-parent-eb-button-w854q eb_animation eb___animated eb___zoomIn\"><div class=\"eb-button-wrapper eb-button-alignment eb-button-w854q\"><div class=\"eb-button\"><a class=\"eb-button-anchor hvr-grow\" href=\"\" rel=\"noopener\">Mikrofalowe urz\u0105dzenie do utwardzania przyn\u0119ty dla ryb<\/a><\/div><\/div><\/div><\/div>\n<\/div>\n\n\n\n<div class=\"wp-block-column is-layout-flow wp-block-column-is-layout-flow\">\n<div class=\"wp-block-essential-blocks-button\"><div class=\"eb-parent-wrapper eb-parent-eb-button-lny2n eb_animation eb___animated eb___zoomIn\"><div class=\"eb-button-wrapper eb-button-alignment eb-button-lny2n\"><div class=\"eb-button\"><a class=\"eb-button-anchor hvr-grow\" href=\"\" rel=\"noopener\">Mikrofalowe urz\u0105dzenie do sterylizacji i podgrzewania pulpy owocowej<\/a><\/div><\/div><\/div><\/div>\n<\/div>\n<\/div>\n","protected":false},"excerpt":{"rendered":"<p>Nasze Firma dostaje r\u00f3wnie\u017c niestandardowe zam\u00f3wienia na urz\u0105dzenia, kt\u00f3re przedstawiono poni\u017cej:<\/p>\n","protected":false},"author":3,"featured_media":0,"parent":0,"menu_order":0,"comment_status":"closed","ping_status":"closed","template":"","meta":{"_eb_attr":"","ngg_post_thumbnail":0,"footnotes":""},"class_list":["post-885","page","type-page","status-publish","hentry"],"_links":{"self":[{"href":"https:\/\/www.promistech.pl\/index.php?rest_route=\/wp\/v2\/pages\/885","targetHints":{"allow":["GET"]}}],"collection":[{"href":"https:\/\/www.promistech.pl\/index.php?rest_route=\/wp\/v2\/pages"}],"about":[{"href":"https:\/\/www.promistech.pl\/index.php?rest_route=\/wp\/v2\/types\/page"}],"author":[{"embeddable":true,"href":"https:\/\/www.promistech.pl\/index.php?rest_route=\/wp\/v2\/users\/3"}],"replies":[{"embeddable":true,"href":"https:\/\/www.promistech.pl\/index.php?rest_route=%2Fwp%2Fv2%2Fcomments&post=885"}],"version-history":[{"count":10,"href":"https:\/\/www.promistech.pl\/index.php?rest_route=\/wp\/v2\/pages\/885\/revisions"}],"predecessor-version":[{"id":2588,"href":"https:\/\/www.promistech.pl\/index.php?rest_route=\/wp\/v2\/pages\/885\/revisions\/2588"}],"wp:attachment":[{"href":"https:\/\/www.promistech.pl\/index.php?rest_route=%2Fwp%2Fv2%2Fmedia&parent=885"}],"curies":[{"name":"wp","href":"https:\/\/api.w.org\/{rel}","templated":true}]}}